{"id":60875,"date":"2026-02-01T18:30:13","date_gmt":"2026-02-01T21:30:13","guid":{"rendered":"https:\/\/rms-enlinea.com.ar\/tienda\/producto\/sistema-dj-profesional-pioneer-xdj-rx3-todo-en-uno\/"},"modified":"2026-03-28T12:10:49","modified_gmt":"2026-03-28T15:10:49","slug":"sistema-dj-profesional-pioneer-xdj-rx3-todo-en-uno","status":"publish","type":"product","link":"https:\/\/rms-enlinea.com.ar\/tienda\/producto\/sistema-dj-profesional-pioneer-xdj-rx3-todo-en-uno\/","title":{"rendered":"Sistema Dj Profesional Pioneer Xdj-rx3 Todo En Uno"},"content":{"rendered":"<p>CARACTER\u00cdSTICAS PRINCIPALES<\/p>\n<p>Pantalla t\u00e1ctil de 10.1 pulgadas con nueva interfaz<br \/>\nLa pantalla t\u00e1ctil de 10.1 pulgadas es la m\u00e1s grande que jam\u00e1s haya tenido un sistema \u00abtodo en uno\u00bb de Pioneer DJ. Cuenta con gran resoluci\u00f3n y velocidad de imagen para que puedas ver todo con claridad, incluida la forma de onda suave. Adem\u00e1s, el nuevo dise\u00f1o de su interfaz gr\u00e1fica de usuario y una serie de nuevas funciones te permitir\u00e1n disfrutar de una navegaci\u00f3n m\u00e1s sencilla para explorar con rapidez y mezclar con precisi\u00f3n. Por ejemplo, puedes tocar cualquiera de los iconos apilados en la parte izquierda de la pantalla para que aparezca al instante la informaci\u00f3n correspondiente a cada pista.<\/p>\n<p>Release FX: Inyecta nueva energ\u00eda a tu performance<br \/>\nAl pulsar los Performance Pads en el modo Release FX, puedes cambiar instant\u00e1neamente la energ\u00eda de tu mezcla, tanto si quieres a\u00f1adir dramatismo a una secci\u00f3n de una pista como crear un momento emocionante antes de la transici\u00f3n a otra canci\u00f3n en el otro deck. Elige entre 8 tipos de efectos: Vinyl Brake (corto\/largo), Backspin (corto\/largo), Echo Out, Build Up, Mute y Ducking.<\/p>\n<p>Pantalla On Jog en color: Obt\u00e9n una comprensi\u00f3n visual de la informaci\u00f3n de la pista<br \/>\nLa pantalla LCD situada en el centro de cada rueda jog indica la posici\u00f3n del cabezal de reproducci\u00f3n y puedes elegir que se muestren ilustraciones para tener un r\u00e1pido recordatorio visual de la pista que est\u00e1 cargada en el deck. La capacidad de respuesta de la rotaci\u00f3n de la rueda jog se ha mejorado significativamente en comparaci\u00f3n con el XDJ-RX2 y puedes hacer que el &#8220;peso&#8221; de cada jog se sienta justo como te gusta con el control Feeling Adjust (Ajuste de sensaci\u00f3n).<\/p>\n<p>M\u00e1s efectos Beat FX y Sound Color FX<br \/>\nEl XDJ-RX3 incluye todos los efectos del XDJ-RX2 m\u00e1s 6 Beat FX y 2 Sound Color FX adicionales. De este modo, puedes jugar con toda la gama de efectos de la DJM-900NXS2: 14 Beat FX incluyendo Ping Pong, Filter, Phaser, Slip Roll, Vinyl Brake y Helix; y 6 Sound Color FX incluyendo Space y Crush.<\/p>\n","protected":false},"excerpt":{"rendered":"<p>CARACTER\u00cdSTICAS PRINCIPALES Pantalla t\u00e1ctil de 10.1 pulgadas con nueva interfaz La pantalla t\u00e1ctil de 10.1 pulgadas es la m\u00e1s grande que jam\u00e1s haya tenido un sistema \u00abtodo en uno\u00bb de Pioneer DJ. Cuenta con gran resoluci\u00f3n y velocidad de imagen para que puedas ver todo con claridad, incluida la forma de onda suave. Adem\u00e1s, el [&hellip;]<\/p>\n","protected":false},"featured_media":60876,"comment_status":"open","ping_status":"closed","template":"","meta":{"_uag_custom_page_level_css":""},"product_brand":[669],"product_cat":[60,15],"product_tag":[],"class_list":{"0":"post-60875","1":"product","2":"type-product","3":"status-publish","4":"has-post-thumbnail","6":"product_brand-pionner-dj","7":"product_cat-controladores","8":"product_cat-sin-categorizar","10":"first","11":"outofstock","12":"sale","13":"taxable","14":"shipping-taxable","15":"purchasable","16":"product-type-simple"},"uagb_featured_image_src":{"full":["https:\/\/rms-enlinea.com.ar\/wp-content\/uploads\/2026\/02\/D_986658-MLA99458185190_112025-F.jpg",1200,521,false],"thumbnail":["https:\/\/rms-enlinea.com.ar\/wp-content\/uploads\/2026\/02\/D_986658-MLA99458185190_112025-F-150x150.jpg",150,150,true],"medium":["https:\/\/rms-enlinea.com.ar\/wp-content\/uploads\/2026\/02\/D_986658-MLA99458185190_112025-F-300x130.jpg",300,130,true],"medium_large":["https:\/\/rms-enlinea.com.ar\/wp-content\/uploads\/2026\/02\/D_986658-MLA99458185190_112025-F-768x333.jpg",768,333,true],"large":["https:\/\/rms-enlinea.com.ar\/wp-content\/uploads\/2026\/02\/D_986658-MLA99458185190_112025-F-1024x445.jpg",1024,445,true],"1536x1536":["https:\/\/rms-enlinea.com.ar\/wp-content\/uploads\/2026\/02\/D_986658-MLA99458185190_112025-F.jpg",1200,521,false],"2048x2048":["https:\/\/rms-enlinea.com.ar\/wp-content\/uploads\/2026\/02\/D_986658-MLA99458185190_112025-F.jpg",1200,521,false],"woocommerce_thumbnail":["https:\/\/rms-enlinea.com.ar\/wp-content\/uploads\/2026\/02\/D_986658-MLA99458185190_112025-F-450x450.jpg",450,450,true],"woocommerce_single":["https:\/\/rms-enlinea.com.ar\/wp-content\/uploads\/2026\/02\/D_986658-MLA99458185190_112025-F-600x261.jpg",600,261,true],"woocommerce_gallery_thumbnail":["https:\/\/rms-enlinea.com.ar\/wp-content\/uploads\/2026\/02\/D_986658-MLA99458185190_112025-F-100x100.jpg",100,100,true]},"uagb_author_info":{"display_name":"nelson","author_link":"https:\/\/rms-enlinea.com.ar\/tienda\/author\/"},"uagb_comment_info":0,"uagb_excerpt":"CARACTER\u00cdSTICAS PRINCIPALES Pantalla t\u00e1ctil de 10.1 pulgadas con nueva interfaz La pantalla t\u00e1ctil de 10.1 pulgadas es la m\u00e1s grande que jam\u00e1s haya tenido un sistema \u00abtodo en uno\u00bb de Pioneer DJ. Cuenta con gran resoluci\u00f3n y velocidad de imagen para que puedas ver todo con claridad, incluida la forma de onda suave. Adem\u00e1s, el&hellip;","_links":{"self":[{"href":"https:\/\/rms-enlinea.com.ar\/tienda\/wp-json\/wp\/v2\/product\/60875","targetHints":{"allow":["GET"]}}],"collection":[{"href":"https:\/\/rms-enlinea.com.ar\/tienda\/wp-json\/wp\/v2\/product"}],"about":[{"href":"https:\/\/rms-enlinea.com.ar\/tienda\/wp-json\/wp\/v2\/types\/product"}],"replies":[{"embeddable":true,"href":"https:\/\/rms-enlinea.com.ar\/tienda\/wp-json\/wp\/v2\/comments?post=60875"}],"wp:featuredmedia":[{"embeddable":true,"href":"https:\/\/rms-enlinea.com.ar\/tienda\/wp-json\/wp\/v2\/media\/60876"}],"wp:attachment":[{"href":"https:\/\/rms-enlinea.com.ar\/tienda\/wp-json\/wp\/v2\/media?parent=60875"}],"wp:term":[{"taxonomy":"product_brand","embeddable":true,"href":"https:\/\/rms-enlinea.com.ar\/tienda\/wp-json\/wp\/v2\/product_brand?post=60875"},{"taxonomy":"product_cat","embeddable":true,"href":"https:\/\/rms-enlinea.com.ar\/tienda\/wp-json\/wp\/v2\/product_cat?post=60875"},{"taxonomy":"product_tag","embeddable":true,"href":"https:\/\/rms-enlinea.com.ar\/tienda\/wp-json\/wp\/v2\/product_tag?post=60875"}],"curies":[{"name":"wp","href":"https:\/\/api.w.org\/{rel}","templated":true}]}}