{"id":60880,"date":"2026-02-01T18:40:31","date_gmt":"2026-02-01T21:40:31","guid":{"rendered":"https:\/\/rms-enlinea.com.ar\/tienda\/producto\/bafle-activo-12-pulgadas-800w-rms-131db-dsp-pioneer-xprs122\/"},"modified":"2026-04-02T19:16:04","modified_gmt":"2026-04-02T22:16:04","slug":"bafle-activo-12-pulgadas-800w-rms-131db-dsp-pioneer-xprs122","status":"publish","type":"product","link":"https:\/\/rms-enlinea.com.ar\/tienda\/producto\/bafle-activo-12-pulgadas-800w-rms-131db-dsp-pioneer-xprs122\/","title":{"rendered":"Bafle Activo 12 Pulgadas 800w Rms 131db Dsp Pioneer Xprs122"},"content":{"rendered":"<p>CARACTER\u00cdSTICAS PRINCIPALES<br \/>xprs2 series key feature 1<br \/>Potente amplificaci\u00f3n de clase D<\/p>\n<p>La serie XPRS2 emplea amplificaci\u00f3n de clase D con un alto vataje de salida para ofrecer una experiencia sonora potente y de primer nivel tanto a los artistas como a los oyentes. Los altavoces de rango completo XPRS102 y XPRS122 cuentan con amplificaci\u00f3n de clase D de 2000 W, mientras que los subwoofers XPRS1152S y XPRS1182S ofrecen amplificaci\u00f3n de clase D de 4000 W.<\/p>\n<p>xprs2 series key feature 2<br \/>Construcci\u00f3n robusta y de alta calidad<\/p>\n<p>La nueva serie XPRS2 de Pioneer DJ cuenta con una elegante carcasa protectora de madera comprimida totalmente negra para performances en entornos exteriores e interiores dif\u00edciles. Todos los modelos de la serie cuentan con un asa resistente para facilitar el transporte y la manipulaci\u00f3n del sistema durante la instalaci\u00f3n y el desmontaje. La serie XPRS2 tambi\u00e9n incorpora patas de goma para crear separaci\u00f3n y absorci\u00f3n de impactos entre superficies.<\/p>\n<p>xprs2 series key feature 3<br \/>Cuatro modos de DSP<\/p>\n<p>Los dos altavoces de rango completo XPRS2 incluyen cuatro modos de DSP preestablecidos diferentes \u2013Live (en vivo), Music (m\u00fasica), Speech (locuci\u00f3n) y Studio Monitoring (monitoreo de estudio)\u2013 para responder a las necesidades de los distintos entornos de escucha.<\/p>\n<p>xprs2 series key feature 9<br \/>16 modos DSP de usuario personalizables<\/p>\n<p>Adem\u00e1s de los cuatro preajustes, cada altavoz full-range XPRS2 incluye 16 modos DSP de usuario personalizados, que se pueden guardar con diferentes nombres, para garantizar que la configuraci\u00f3n de ecualizaci\u00f3n se maximice para cada escenario.<\/p>\n<p>xprs2 series key feature 5<br \/>Dise\u00f1o de altavoz de rango completo<br \/>El XPRS122 es el altavoz de rango completo m\u00e1s grande de la serie XPRS2 de Pioneer DJ. Con un woofer de 12&#8243; y una bobina de voz de 3&#8243;, y un transductor de compresi\u00f3n de salida de 1&#8243; y una bobina voz de 1.75&#8243;, los altavoces ofrecen una cobertura sonora completa para audiencias y recintos medianos y grandes. Al contar con una respuesta en frecuencia de 48 Hz a 20 kHz y un SPL m\u00e1ximo de 131 dB, este vers\u00e1til altavoz de rango completo ofrece un sonido potente dise\u00f1ado para prosperar incluso en los entornos sonoros m\u00e1s duros, como un set de DJ en vivo.<\/p>\n","protected":false},"excerpt":{"rendered":"<p>CARACTER\u00cdSTICAS PRINCIPALESxprs2 series key feature 1Potente amplificaci\u00f3n de clase D La serie XPRS2 emplea amplificaci\u00f3n de clase D con un alto vataje de salida para ofrecer una experiencia sonora potente y de primer nivel tanto a los artistas como a los oyentes. Los altavoces de rango completo XPRS102 y XPRS122 cuentan con amplificaci\u00f3n de clase [&hellip;]<\/p>\n","protected":false},"featured_media":60881,"comment_status":"open","ping_status":"closed","template":"","meta":{"_uag_custom_page_level_css":""},"product_brand":[662],"product_cat":[36,15],"product_tag":[],"class_list":{"0":"post-60880","1":"product","2":"type-product","3":"status-publish","4":"has-post-thumbnail","6":"product_brand-xp-audio","7":"product_cat-bafles","8":"product_cat-sin-categorizar","10":"first","11":"outofstock","12":"sale","13":"taxable","14":"shipping-taxable","15":"purchasable","16":"product-type-simple"},"uagb_featured_image_src":{"full":["https:\/\/rms-enlinea.com.ar\/wp-content\/uploads\/2026\/02\/D_803890-MLA99442296152_112025-F.jpg",494,883,false],"thumbnail":["https:\/\/rms-enlinea.com.ar\/wp-content\/uploads\/2026\/02\/D_803890-MLA99442296152_112025-F-150x150.jpg",150,150,true],"medium":["https:\/\/rms-enlinea.com.ar\/wp-content\/uploads\/2026\/02\/D_803890-MLA99442296152_112025-F-168x300.jpg",168,300,true],"medium_large":["https:\/\/rms-enlinea.com.ar\/wp-content\/uploads\/2026\/02\/D_803890-MLA99442296152_112025-F.jpg",494,883,false],"large":["https:\/\/rms-enlinea.com.ar\/wp-content\/uploads\/2026\/02\/D_803890-MLA99442296152_112025-F.jpg",494,883,false],"1536x1536":["https:\/\/rms-enlinea.com.ar\/wp-content\/uploads\/2026\/02\/D_803890-MLA99442296152_112025-F.jpg",494,883,false],"2048x2048":["https:\/\/rms-enlinea.com.ar\/wp-content\/uploads\/2026\/02\/D_803890-MLA99442296152_112025-F.jpg",494,883,false],"woocommerce_thumbnail":["https:\/\/rms-enlinea.com.ar\/wp-content\/uploads\/2026\/02\/D_803890-MLA99442296152_112025-F-450x450.jpg",450,450,true],"woocommerce_single":["https:\/\/rms-enlinea.com.ar\/wp-content\/uploads\/2026\/02\/D_803890-MLA99442296152_112025-F.jpg",494,883,false],"woocommerce_gallery_thumbnail":["https:\/\/rms-enlinea.com.ar\/wp-content\/uploads\/2026\/02\/D_803890-MLA99442296152_112025-F-100x100.jpg",100,100,true]},"uagb_author_info":{"display_name":"nelson","author_link":"https:\/\/rms-enlinea.com.ar\/tienda\/author\/"},"uagb_comment_info":0,"uagb_excerpt":"CARACTER\u00cdSTICAS PRINCIPALESxprs2 series key feature 1Potente amplificaci\u00f3n de clase D La serie XPRS2 emplea amplificaci\u00f3n de clase D con un alto vataje de salida para ofrecer una experiencia sonora potente y de primer nivel tanto a los artistas como a los oyentes. Los altavoces de rango completo XPRS102 y XPRS122 cuentan con amplificaci\u00f3n de clase&hellip;","_links":{"self":[{"href":"https:\/\/rms-enlinea.com.ar\/tienda\/wp-json\/wp\/v2\/product\/60880","targetHints":{"allow":["GET"]}}],"collection":[{"href":"https:\/\/rms-enlinea.com.ar\/tienda\/wp-json\/wp\/v2\/product"}],"about":[{"href":"https:\/\/rms-enlinea.com.ar\/tienda\/wp-json\/wp\/v2\/types\/product"}],"replies":[{"embeddable":true,"href":"https:\/\/rms-enlinea.com.ar\/tienda\/wp-json\/wp\/v2\/comments?post=60880"}],"wp:featuredmedia":[{"embeddable":true,"href":"https:\/\/rms-enlinea.com.ar\/tienda\/wp-json\/wp\/v2\/media\/60881"}],"wp:attachment":[{"href":"https:\/\/rms-enlinea.com.ar\/tienda\/wp-json\/wp\/v2\/media?parent=60880"}],"wp:term":[{"taxonomy":"product_brand","embeddable":true,"href":"https:\/\/rms-enlinea.com.ar\/tienda\/wp-json\/wp\/v2\/product_brand?post=60880"},{"taxonomy":"product_cat","embeddable":true,"href":"https:\/\/rms-enlinea.com.ar\/tienda\/wp-json\/wp\/v2\/product_cat?post=60880"},{"taxonomy":"product_tag","embeddable":true,"href":"https:\/\/rms-enlinea.com.ar\/tienda\/wp-json\/wp\/v2\/product_tag?post=60880"}],"curies":[{"name":"wp","href":"https:\/\/api.w.org\/{rel}","templated":true}]}}