{"id":60913,"date":"2026-02-02T13:50:12","date_gmt":"2026-02-02T16:50:12","guid":{"rendered":"https:\/\/rms-enlinea.com.ar\/tienda\/producto\/gamepad-razer-kishi-v3-pro-usb-android-iphone-rz06-05460100\/"},"modified":"2026-04-02T16:34:18","modified_gmt":"2026-04-02T19:34:18","slug":"gamepad-razer-kishi-v3-pro-usb-android-iphone-rz06-05460100","status":"publish","type":"product","link":"https:\/\/rms-enlinea.com.ar\/tienda\/producto\/gamepad-razer-kishi-v3-pro-usb-android-iphone-rz06-05460100\/","title":{"rendered":"Gamepad Razer Kishi V3 Pro Usb Android iPhone Rz06-05460100"},"content":{"rendered":"<p>ORMATO DE CONTROLADOR DE TAMA\u00d1O COMPLETO \u2014 El rendimiento de la consola se combina con la comodidad m\u00f3vil; juega durante per\u00edodos prolongados con total comodidad y control con mangos ergon\u00f3micos m\u00e1s grandes que se sienten m\u00e1s naturales de sostener que los controladores m\u00f3viles est\u00e1ndar<br \/>\nSE ADAPTA A TEL\u00c9FONOS, IPAD MINI Y TABLETAS ANDROID DE HASTA 8&#8243; \u2014 Juega en un tel\u00e9fono o ve a\u00fan m\u00e1s grande; obt\u00e9n una experiencia de visualizaci\u00f3n digna de los mejores juegos AAA con un innovador puente telesc\u00f3pico que se adapta a iPad mini y tabletas Android de hasta 8 pulgadas<br \/>\nPALANCAS DE CONTROL DE PULGAR DE TAMA\u00d1O COMPLETO TMR CON TAPAS INTERCAMBIABLES \u2014 Perfecciona tu punter\u00eda con palancas de control de pulgar de alta precisi\u00f3n y sin desviaci\u00f3n que son superiores a los dise\u00f1os de efecto Hall; personal\u00edzalas para m\u00e1s velocidad o precisi\u00f3n con 2 tapas intercambiables<br \/>\nBOTONES TRASERO DOBLE CLIC DEL RAT\u00d3N Y TOPES DE AGARRE DE GARRAS \u2014 Disfruta de la misma activaci\u00f3n ultra-receptiva que se encuentra en nuestros mejores ratones para juegos con 2 botones traseros integrados en los mangos ergon\u00f3micos del controlador, coronados con 2 tope de agarre de garra para a\u00fan m\u00e1s control<br \/>\nAlimentado por el lanzador de juegos Razer Nexus: inicia juegos, personaliza los controles, graba y comparte el juego, y mant\u00e9n el controlador actualizado con una aplicaci\u00f3n gratuita* que se puede abrir con solo tocar un bot\u00f3n dedicado. (*Razer Nexus no requiere una tarifa\/suscripci\u00f3n, sin embargo, algunas aplicaciones dentro de Razer Nexus s\u00ed)<br \/>\nJUEGO CON CABLE Y REPRODUCCI\u00d3N REMOTA PARA PC \u2014 Convierte el Kishi V3 en un controlador h\u00e1ptico para PC mediante una conexi\u00f3n USB C directa de baja latencia (cable vendido por separado) o reproduce juegos de PC de forma remota desde cualquier lanzador con Razer Nexus y disfruta de juegos AAA en cualquier lugar<br \/>\nCompatibilidad sin precedentes: se adapta a muchas fundas populares de tel\u00e9fonos gracias a un innovador dise\u00f1o USB C &#8220;isla&#8221; y espacio libre de profundidad m\u00e1s grueso que otros controladores<\/p>\n","protected":false},"excerpt":{"rendered":"<p>ORMATO DE CONTROLADOR DE TAMA\u00d1O COMPLETO \u2014 El rendimiento de la consola se combina con la comodidad m\u00f3vil; juega durante per\u00edodos prolongados con total comodidad y control con mangos ergon\u00f3micos m\u00e1s grandes que se sienten m\u00e1s naturales de sostener que los controladores m\u00f3viles est\u00e1ndar SE ADAPTA A TEL\u00c9FONOS, IPAD MINI Y TABLETAS ANDROID DE HASTA [&hellip;]<\/p>\n","protected":false},"featured_media":60914,"comment_status":"open","ping_status":"closed","template":"","meta":{"_uag_custom_page_level_css":""},"product_brand":[559],"product_cat":[111,15],"product_tag":[],"class_list":{"0":"post-60913","1":"product","2":"type-product","3":"status-publish","4":"has-post-thumbnail","6":"product_brand-razer","7":"product_cat-joystick","8":"product_cat-sin-categorizar","10":"first","11":"outofstock","12":"sale","13":"taxable","14":"shipping-taxable","15":"purchasable","16":"product-type-simple"},"uagb_featured_image_src":{"full":["https:\/\/rms-enlinea.com.ar\/wp-content\/uploads\/2026\/02\/D_669959-MLA99453124624_112025-F.jpg",1200,516,false],"thumbnail":["https:\/\/rms-enlinea.com.ar\/wp-content\/uploads\/2026\/02\/D_669959-MLA99453124624_112025-F-150x150.jpg",150,150,true],"medium":["https:\/\/rms-enlinea.com.ar\/wp-content\/uploads\/2026\/02\/D_669959-MLA99453124624_112025-F-300x129.jpg",300,129,true],"medium_large":["https:\/\/rms-enlinea.com.ar\/wp-content\/uploads\/2026\/02\/D_669959-MLA99453124624_112025-F-768x330.jpg",768,330,true],"large":["https:\/\/rms-enlinea.com.ar\/wp-content\/uploads\/2026\/02\/D_669959-MLA99453124624_112025-F-1024x440.jpg",1024,440,true],"1536x1536":["https:\/\/rms-enlinea.com.ar\/wp-content\/uploads\/2026\/02\/D_669959-MLA99453124624_112025-F.jpg",1200,516,false],"2048x2048":["https:\/\/rms-enlinea.com.ar\/wp-content\/uploads\/2026\/02\/D_669959-MLA99453124624_112025-F.jpg",1200,516,false],"woocommerce_thumbnail":["https:\/\/rms-enlinea.com.ar\/wp-content\/uploads\/2026\/02\/D_669959-MLA99453124624_112025-F-450x450.jpg",450,450,true],"woocommerce_single":["https:\/\/rms-enlinea.com.ar\/wp-content\/uploads\/2026\/02\/D_669959-MLA99453124624_112025-F-600x258.jpg",600,258,true],"woocommerce_gallery_thumbnail":["https:\/\/rms-enlinea.com.ar\/wp-content\/uploads\/2026\/02\/D_669959-MLA99453124624_112025-F-100x100.jpg",100,100,true]},"uagb_author_info":{"display_name":"nelson","author_link":"https:\/\/rms-enlinea.com.ar\/tienda\/author\/"},"uagb_comment_info":0,"uagb_excerpt":"ORMATO DE CONTROLADOR DE TAMA\u00d1O COMPLETO \u2014 El rendimiento de la consola se combina con la comodidad m\u00f3vil; juega durante per\u00edodos prolongados con total comodidad y control con mangos ergon\u00f3micos m\u00e1s grandes que se sienten m\u00e1s naturales de sostener que los controladores m\u00f3viles est\u00e1ndar SE ADAPTA A TEL\u00c9FONOS, IPAD MINI Y TABLETAS ANDROID DE HASTA&hellip;","_links":{"self":[{"href":"https:\/\/rms-enlinea.com.ar\/tienda\/wp-json\/wp\/v2\/product\/60913","targetHints":{"allow":["GET"]}}],"collection":[{"href":"https:\/\/rms-enlinea.com.ar\/tienda\/wp-json\/wp\/v2\/product"}],"about":[{"href":"https:\/\/rms-enlinea.com.ar\/tienda\/wp-json\/wp\/v2\/types\/product"}],"replies":[{"embeddable":true,"href":"https:\/\/rms-enlinea.com.ar\/tienda\/wp-json\/wp\/v2\/comments?post=60913"}],"wp:featuredmedia":[{"embeddable":true,"href":"https:\/\/rms-enlinea.com.ar\/tienda\/wp-json\/wp\/v2\/media\/60914"}],"wp:attachment":[{"href":"https:\/\/rms-enlinea.com.ar\/tienda\/wp-json\/wp\/v2\/media?parent=60913"}],"wp:term":[{"taxonomy":"product_brand","embeddable":true,"href":"https:\/\/rms-enlinea.com.ar\/tienda\/wp-json\/wp\/v2\/product_brand?post=60913"},{"taxonomy":"product_cat","embeddable":true,"href":"https:\/\/rms-enlinea.com.ar\/tienda\/wp-json\/wp\/v2\/product_cat?post=60913"},{"taxonomy":"product_tag","embeddable":true,"href":"https:\/\/rms-enlinea.com.ar\/tienda\/wp-json\/wp\/v2\/product_tag?post=60913"}],"curies":[{"name":"wp","href":"https:\/\/api.w.org\/{rel}","templated":true}]}}