{"id":60955,"date":"2026-02-04T11:21:59","date_gmt":"2026-02-04T14:21:59","guid":{"rendered":"https:\/\/rms-enlinea.com.ar\/tienda\/producto\/fuente-gigabyte-550w-p550ss-80-silver-atx-3-0-gp-p550ss-ice\/"},"modified":"2026-02-20T22:29:56","modified_gmt":"2026-02-21T01:29:56","slug":"fuente-gigabyte-550w-p550ss-80-silver-atx-3-0-gp-p550ss-ice","status":"publish","type":"product","link":"https:\/\/rms-enlinea.com.ar\/tienda\/producto\/fuente-gigabyte-550w-p550ss-80-silver-atx-3-0-gp-p550ss-ice\/","title":{"rendered":"Fuente Gigabyte 550w P550ss 80+ Silver Atx 3.0 Gp-p550ss Ice"},"content":{"rendered":"<p>Modelo GP-P550SS HIELO<br \/>Tipo Factor de forma Intel ATX 12V v3.0 (compatible con ATX 3.1)<br \/>PFC activo (&gt;0,9 t\u00edpico)<br \/>Voltaje de entrada 155-240 V CA<br \/>Corriente de entrada 6.3A<br \/>Frecuencia de entrada 50-60 Hz<br \/>Capacidad de salida 550 W<br \/>Dimensi\u00f3n 150 x 140 x 86 mm<br \/>80 M\u00c1S Plata<br \/>Eficiencia 90% con carga t\u00edpica (230 V UE)<br \/>Tiempo medio entre fallos &gt;100.000 horas<br \/>Protecci\u00f3n OVP\/OPP\/SCP\/UVP\/OCP\/OTP<br \/>Potencia Buena Se\u00f1al 100-150 ms<br \/>Tiempo de espera &gt;16 ms<br \/>Tipo de cable Plano, blanco<br \/>Conectores:<br \/>ATX\/MB 20+4 pines x 1: 600 mm*1<\/p>\n<p>CPU\/EPS 4+4 pines x 1: 650 mm*1<\/p>\n<p>PCI-e 6+2 pines x 2: 600 mm+120 mm*1<\/p>\n<p>SATA x 3 + 4 pines Perif\u00e9rico x 1: 500 mm+120 mm+120 mm+120 mm*1<\/p>\n<p>SATA x 2 + 4 pines Perif\u00e9rico x 2: 500 mm+120 mm+120 mm+120 mm*1<\/p>\n","protected":false},"excerpt":{"rendered":"<p>Modelo GP-P550SS HIELOTipo Factor de forma Intel ATX 12V v3.0 (compatible con ATX 3.1)PFC activo (&gt;0,9 t\u00edpico)Voltaje de entrada 155-240 V CACorriente de entrada 6.3AFrecuencia de entrada 50-60 HzCapacidad de salida 550 WDimensi\u00f3n 150 x 140 x 86 mm80 M\u00c1S PlataEficiencia 90% con carga t\u00edpica (230 V UE)Tiempo medio entre fallos &gt;100.000 horasProtecci\u00f3n OVP\/OPP\/SCP\/UVP\/OCP\/OTPPotencia Buena [&hellip;]<\/p>\n","protected":false},"featured_media":686,"comment_status":"open","ping_status":"closed","template":"","meta":{"_uag_custom_page_level_css":""},"product_brand":[532],"product_cat":[108,15],"product_tag":[],"class_list":{"0":"post-60955","1":"product","2":"type-product","3":"status-publish","4":"has-post-thumbnail","6":"product_brand-gigabyte","7":"product_cat-fuentes-y-cargadores","8":"product_cat-sin-categorizar","10":"first","11":"instock","12":"sale","13":"taxable","14":"shipping-taxable","15":"purchasable","16":"product-type-simple"},"uagb_featured_image_src":{"full":["https:\/\/rms-enlinea.com.ar\/wp-content\/uploads\/2025\/06\/D_890163-MLA80783558620_112024-F.jpg",1200,956,false],"thumbnail":["https:\/\/rms-enlinea.com.ar\/wp-content\/uploads\/2025\/06\/D_890163-MLA80783558620_112024-F-150x150.jpg",150,150,true],"medium":["https:\/\/rms-enlinea.com.ar\/wp-content\/uploads\/2025\/06\/D_890163-MLA80783558620_112024-F-300x239.jpg",300,239,true],"medium_large":["https:\/\/rms-enlinea.com.ar\/wp-content\/uploads\/2025\/06\/D_890163-MLA80783558620_112024-F-768x612.jpg",768,612,true],"large":["https:\/\/rms-enlinea.com.ar\/wp-content\/uploads\/2025\/06\/D_890163-MLA80783558620_112024-F-1024x816.jpg",1024,816,true],"1536x1536":["https:\/\/rms-enlinea.com.ar\/wp-content\/uploads\/2025\/06\/D_890163-MLA80783558620_112024-F.jpg",1200,956,false],"2048x2048":["https:\/\/rms-enlinea.com.ar\/wp-content\/uploads\/2025\/06\/D_890163-MLA80783558620_112024-F.jpg",1200,956,false],"woocommerce_thumbnail":["https:\/\/rms-enlinea.com.ar\/wp-content\/uploads\/2025\/06\/D_890163-MLA80783558620_112024-F-450x450.jpg",450,450,true],"woocommerce_single":["https:\/\/rms-enlinea.com.ar\/wp-content\/uploads\/2025\/06\/D_890163-MLA80783558620_112024-F-600x478.jpg",600,478,true],"woocommerce_gallery_thumbnail":["https:\/\/rms-enlinea.com.ar\/wp-content\/uploads\/2025\/06\/D_890163-MLA80783558620_112024-F-100x100.jpg",100,100,true]},"uagb_author_info":{"display_name":"nelson","author_link":"https:\/\/rms-enlinea.com.ar\/tienda\/author\/"},"uagb_comment_info":0,"uagb_excerpt":"Modelo GP-P550SS HIELOTipo Factor de forma Intel ATX 12V v3.0 (compatible con ATX 3.1)PFC activo (&gt;0,9 t\u00edpico)Voltaje de entrada 155-240 V CACorriente de entrada 6.3AFrecuencia de entrada 50-60 HzCapacidad de salida 550 WDimensi\u00f3n 150 x 140 x 86 mm80 M\u00c1S PlataEficiencia 90% con carga t\u00edpica (230 V UE)Tiempo medio entre fallos &gt;100.000 horasProtecci\u00f3n OVP\/OPP\/SCP\/UVP\/OCP\/OTPPotencia Buena&hellip;","_links":{"self":[{"href":"https:\/\/rms-enlinea.com.ar\/tienda\/wp-json\/wp\/v2\/product\/60955","targetHints":{"allow":["GET"]}}],"collection":[{"href":"https:\/\/rms-enlinea.com.ar\/tienda\/wp-json\/wp\/v2\/product"}],"about":[{"href":"https:\/\/rms-enlinea.com.ar\/tienda\/wp-json\/wp\/v2\/types\/product"}],"replies":[{"embeddable":true,"href":"https:\/\/rms-enlinea.com.ar\/tienda\/wp-json\/wp\/v2\/comments?post=60955"}],"wp:featuredmedia":[{"embeddable":true,"href":"https:\/\/rms-enlinea.com.ar\/tienda\/wp-json\/wp\/v2\/media\/686"}],"wp:attachment":[{"href":"https:\/\/rms-enlinea.com.ar\/tienda\/wp-json\/wp\/v2\/media?parent=60955"}],"wp:term":[{"taxonomy":"product_brand","embeddable":true,"href":"https:\/\/rms-enlinea.com.ar\/tienda\/wp-json\/wp\/v2\/product_brand?post=60955"},{"taxonomy":"product_cat","embeddable":true,"href":"https:\/\/rms-enlinea.com.ar\/tienda\/wp-json\/wp\/v2\/product_cat?post=60955"},{"taxonomy":"product_tag","embeddable":true,"href":"https:\/\/rms-enlinea.com.ar\/tienda\/wp-json\/wp\/v2\/product_tag?post=60955"}],"curies":[{"name":"wp","href":"https:\/\/api.w.org\/{rel}","templated":true}]}}