{"id":60959,"date":"2026-02-04T11:22:18","date_gmt":"2026-02-04T14:22:18","guid":{"rendered":"https:\/\/rms-enlinea.com.ar\/tienda\/producto\/fuente-gamer-gigabyte-650w-80-plus-silver-atx-3-1-white\/"},"modified":"2026-04-09T18:10:18","modified_gmt":"2026-04-09T21:10:18","slug":"fuente-gamer-gigabyte-650w-80-plus-silver-atx-3-1-white","status":"publish","type":"product","link":"https:\/\/rms-enlinea.com.ar\/tienda\/producto\/fuente-gamer-gigabyte-650w-80-plus-silver-atx-3-1-white\/","title":{"rendered":"Fuente Gamer Gigabyte 650w 80 Plus Silver Atx 3.1 White"},"content":{"rendered":"<p>Modelo<br \/>GP-P650SS HIELO<br \/>Tipo<br \/>Factor de forma Intel ATX 12 V v3.0<\/p>\n<p>Soldado de primera clase<\/p>\n<p>PFC activo (&gt;0,9 t\u00edpico)<br \/>Voltaje de entrada<br \/>155-240 V CA<br \/>Corriente de entrada<br \/>6.3A<br \/>Frecuencia de entrada<br \/>60-50 Hz<br \/>Capacidad de salida<br \/>650 W<br \/>Dimensi\u00f3n<br \/>150 x 140 x 86 mm<br \/>Tipo de ventilador<br \/>Ventilador con cojinetes fluidodin\u00e1micos (FDB) de 120 mm<\/p>\n<p>80 M\u00c1S<\/p>\n<p>Plata<br \/>Eficiencia<br \/>90% con carga t\u00edpica (230 V UE)<br \/>Tiempo medio entre fallos<br \/>&gt;100.000 horas<br \/>Protecci\u00f3n<br \/>OVP\/OPP\/SCP\/UVP\/OCP\/OTP<br \/>Potencia Buena Se\u00f1al<br \/>100-150 ms<br \/>Tiempo de espera<br \/>&gt;16 ms<br \/>Tipo de cable<br \/>Plano, Todo blanco<br \/>Conectores<br \/>ATX\/MB 20+4 pines x 1: 600 mm*1<br \/> \tCPU\/EPS 4+4 pines x 2: 650 mm+120 mm*1<br \/> \tPCI-e 6+2 pines x 2: 600 mm*2<br \/> \tSATA x 3 + 4 pines Perif\u00e9rico x 1: 500 mm+120 mm+120 mm+120 mm*1<br \/> \tSATA x 2 + 4 pines Perif\u00e9rico x 2: 500 mm+120 mm+120 mm+120 mm*1<\/p>\n","protected":false},"excerpt":{"rendered":"<p>ModeloGP-P650SS HIELOTipoFactor de forma Intel ATX 12 V v3.0 Soldado de primera clase PFC activo (&gt;0,9 t\u00edpico)Voltaje de entrada155-240 V CACorriente de entrada6.3AFrecuencia de entrada60-50 HzCapacidad de salida650 WDimensi\u00f3n150 x 140 x 86 mmTipo de ventiladorVentilador con cojinetes fluidodin\u00e1micos (FDB) de 120 mm 80 M\u00c1S PlataEficiencia90% con carga t\u00edpica (230 V UE)Tiempo medio entre fallos&gt;100.000 [&hellip;]<\/p>\n","protected":false},"featured_media":51607,"comment_status":"open","ping_status":"closed","template":"","meta":{"_uag_custom_page_level_css":""},"product_brand":[532],"product_cat":[108,15],"product_tag":[],"class_list":{"0":"post-60959","1":"product","2":"type-product","3":"status-publish","4":"has-post-thumbnail","6":"product_brand-gigabyte","7":"product_cat-fuentes-y-cargadores","8":"product_cat-sin-categorizar","10":"first","11":"instock","12":"sale","13":"taxable","14":"shipping-taxable","15":"purchasable","16":"product-type-simple"},"uagb_featured_image_src":{"full":["https:\/\/rms-enlinea.com.ar\/wp-content\/uploads\/2025\/07\/D_615916-MLA80728618830_112024-F.jpg",1200,821,false],"thumbnail":["https:\/\/rms-enlinea.com.ar\/wp-content\/uploads\/2025\/07\/D_615916-MLA80728618830_112024-F-150x150.jpg",150,150,true],"medium":["https:\/\/rms-enlinea.com.ar\/wp-content\/uploads\/2025\/07\/D_615916-MLA80728618830_112024-F-300x205.jpg",300,205,true],"medium_large":["https:\/\/rms-enlinea.com.ar\/wp-content\/uploads\/2025\/07\/D_615916-MLA80728618830_112024-F-768x525.jpg",768,525,true],"large":["https:\/\/rms-enlinea.com.ar\/wp-content\/uploads\/2025\/07\/D_615916-MLA80728618830_112024-F-1024x701.jpg",1024,701,true],"1536x1536":["https:\/\/rms-enlinea.com.ar\/wp-content\/uploads\/2025\/07\/D_615916-MLA80728618830_112024-F.jpg",1200,821,false],"2048x2048":["https:\/\/rms-enlinea.com.ar\/wp-content\/uploads\/2025\/07\/D_615916-MLA80728618830_112024-F.jpg",1200,821,false],"woocommerce_thumbnail":["https:\/\/rms-enlinea.com.ar\/wp-content\/uploads\/2025\/07\/D_615916-MLA80728618830_112024-F-450x450.jpg",450,450,true],"woocommerce_single":["https:\/\/rms-enlinea.com.ar\/wp-content\/uploads\/2025\/07\/D_615916-MLA80728618830_112024-F-600x411.jpg",600,411,true],"woocommerce_gallery_thumbnail":["https:\/\/rms-enlinea.com.ar\/wp-content\/uploads\/2025\/07\/D_615916-MLA80728618830_112024-F-100x100.jpg",100,100,true]},"uagb_author_info":{"display_name":"nelson","author_link":"https:\/\/rms-enlinea.com.ar\/tienda\/author\/"},"uagb_comment_info":0,"uagb_excerpt":"ModeloGP-P650SS HIELOTipoFactor de forma Intel ATX 12 V v3.0 Soldado de primera clase PFC activo (&gt;0,9 t\u00edpico)Voltaje de entrada155-240 V CACorriente de entrada6.3AFrecuencia de entrada60-50 HzCapacidad de salida650 WDimensi\u00f3n150 x 140 x 86 mmTipo de ventiladorVentilador con cojinetes fluidodin\u00e1micos (FDB) de 120 mm 80 M\u00c1S PlataEficiencia90% con carga t\u00edpica (230 V UE)Tiempo medio entre fallos&gt;100.000&hellip;","_links":{"self":[{"href":"https:\/\/rms-enlinea.com.ar\/tienda\/wp-json\/wp\/v2\/product\/60959","targetHints":{"allow":["GET"]}}],"collection":[{"href":"https:\/\/rms-enlinea.com.ar\/tienda\/wp-json\/wp\/v2\/product"}],"about":[{"href":"https:\/\/rms-enlinea.com.ar\/tienda\/wp-json\/wp\/v2\/types\/product"}],"replies":[{"embeddable":true,"href":"https:\/\/rms-enlinea.com.ar\/tienda\/wp-json\/wp\/v2\/comments?post=60959"}],"wp:featuredmedia":[{"embeddable":true,"href":"https:\/\/rms-enlinea.com.ar\/tienda\/wp-json\/wp\/v2\/media\/51607"}],"wp:attachment":[{"href":"https:\/\/rms-enlinea.com.ar\/tienda\/wp-json\/wp\/v2\/media?parent=60959"}],"wp:term":[{"taxonomy":"product_brand","embeddable":true,"href":"https:\/\/rms-enlinea.com.ar\/tienda\/wp-json\/wp\/v2\/product_brand?post=60959"},{"taxonomy":"product_cat","embeddable":true,"href":"https:\/\/rms-enlinea.com.ar\/tienda\/wp-json\/wp\/v2\/product_cat?post=60959"},{"taxonomy":"product_tag","embeddable":true,"href":"https:\/\/rms-enlinea.com.ar\/tienda\/wp-json\/wp\/v2\/product_tag?post=60959"}],"curies":[{"name":"wp","href":"https:\/\/api.w.org\/{rel}","templated":true}]}}