{"id":60993,"date":"2026-02-04T18:10:08","date_gmt":"2026-02-04T21:10:08","guid":{"rendered":"https:\/\/rms-enlinea.com.ar\/tienda\/producto\/mother-gigabyte-b760m-d3hp-wifi6-ddr5-lga1700-12va-13va-14va\/"},"modified":"2026-04-21T05:07:32","modified_gmt":"2026-04-21T08:07:32","slug":"mother-gigabyte-b760m-d3hp-wifi6-ddr5-lga1700-12va-13va-14va","status":"publish","type":"product","link":"https:\/\/rms-enlinea.com.ar\/tienda\/producto\/mother-gigabyte-b760m-d3hp-wifi6-ddr5-lga1700-12va-13va-14va\/","title":{"rendered":"Mother Gigabyte B760m D3hp Wifi6 Ddr5 Lga1700 12va 13va 14va"},"content":{"rendered":"<p>La motherboard Gigabyte B760M D3HP WIFI6 es la elecci\u00f3n ideal para quienes buscan rendimiento y conectividad en un formato compacto. Dise\u00f1ada para la plataforma Intel, esta placa base cuenta con un chipset Intel B760 y un socket LGA 1700, lo que la hace compatible con procesadores de 12.\u00aa y 13.\u00aa generaci\u00f3n, as\u00ed como con los modelos Gold y Celeron de 14.\u00aa.<\/p>\n<p>Con un factor de forma Micro ATX, esta motherboard no solo optimiza el espacio, sino que tambi\u00e9n ofrece una capacidad m\u00e1xima de memoria RAM de 192 GB en formato DDR5. Sus cuatro m\u00f3dulos de memoria RAM DIMM permiten una configuraci\u00f3n flexible y potente, ideal para tareas exigentes y gaming.<\/p>\n<p>La conectividad es otro de sus puntos fuertes, ya que incluye Wi-Fi y Bluetooth, facilitando la conexi\u00f3n a redes y dispositivos sin necesidad de cables. Adem\u00e1s, su versi\u00f3n de PCI Express 4.0 garantiza un rendimiento superior en la transferencia de datos.<\/p>\n<p>El dise\u00f1o negro y elegante de la Gigabyte B760M D3HP WIFI6, junto con su eficiente disipador de calor, asegura un funcionamiento \u00f3ptimo y una est\u00e9tica atractiva en cualquier configuraci\u00f3n. Con dimensiones de 24 cm x 24 cm y un peso de 1 kg, es una opci\u00f3n pr\u00e1ctica y funcional para cualquier entusiasta de la tecnolog\u00eda.<\/p>\n","protected":false},"excerpt":{"rendered":"<p>La motherboard Gigabyte B760M D3HP WIFI6 es la elecci\u00f3n ideal para quienes buscan rendimiento y conectividad en un formato compacto. Dise\u00f1ada para la plataforma Intel, esta placa base cuenta con un chipset Intel B760 y un socket LGA 1700, lo que la hace compatible con procesadores de 12.\u00aa y 13.\u00aa generaci\u00f3n, as\u00ed como con los [&hellip;]<\/p>\n","protected":false},"featured_media":60994,"comment_status":"open","ping_status":"closed","template":"","meta":{"_uag_custom_page_level_css":""},"product_brand":[532],"product_cat":[115,15],"product_tag":[],"class_list":{"0":"post-60993","1":"product","2":"type-product","3":"status-publish","4":"has-post-thumbnail","6":"product_brand-gigabyte","7":"product_cat-mother","8":"product_cat-sin-categorizar","10":"first","11":"outofstock","12":"sale","13":"taxable","14":"shipping-taxable","15":"purchasable","16":"product-type-simple"},"uagb_featured_image_src":{"full":["https:\/\/rms-enlinea.com.ar\/wp-content\/uploads\/2026\/02\/D_806282-MLA96784876460_112025-F.jpg",1200,718,false],"thumbnail":["https:\/\/rms-enlinea.com.ar\/wp-content\/uploads\/2026\/02\/D_806282-MLA96784876460_112025-F-150x150.jpg",150,150,true],"medium":["https:\/\/rms-enlinea.com.ar\/wp-content\/uploads\/2026\/02\/D_806282-MLA96784876460_112025-F-300x180.jpg",300,180,true],"medium_large":["https:\/\/rms-enlinea.com.ar\/wp-content\/uploads\/2026\/02\/D_806282-MLA96784876460_112025-F-768x460.jpg",768,460,true],"large":["https:\/\/rms-enlinea.com.ar\/wp-content\/uploads\/2026\/02\/D_806282-MLA96784876460_112025-F-1024x613.jpg",1024,613,true],"1536x1536":["https:\/\/rms-enlinea.com.ar\/wp-content\/uploads\/2026\/02\/D_806282-MLA96784876460_112025-F.jpg",1200,718,false],"2048x2048":["https:\/\/rms-enlinea.com.ar\/wp-content\/uploads\/2026\/02\/D_806282-MLA96784876460_112025-F.jpg",1200,718,false],"woocommerce_thumbnail":["https:\/\/rms-enlinea.com.ar\/wp-content\/uploads\/2026\/02\/D_806282-MLA96784876460_112025-F-450x450.jpg",450,450,true],"woocommerce_single":["https:\/\/rms-enlinea.com.ar\/wp-content\/uploads\/2026\/02\/D_806282-MLA96784876460_112025-F-600x359.jpg",600,359,true],"woocommerce_gallery_thumbnail":["https:\/\/rms-enlinea.com.ar\/wp-content\/uploads\/2026\/02\/D_806282-MLA96784876460_112025-F-100x100.jpg",100,100,true]},"uagb_author_info":{"display_name":"nelson","author_link":"https:\/\/rms-enlinea.com.ar\/tienda\/author\/"},"uagb_comment_info":0,"uagb_excerpt":"La motherboard Gigabyte B760M D3HP WIFI6 es la elecci\u00f3n ideal para quienes buscan rendimiento y conectividad en un formato compacto. Dise\u00f1ada para la plataforma Intel, esta placa base cuenta con un chipset Intel B760 y un socket LGA 1700, lo que la hace compatible con procesadores de 12.\u00aa y 13.\u00aa generaci\u00f3n, as\u00ed como con los&hellip;","_links":{"self":[{"href":"https:\/\/rms-enlinea.com.ar\/tienda\/wp-json\/wp\/v2\/product\/60993","targetHints":{"allow":["GET"]}}],"collection":[{"href":"https:\/\/rms-enlinea.com.ar\/tienda\/wp-json\/wp\/v2\/product"}],"about":[{"href":"https:\/\/rms-enlinea.com.ar\/tienda\/wp-json\/wp\/v2\/types\/product"}],"replies":[{"embeddable":true,"href":"https:\/\/rms-enlinea.com.ar\/tienda\/wp-json\/wp\/v2\/comments?post=60993"}],"wp:featuredmedia":[{"embeddable":true,"href":"https:\/\/rms-enlinea.com.ar\/tienda\/wp-json\/wp\/v2\/media\/60994"}],"wp:attachment":[{"href":"https:\/\/rms-enlinea.com.ar\/tienda\/wp-json\/wp\/v2\/media?parent=60993"}],"wp:term":[{"taxonomy":"product_brand","embeddable":true,"href":"https:\/\/rms-enlinea.com.ar\/tienda\/wp-json\/wp\/v2\/product_brand?post=60993"},{"taxonomy":"product_cat","embeddable":true,"href":"https:\/\/rms-enlinea.com.ar\/tienda\/wp-json\/wp\/v2\/product_cat?post=60993"},{"taxonomy":"product_tag","embeddable":true,"href":"https:\/\/rms-enlinea.com.ar\/tienda\/wp-json\/wp\/v2\/product_tag?post=60993"}],"curies":[{"name":"wp","href":"https:\/\/api.w.org\/{rel}","templated":true}]}}