{"id":61023,"date":"2026-02-06T21:28:33","date_gmt":"2026-02-07T00:28:33","guid":{"rendered":"https:\/\/rms-enlinea.com.ar\/tienda\/producto\/procesador-amd-ryzen-9-7900-am5-12-nucleos-64mb-cache-24-hil\/"},"modified":"2026-04-21T04:14:10","modified_gmt":"2026-04-21T07:14:10","slug":"procesador-amd-ryzen-9-7900-am5-12-nucleos-64mb-cache-24-hil","status":"publish","type":"product","link":"https:\/\/rms-enlinea.com.ar\/tienda\/producto\/procesador-amd-ryzen-9-7900-am5-12-nucleos-64mb-cache-24-hil\/","title":{"rendered":"Procesador Amd Ryzen 9 7900 Am5 12 Nucleos 64mb Cache 24 Hil"},"content":{"rendered":"<p>Procesador gr\u00e1fico<\/p>\n<p>AMD Radeon Graphics<br \/>\nC\u00f3digo universal de producto<\/p>\n<p>730143314466<br \/>\nIncluye air cooler<\/p>\n<p>S\u00ed<br \/>\nEs compatible con 4K<\/p>\n<p>S\u00ed<br \/>\nEs gamer<\/p>\n<p>S\u00ed<br \/>\nEs OEM<\/p>\n<p>No<br \/>\nEst\u00e1 desbloqueado<\/p>\n<p>S\u00ed<br \/>\nCondici\u00f3n del \u00edtem<\/p>\n<p>Nuevo<br \/>\nL\u00ednea<\/p>\n<p>Ryzen 9<br \/>\nAplicaci\u00f3n<\/p>\n<p>Computadoras de escritorio<br \/>\nArquitectura<\/p>\n<p>x86-64<br \/>\nMarca<\/p>\n<p>AMD<br \/>\nSKU<\/p>\n<p>57900<br \/>\nFrecuencia m\u00e1xima de reloj<\/p>\n<p>5.4 GHz<br \/>\nTama\u00f1o m\u00e1ximo de memoria RAM soportada<\/p>\n<p>128 GB<br \/>\nFrecuencia m\u00ednima de reloj<\/p>\n<p>3.7 GHz<br \/>\nModelo<\/p>\n<p>7900<br \/>\nA\u00f1o de lanzamiento<\/p>\n<p>2023<br \/>\nZ\u00f3calos compatibles<\/p>\n<p>AM5<br \/>\nCantidad de n\u00facleos de CPU<\/p>\n<p>12<br \/>\nCantidad de hilos de CPU<\/p>\n<p>24<br \/>\nLitograf\u00eda<\/p>\n<p>5 nm<br \/>\nModelo<\/p>\n<p>100-100000590WOF<br \/>\nTipos de memoria RAM soportadas<\/p>\n<p>DDR5<br \/>\nPotencia de dise\u00f1o t\u00e9rmico<\/p>\n<p>65 W<br \/>\nCach\u00e9<\/p>\n<p>64 MB<\/p>\n","protected":false},"excerpt":{"rendered":"<p>Procesador gr\u00e1fico AMD Radeon Graphics C\u00f3digo universal de producto 730143314466 Incluye air cooler S\u00ed Es compatible con 4K S\u00ed Es gamer S\u00ed Es OEM No Est\u00e1 desbloqueado S\u00ed Condici\u00f3n del \u00edtem Nuevo L\u00ednea Ryzen 9 Aplicaci\u00f3n Computadoras de escritorio Arquitectura x86-64 Marca AMD SKU 57900 Frecuencia m\u00e1xima de reloj 5.4 GHz Tama\u00f1o m\u00e1ximo de memoria [&hellip;]<\/p>\n","protected":false},"featured_media":5581,"comment_status":"open","ping_status":"closed","template":"","meta":{"_uag_custom_page_level_css":""},"product_brand":[531],"product_cat":[121,15],"product_tag":[],"class_list":{"0":"post-61023","1":"product","2":"type-product","3":"status-publish","4":"has-post-thumbnail","6":"product_brand-amd","7":"product_cat-procesadores-computacion","8":"product_cat-sin-categorizar","10":"first","11":"outofstock","12":"sale","13":"taxable","14":"shipping-taxable","15":"purchasable","16":"product-type-simple"},"uagb_featured_image_src":{"full":["https:\/\/rms-enlinea.com.ar\/wp-content\/uploads\/2025\/06\/D_951004-MLA54950812533_042023-F.jpg",614,500,false],"thumbnail":["https:\/\/rms-enlinea.com.ar\/wp-content\/uploads\/2025\/06\/D_951004-MLA54950812533_042023-F-150x150.jpg",150,150,true],"medium":["https:\/\/rms-enlinea.com.ar\/wp-content\/uploads\/2025\/06\/D_951004-MLA54950812533_042023-F-300x244.jpg",300,244,true],"medium_large":["https:\/\/rms-enlinea.com.ar\/wp-content\/uploads\/2025\/06\/D_951004-MLA54950812533_042023-F.jpg",614,500,false],"large":["https:\/\/rms-enlinea.com.ar\/wp-content\/uploads\/2025\/06\/D_951004-MLA54950812533_042023-F.jpg",614,500,false],"1536x1536":["https:\/\/rms-enlinea.com.ar\/wp-content\/uploads\/2025\/06\/D_951004-MLA54950812533_042023-F.jpg",614,500,false],"2048x2048":["https:\/\/rms-enlinea.com.ar\/wp-content\/uploads\/2025\/06\/D_951004-MLA54950812533_042023-F.jpg",614,500,false],"woocommerce_thumbnail":["https:\/\/rms-enlinea.com.ar\/wp-content\/uploads\/2025\/06\/D_951004-MLA54950812533_042023-F-450x450.jpg",450,450,true],"woocommerce_single":["https:\/\/rms-enlinea.com.ar\/wp-content\/uploads\/2025\/06\/D_951004-MLA54950812533_042023-F-600x489.jpg",600,489,true],"woocommerce_gallery_thumbnail":["https:\/\/rms-enlinea.com.ar\/wp-content\/uploads\/2025\/06\/D_951004-MLA54950812533_042023-F-100x100.jpg",100,100,true]},"uagb_author_info":{"display_name":"mario","author_link":"https:\/\/rms-enlinea.com.ar\/tienda\/author\/"},"uagb_comment_info":0,"uagb_excerpt":"Procesador gr\u00e1fico AMD Radeon Graphics C\u00f3digo universal de producto 730143314466 Incluye air cooler S\u00ed Es compatible con 4K S\u00ed Es gamer S\u00ed Es OEM No Est\u00e1 desbloqueado S\u00ed Condici\u00f3n del \u00edtem Nuevo L\u00ednea Ryzen 9 Aplicaci\u00f3n Computadoras de escritorio Arquitectura x86-64 Marca AMD SKU 57900 Frecuencia m\u00e1xima de reloj 5.4 GHz Tama\u00f1o m\u00e1ximo de memoria&hellip;","_links":{"self":[{"href":"https:\/\/rms-enlinea.com.ar\/tienda\/wp-json\/wp\/v2\/product\/61023","targetHints":{"allow":["GET"]}}],"collection":[{"href":"https:\/\/rms-enlinea.com.ar\/tienda\/wp-json\/wp\/v2\/product"}],"about":[{"href":"https:\/\/rms-enlinea.com.ar\/tienda\/wp-json\/wp\/v2\/types\/product"}],"replies":[{"embeddable":true,"href":"https:\/\/rms-enlinea.com.ar\/tienda\/wp-json\/wp\/v2\/comments?post=61023"}],"wp:featuredmedia":[{"embeddable":true,"href":"https:\/\/rms-enlinea.com.ar\/tienda\/wp-json\/wp\/v2\/media\/5581"}],"wp:attachment":[{"href":"https:\/\/rms-enlinea.com.ar\/tienda\/wp-json\/wp\/v2\/media?parent=61023"}],"wp:term":[{"taxonomy":"product_brand","embeddable":true,"href":"https:\/\/rms-enlinea.com.ar\/tienda\/wp-json\/wp\/v2\/product_brand?post=61023"},{"taxonomy":"product_cat","embeddable":true,"href":"https:\/\/rms-enlinea.com.ar\/tienda\/wp-json\/wp\/v2\/product_cat?post=61023"},{"taxonomy":"product_tag","embeddable":true,"href":"https:\/\/rms-enlinea.com.ar\/tienda\/wp-json\/wp\/v2\/product_tag?post=61023"}],"curies":[{"name":"wp","href":"https:\/\/api.w.org\/{rel}","templated":true}]}}