{"id":61054,"date":"2026-02-06T21:31:15","date_gmt":"2026-02-07T00:31:15","guid":{"rendered":"https:\/\/rms-enlinea.com.ar\/tienda\/producto\/mother-gigabyte-z790-d-ddr5-lga1700-pcie-5-0\/"},"modified":"2026-04-21T04:55:09","modified_gmt":"2026-04-21T07:55:09","slug":"mother-gigabyte-z790-d-ddr5-lga1700-pcie-5-0","status":"publish","type":"product","link":"https:\/\/rms-enlinea.com.ar\/tienda\/producto\/mother-gigabyte-z790-d-ddr5-lga1700-pcie-5-0\/","title":{"rendered":"Mother Gigabyte Z790 D Ddr5 Lga1700 Pcie 5.0"},"content":{"rendered":"<p>Descripci\u00f3n<br \/>M\u00e1s informaci\u00f3n<br \/>Procesador\tZ\u00f3calo LGA1700: compatibilidad con procesadores Intel\u00ae Core&#x2122;, Pentium\u00ae Gold y Celeron\u00ae de 14.\u00aa, 13.\u00aa y 12.\u00aa generaci\u00f3n<br \/>Conjunto de chips\tConjunto de chips Intel\u00ae Z790 Express<br \/>Memoria\tProcesadores Intel\u00ae Core&#x2122; i9\/i7 de 14.\u00aa y 13.\u00aa generaci\u00f3n:<\/p>\n<p>&#8211; Soporte para m\u00f3dulos de memoria DDR5 7600(OC)\/7400(OC)\/7200(OC)\/7000(OC)\/6800(OC)\/6600(OC)\/6400(OC)\/6200(OC)<\/p>\n<p>\/6000(OC)\/5800(OC)\/5600\/5400\/5200\/4800\/4400 MT\/s Procesadores<\/p>\n<p> \tIntel\u00ae Core&#x2122; i5\/i3 de 13.\u00aa generaci\u00f3n y Intel\u00ae Core&#x2122;, Pentium\u00ae Gold y Celeron\u00ae de 12.\u00aa generaci\u00f3n:<br \/> \t&#8211; Soporte para m\u00f3dulos de memoria DDR5 4800\/4400 MT\/s<br \/> \t4 z\u00f3calos DIMM DDR5 que admiten hasta 256 GB (capacidad de DIMM \u00fanico de 64 GB) de memoria del sistema<br \/> \tArquitectura de memoria de canal dual<br \/> \tSoporte para M\u00f3dulos de memoria DIMM 1Rx8\/2Rx8 sin b\u00fafer ECC (funcionan en modo no ECC)<br \/> \tCompatibilidad con m\u00f3dulos de memoria DIMM 1Rx8\/2Rx8\/1Rx16 sin b\u00fafer ECC<br \/> \tCompatibilidad con m\u00f3dulos de memoria Extreme Memory Profile (XMP)<br \/>Gr\u00e1fica Integrada\tProcesador de gr\u00e1ficos integrado: compatibilidad con gr\u00e1ficos Intel\u00ae HD:<br \/> \t&#8211; 1 puerto HDMI, compatible con una resoluci\u00f3n m\u00e1xima de 4096 x 2160 a 60 Hz<br \/> \t* Soporte para la versi\u00f3n HDMI 2.1 y HDCP 2.3.<br \/> \t** Soporte para puertos compatibles con HDMI 2.1 TMDS nativos.<br \/> \t&#8211; 1 x DisplayPort, compatible con una resoluci\u00f3n m\u00e1xima de 4096&#215;2304 a 60 Hz<br \/> \t* Soporte para la versi\u00f3n DisplayPort 1.2 y HDCP 2.3<br \/>Audio\tCODEC de audio Realtek\u00ae<br \/> \tAudio de alta definici\u00f3n<br \/> \tde 2\/4\/5.1\/7.1 canales<br \/> \t* Puede cambiar la funcionalidad de un conector de audio mediante el software de audio. Para configurar<br \/> \tAudio de 7.1 canales. Acceda al software de audio para configurarlo.<br \/> \tCompatible con salida S\/PDIF.<\/p>\n","protected":false},"excerpt":{"rendered":"<p>Descripci\u00f3nM\u00e1s informaci\u00f3nProcesador Z\u00f3calo LGA1700: compatibilidad con procesadores Intel\u00ae Core&#x2122;, Pentium\u00ae Gold y Celeron\u00ae de 14.\u00aa, 13.\u00aa y 12.\u00aa generaci\u00f3nConjunto de chips Conjunto de chips Intel\u00ae Z790 ExpressMemoria Procesadores Intel\u00ae Core&#x2122; i9\/i7 de 14.\u00aa y 13.\u00aa generaci\u00f3n: &#8211; Soporte para m\u00f3dulos de memoria DDR5 7600(OC)\/7400(OC)\/7200(OC)\/7000(OC)\/6800(OC)\/6600(OC)\/6400(OC)\/6200(OC) \/6000(OC)\/5800(OC)\/5600\/5400\/5200\/4800\/4400 MT\/s Procesadores Intel\u00ae Core&#x2122; i5\/i3 de 13.\u00aa generaci\u00f3n y Intel\u00ae [&hellip;]<\/p>\n","protected":false},"featured_media":61055,"comment_status":"open","ping_status":"closed","template":"","meta":{"_uag_custom_page_level_css":""},"product_brand":[532],"product_cat":[115,15],"product_tag":[],"class_list":{"0":"post-61054","1":"product","2":"type-product","3":"status-publish","4":"has-post-thumbnail","6":"product_brand-gigabyte","7":"product_cat-mother","8":"product_cat-sin-categorizar","10":"first","11":"outofstock","12":"sale","13":"taxable","14":"shipping-taxable","15":"purchasable","16":"product-type-simple"},"uagb_featured_image_src":{"full":["https:\/\/rms-enlinea.com.ar\/wp-content\/uploads\/2026\/02\/D_741786-MLA106594417647_022026-F.jpg",1200,759,false],"thumbnail":["https:\/\/rms-enlinea.com.ar\/wp-content\/uploads\/2026\/02\/D_741786-MLA106594417647_022026-F-150x150.jpg",150,150,true],"medium":["https:\/\/rms-enlinea.com.ar\/wp-content\/uploads\/2026\/02\/D_741786-MLA106594417647_022026-F-300x190.jpg",300,190,true],"medium_large":["https:\/\/rms-enlinea.com.ar\/wp-content\/uploads\/2026\/02\/D_741786-MLA106594417647_022026-F-768x486.jpg",768,486,true],"large":["https:\/\/rms-enlinea.com.ar\/wp-content\/uploads\/2026\/02\/D_741786-MLA106594417647_022026-F-1024x648.jpg",1024,648,true],"1536x1536":["https:\/\/rms-enlinea.com.ar\/wp-content\/uploads\/2026\/02\/D_741786-MLA106594417647_022026-F.jpg",1200,759,false],"2048x2048":["https:\/\/rms-enlinea.com.ar\/wp-content\/uploads\/2026\/02\/D_741786-MLA106594417647_022026-F.jpg",1200,759,false],"woocommerce_thumbnail":["https:\/\/rms-enlinea.com.ar\/wp-content\/uploads\/2026\/02\/D_741786-MLA106594417647_022026-F-450x450.jpg",450,450,true],"woocommerce_single":["https:\/\/rms-enlinea.com.ar\/wp-content\/uploads\/2026\/02\/D_741786-MLA106594417647_022026-F-600x380.jpg",600,380,true],"woocommerce_gallery_thumbnail":["https:\/\/rms-enlinea.com.ar\/wp-content\/uploads\/2026\/02\/D_741786-MLA106594417647_022026-F-100x100.jpg",100,100,true]},"uagb_author_info":{"display_name":"mario","author_link":"https:\/\/rms-enlinea.com.ar\/tienda\/author\/"},"uagb_comment_info":0,"uagb_excerpt":"Descripci\u00f3nM\u00e1s informaci\u00f3nProcesador Z\u00f3calo LGA1700: compatibilidad con procesadores Intel\u00ae Core&#x2122;, Pentium\u00ae Gold y Celeron\u00ae de 14.\u00aa, 13.\u00aa y 12.\u00aa generaci\u00f3nConjunto de chips Conjunto de chips Intel\u00ae Z790 ExpressMemoria Procesadores Intel\u00ae Core&#x2122; i9\/i7 de 14.\u00aa y 13.\u00aa generaci\u00f3n: &#8211; Soporte para m\u00f3dulos de memoria DDR5 7600(OC)\/7400(OC)\/7200(OC)\/7000(OC)\/6800(OC)\/6600(OC)\/6400(OC)\/6200(OC) \/6000(OC)\/5800(OC)\/5600\/5400\/5200\/4800\/4400 MT\/s Procesadores Intel\u00ae Core&#x2122; i5\/i3 de 13.\u00aa generaci\u00f3n y Intel\u00ae&hellip;","_links":{"self":[{"href":"https:\/\/rms-enlinea.com.ar\/tienda\/wp-json\/wp\/v2\/product\/61054","targetHints":{"allow":["GET"]}}],"collection":[{"href":"https:\/\/rms-enlinea.com.ar\/tienda\/wp-json\/wp\/v2\/product"}],"about":[{"href":"https:\/\/rms-enlinea.com.ar\/tienda\/wp-json\/wp\/v2\/types\/product"}],"replies":[{"embeddable":true,"href":"https:\/\/rms-enlinea.com.ar\/tienda\/wp-json\/wp\/v2\/comments?post=61054"}],"wp:featuredmedia":[{"embeddable":true,"href":"https:\/\/rms-enlinea.com.ar\/tienda\/wp-json\/wp\/v2\/media\/61055"}],"wp:attachment":[{"href":"https:\/\/rms-enlinea.com.ar\/tienda\/wp-json\/wp\/v2\/media?parent=61054"}],"wp:term":[{"taxonomy":"product_brand","embeddable":true,"href":"https:\/\/rms-enlinea.com.ar\/tienda\/wp-json\/wp\/v2\/product_brand?post=61054"},{"taxonomy":"product_cat","embeddable":true,"href":"https:\/\/rms-enlinea.com.ar\/tienda\/wp-json\/wp\/v2\/product_cat?post=61054"},{"taxonomy":"product_tag","embeddable":true,"href":"https:\/\/rms-enlinea.com.ar\/tienda\/wp-json\/wp\/v2\/product_tag?post=61054"}],"curies":[{"name":"wp","href":"https:\/\/api.w.org\/{rel}","templated":true}]}}