{"id":61097,"date":"2026-02-17T13:40:46","date_gmt":"2026-02-17T16:40:46","guid":{"rendered":"https:\/\/rms-enlinea.com.ar\/tienda\/producto\/motherboard-asus-prime-amd-b840m-a-am5-ddr5-pcie-4-0-color-gris\/"},"modified":"2026-05-04T13:02:32","modified_gmt":"2026-05-04T16:02:32","slug":"motherboard-asus-prime-amd-b840m-a-am5-ddr5-pcie-4-0-color-gris","status":"publish","type":"product","link":"https:\/\/rms-enlinea.com.ar\/tienda\/producto\/motherboard-asus-prime-amd-b840m-a-am5-ddr5-pcie-4-0-color-gris\/","title":{"rendered":"Mother Asus Prime B840m-a Am5 Ddr5 Pcie 4.0 Serie 7 8 9"},"content":{"rendered":"<p>Motherboard Asus Prime B840M-A DDR5 AM5:<br \/>\n_______________________________________________________________<\/p>\n<p>DETALLE:<\/p>\n<p>Socket: AM5<br \/>\nSlots de Ram: 4<br \/>\nM\u00e1ximo de Ram: 256Gb<br \/>\nFormato: M-ATX<br \/>\nCantidad de PCIe: 3<br \/>\nIluminaci\u00f3n: Sin Iluminaci\u00f3n<br \/>\nConexi\u00f3n ARGB: S\u00ed<br \/>\n_______________________________________________________________<\/p>\n<p>ESPECIFICACIONES:<br \/>\nCPU<br \/>\nAMD Socket AM5 para procesadores de escritorio AMD Ryzen series 9000, 8000 y 7000*<br \/>\n* Consulte los CPU compatibles.<br \/>\nConjunto de chips<br \/>\nConjunto de chips AMD B840<br \/>\nMemoria<br \/>\n4 ranuras DIMM, m\u00e1x. 256 GB, DDR5<br \/>\nAdmite hasta 7600+MT\/s (OC) con procesadores Ryzen de las series 9000 y 8000 y 7000, ECC y no ECC, DIMM sin b\u00fafer*<br \/>\nArquitectura de memoria de doble canal<br \/>\nAdmite perfiles extendidos AMD para overclocking (EXPO)<br \/>\nPerfil de memoria mejorado de ASUS (AEMP)<br \/>\nGr\u00e1ficos<br \/>\n2 x DisplayPort**<br \/>\n1 x puerto HDMI<br \/>\n** Admite 8K a 30 Hz como m\u00e1ximo, seg\u00fan se especifica en DisplayPort 1.4.<br \/>\n*** Admite 4K a 60 Hz como se especifica en HDMI 2.1.<br \/>\nRanuras de expansi\u00f3n<br \/>\nAlmacenamiento<br \/>\nTotal admite 3 ranuras M.2 y 4 puertos SATA de 6 Gb\/s<br \/>\n4 x SATA Puertos de 6 Gb\/s<br \/>\nTecnolog\u00eda AMD RAIDXpert2<br \/>\nEthernet<br \/>\n1 x ASUS LANGuard Ethernet Realtek de 2,5 Gb<br \/>\nUSB<br \/>\nUSB trasero (7 puertos en total)<br \/>\n2 puertos USB de 10 Gbps (2 de tipo A)<br \/>\n1 puerto USB de 5 Gbps (1 USB Type-C)<br \/>\n4 puertos USB 2.0 (4 de tipo A)<br \/>\nUSB frontal (7 puertos en total)<br \/>\n1 cabezal USB de 5 Gbps que admite 2 puertos USB de 5 Gbps adicionales<br \/>\n2 cabezales USB 2.0 que admiten 4 puertos USB 2.0 adicionales<br \/>\nAudio<br \/>\nCODEC de audio de alta definici\u00f3n con sonido envolvente Realtek 7.1*<br \/>\n&#8211; Admite: detecci\u00f3n de conectores, transmisi\u00f3n m\u00faltiple, reasignaci\u00f3n de conectores del panel frontal<br \/>\n&#8211; Admite reproducci\u00f3n de hasta 24 bits\/192 kHz<br \/>\nCaracter\u00edsticas de audio<br \/>\n&#8211; Blindaje de audio<br \/>\n&#8211; Capacitores de audio premium<br \/>\n&#8211; Capas de PCB de audio dedicadas<br \/>\nPuertos de E\/S del panel posterior<br \/>\n2 puertos USB 10 Gbps (2 x Tipo-A)<br \/>\n1 puerto USB 5 Gbps (1 x USB Tipo-C)<br \/>\n4 puertos USB 2.0 (4 x Tipo-A)<br \/>\n2 x DisplayPort<br \/>\n1 puerto HDMI<br \/>\n1 puerto Ethernet Realtek de 2,5 Gb<br \/>\n3 conectores de audio<br \/>\n1 bot\u00f3n BIOS FlashBack<br \/>\nConectores de E\/S internos<br \/>\nRelacionado con ventiladores y refrigeraci\u00f3n<br \/>\n1 x encabezado de ventilador de CPU de 4 pines<br \/>\n1 x encabezado de ventilador OPT de CPU de 4 pines<br \/>\n2 x encabezados de ventilador de chasis de 4 pines<br \/>\nRelacionado con la alimentaci\u00f3n<br \/>\n1 x conector de alimentaci\u00f3n principal de 24 pines<br \/>\n1 x conector de alimentaci\u00f3n de CPU de +12 V de 8 pines<br \/>\nRelacionado con el almacenamiento<br \/>\n3 x ranuras M.2 (clave M)<br \/>\n4 x puertos SATA de 6 Gb\/s<br \/>\nUSB<br \/>\n1 x encabezado USB de 5 Gbps admite 2 puertos USB de 5 Gbps adicionales<br \/>\n2 x encabezados USB 2.0 admiten 4 puertos USB 2.0 adicionales<br \/>\nVarios<br \/>\n3 x encabezados Iluminacion direccionables Gen 2 (ARGB)<br \/>\n1 x encabezado Clear CMOS<br \/>\n1 x encabezado de puerto COM<br \/>\n1 x encabezado de audio del panel frontal (F_AUDIO)<br \/>\n1 x encabezado de salida S\/PDIF<br \/>\n1 x encabezado SPI TPM (14-1 pin)<br \/>\n1 x encabezado de sistema del panel frontal de 10-1 pin<br \/>\nAura Sync<br \/>\n&#8211; Encabezados Gen 2 direccionables<br \/>\nBIOS<br \/>\nROM flash de 256 Mb, BIOS UEFI AMI<br \/>\nFactor de forma<br \/>\nmicro-ATX 9,6 pulgadas x 9,6 pulgadas (24,4 cm x 24,4 cm)<\/p>\n<p>_______________________________________________________________<\/p>\n","protected":false},"excerpt":{"rendered":"<p>Motherboard Asus Prime B840M-A DDR5 AM5: _______________________________________________________________ DETALLE: Socket: AM5 Slots de Ram: 4 M\u00e1ximo de Ram: 256Gb Formato: M-ATX Cantidad de PCIe: 3 Iluminaci\u00f3n: Sin Iluminaci\u00f3n Conexi\u00f3n ARGB: S\u00ed _______________________________________________________________ ESPECIFICACIONES: CPU AMD Socket AM5 para procesadores de escritorio AMD Ryzen series 9000, 8000 y 7000* * Consulte los CPU compatibles. Conjunto de chips [&hellip;]<\/p>\n","protected":false},"featured_media":61098,"comment_status":"open","ping_status":"closed","template":"","meta":{"_uag_custom_page_level_css":""},"product_brand":[586],"product_cat":[115,15],"product_tag":[],"class_list":{"0":"post-61097","1":"product","2":"type-product","3":"status-publish","4":"has-post-thumbnail","6":"product_brand-asus","7":"product_cat-mother","8":"product_cat-sin-categorizar","10":"first","11":"outofstock","12":"sale","13":"taxable","14":"shipping-taxable","15":"purchasable","16":"product-type-simple"},"uagb_featured_image_src":{"full":["https:\/\/rms-enlinea.com.ar\/wp-content\/uploads\/2026\/02\/D_813770-MLA99939905427_112025-F.jpg",1081,630,false],"thumbnail":["https:\/\/rms-enlinea.com.ar\/wp-content\/uploads\/2026\/02\/D_813770-MLA99939905427_112025-F-150x150.jpg",150,150,true],"medium":["https:\/\/rms-enlinea.com.ar\/wp-content\/uploads\/2026\/02\/D_813770-MLA99939905427_112025-F-300x175.jpg",300,175,true],"medium_large":["https:\/\/rms-enlinea.com.ar\/wp-content\/uploads\/2026\/02\/D_813770-MLA99939905427_112025-F-768x448.jpg",768,448,true],"large":["https:\/\/rms-enlinea.com.ar\/wp-content\/uploads\/2026\/02\/D_813770-MLA99939905427_112025-F-1024x597.jpg",1024,597,true],"1536x1536":["https:\/\/rms-enlinea.com.ar\/wp-content\/uploads\/2026\/02\/D_813770-MLA99939905427_112025-F.jpg",1081,630,false],"2048x2048":["https:\/\/rms-enlinea.com.ar\/wp-content\/uploads\/2026\/02\/D_813770-MLA99939905427_112025-F.jpg",1081,630,false],"woocommerce_thumbnail":["https:\/\/rms-enlinea.com.ar\/wp-content\/uploads\/2026\/02\/D_813770-MLA99939905427_112025-F-450x450.jpg",450,450,true],"woocommerce_single":["https:\/\/rms-enlinea.com.ar\/wp-content\/uploads\/2026\/02\/D_813770-MLA99939905427_112025-F-600x350.jpg",600,350,true],"woocommerce_gallery_thumbnail":["https:\/\/rms-enlinea.com.ar\/wp-content\/uploads\/2026\/02\/D_813770-MLA99939905427_112025-F-100x100.jpg",100,100,true]},"uagb_author_info":{"display_name":"nelson","author_link":"https:\/\/rms-enlinea.com.ar\/tienda\/author\/"},"uagb_comment_info":0,"uagb_excerpt":"Motherboard Asus Prime B840M-A DDR5 AM5: _______________________________________________________________ DETALLE: Socket: AM5 Slots de Ram: 4 M\u00e1ximo de Ram: 256Gb Formato: M-ATX Cantidad de PCIe: 3 Iluminaci\u00f3n: Sin Iluminaci\u00f3n Conexi\u00f3n ARGB: S\u00ed _______________________________________________________________ ESPECIFICACIONES: CPU AMD Socket AM5 para procesadores de escritorio AMD Ryzen series 9000, 8000 y 7000* * Consulte los CPU compatibles. Conjunto de chips&hellip;","_links":{"self":[{"href":"https:\/\/rms-enlinea.com.ar\/tienda\/wp-json\/wp\/v2\/product\/61097","targetHints":{"allow":["GET"]}}],"collection":[{"href":"https:\/\/rms-enlinea.com.ar\/tienda\/wp-json\/wp\/v2\/product"}],"about":[{"href":"https:\/\/rms-enlinea.com.ar\/tienda\/wp-json\/wp\/v2\/types\/product"}],"replies":[{"embeddable":true,"href":"https:\/\/rms-enlinea.com.ar\/tienda\/wp-json\/wp\/v2\/comments?post=61097"}],"wp:featuredmedia":[{"embeddable":true,"href":"https:\/\/rms-enlinea.com.ar\/tienda\/wp-json\/wp\/v2\/media\/61098"}],"wp:attachment":[{"href":"https:\/\/rms-enlinea.com.ar\/tienda\/wp-json\/wp\/v2\/media?parent=61097"}],"wp:term":[{"taxonomy":"product_brand","embeddable":true,"href":"https:\/\/rms-enlinea.com.ar\/tienda\/wp-json\/wp\/v2\/product_brand?post=61097"},{"taxonomy":"product_cat","embeddable":true,"href":"https:\/\/rms-enlinea.com.ar\/tienda\/wp-json\/wp\/v2\/product_cat?post=61097"},{"taxonomy":"product_tag","embeddable":true,"href":"https:\/\/rms-enlinea.com.ar\/tienda\/wp-json\/wp\/v2\/product_tag?post=61097"}],"curies":[{"name":"wp","href":"https:\/\/api.w.org\/{rel}","templated":true}]}}