{"id":61103,"date":"2026-02-17T15:50:16","date_gmt":"2026-02-17T18:50:16","guid":{"rendered":"https:\/\/rms-enlinea.com.ar\/tienda\/producto\/placa-de-video-gigabyte-gt-710-2gb-ddr3-gv-n710d3-2gl\/"},"modified":"2026-04-21T04:37:10","modified_gmt":"2026-04-21T07:37:10","slug":"placa-de-video-gigabyte-gt-710-2gb-ddr3-gv-n710d3-2gl","status":"publish","type":"product","link":"https:\/\/rms-enlinea.com.ar\/tienda\/producto\/placa-de-video-gigabyte-gt-710-2gb-ddr3-gv-n710d3-2gl\/","title":{"rendered":"Placa De Video Gigabyte Gt 710 2gb Ddr3 Gv-n710d3-2gl"},"content":{"rendered":"<p>La Placa de Video Gigabyte GT 710 2GB DDR3 GV-N710D3-2GL es una opci\u00f3n ideal para quienes buscan mejorar la experiencia visual de su equipo sin complicaciones. Con 2 GB de memoria DDR3 y una interfaz PCI-Express 2.0, esta tarjeta gr\u00e1fica ofrece un rendimiento s\u00f3lido para tareas cotidianas y entretenimiento multimedia.<\/p>\n<p>Su conectividad incluye DL-DVI-D, HDMI y D-Sub, permitiendo la conexi\u00f3n de hasta tres monitores simult\u00e1neamente. La resoluci\u00f3n m\u00e1xima de C4K garantiza im\u00e1genes n\u00edtidas y detalladas, perfectas para disfrutar de pel\u00edculas y juegos en alta definici\u00f3n.<\/p>\n<p>Con 192 n\u00facleos y una frecuencia base del n\u00facleo de 954 MHz, esta placa proporciona un rendimiento eficiente en aplicaciones gr\u00e1ficas. Su sistema de refrigeraci\u00f3n por aire asegura un funcionamiento estable, manteniendo la temperatura m\u00e1xima en 99 \u00b0C.<\/p>\n<p>Ideal para usuarios que requieren una soluci\u00f3n gr\u00e1fica accesible, la GT 710 es compatible con DirectX y OpenGL, lo que la convierte en una opci\u00f3n vers\u00e1til para diversas aplicaciones. Su bajo requerimiento energ\u00e9tico de 300 W la hace adecuada para sistemas de gama baja y media.<\/p>\n","protected":false},"excerpt":{"rendered":"<p>La Placa de Video Gigabyte GT 710 2GB DDR3 GV-N710D3-2GL es una opci\u00f3n ideal para quienes buscan mejorar la experiencia visual de su equipo sin complicaciones. Con 2 GB de memoria DDR3 y una interfaz PCI-Express 2.0, esta tarjeta gr\u00e1fica ofrece un rendimiento s\u00f3lido para tareas cotidianas y entretenimiento multimedia. Su conectividad incluye DL-DVI-D, HDMI [&hellip;]<\/p>\n","protected":false},"featured_media":61104,"comment_status":"open","ping_status":"closed","template":"","meta":{"_uag_custom_page_level_css":""},"product_brand":[532],"product_cat":[120,15],"product_tag":[],"class_list":{"0":"post-61103","1":"product","2":"type-product","3":"status-publish","4":"has-post-thumbnail","6":"product_brand-gigabyte","7":"product_cat-placas-de-video","8":"product_cat-sin-categorizar","10":"first","11":"outofstock","12":"sale","13":"taxable","14":"shipping-taxable","15":"purchasable","16":"product-type-simple"},"uagb_featured_image_src":{"full":["https:\/\/rms-enlinea.com.ar\/wp-content\/uploads\/2026\/02\/D_897968-MLA99440351250_112025-F.jpg",810,642,false],"thumbnail":["https:\/\/rms-enlinea.com.ar\/wp-content\/uploads\/2026\/02\/D_897968-MLA99440351250_112025-F-150x150.jpg",150,150,true],"medium":["https:\/\/rms-enlinea.com.ar\/wp-content\/uploads\/2026\/02\/D_897968-MLA99440351250_112025-F-300x238.jpg",300,238,true],"medium_large":["https:\/\/rms-enlinea.com.ar\/wp-content\/uploads\/2026\/02\/D_897968-MLA99440351250_112025-F-768x609.jpg",768,609,true],"large":["https:\/\/rms-enlinea.com.ar\/wp-content\/uploads\/2026\/02\/D_897968-MLA99440351250_112025-F.jpg",810,642,false],"1536x1536":["https:\/\/rms-enlinea.com.ar\/wp-content\/uploads\/2026\/02\/D_897968-MLA99440351250_112025-F.jpg",810,642,false],"2048x2048":["https:\/\/rms-enlinea.com.ar\/wp-content\/uploads\/2026\/02\/D_897968-MLA99440351250_112025-F.jpg",810,642,false],"woocommerce_thumbnail":["https:\/\/rms-enlinea.com.ar\/wp-content\/uploads\/2026\/02\/D_897968-MLA99440351250_112025-F-450x450.jpg",450,450,true],"woocommerce_single":["https:\/\/rms-enlinea.com.ar\/wp-content\/uploads\/2026\/02\/D_897968-MLA99440351250_112025-F-600x476.jpg",600,476,true],"woocommerce_gallery_thumbnail":["https:\/\/rms-enlinea.com.ar\/wp-content\/uploads\/2026\/02\/D_897968-MLA99440351250_112025-F-100x100.jpg",100,100,true]},"uagb_author_info":{"display_name":"nelson","author_link":"https:\/\/rms-enlinea.com.ar\/tienda\/author\/"},"uagb_comment_info":0,"uagb_excerpt":"La Placa de Video Gigabyte GT 710 2GB DDR3 GV-N710D3-2GL es una opci\u00f3n ideal para quienes buscan mejorar la experiencia visual de su equipo sin complicaciones. Con 2 GB de memoria DDR3 y una interfaz PCI-Express 2.0, esta tarjeta gr\u00e1fica ofrece un rendimiento s\u00f3lido para tareas cotidianas y entretenimiento multimedia. Su conectividad incluye DL-DVI-D, HDMI&hellip;","_links":{"self":[{"href":"https:\/\/rms-enlinea.com.ar\/tienda\/wp-json\/wp\/v2\/product\/61103","targetHints":{"allow":["GET"]}}],"collection":[{"href":"https:\/\/rms-enlinea.com.ar\/tienda\/wp-json\/wp\/v2\/product"}],"about":[{"href":"https:\/\/rms-enlinea.com.ar\/tienda\/wp-json\/wp\/v2\/types\/product"}],"replies":[{"embeddable":true,"href":"https:\/\/rms-enlinea.com.ar\/tienda\/wp-json\/wp\/v2\/comments?post=61103"}],"wp:featuredmedia":[{"embeddable":true,"href":"https:\/\/rms-enlinea.com.ar\/tienda\/wp-json\/wp\/v2\/media\/61104"}],"wp:attachment":[{"href":"https:\/\/rms-enlinea.com.ar\/tienda\/wp-json\/wp\/v2\/media?parent=61103"}],"wp:term":[{"taxonomy":"product_brand","embeddable":true,"href":"https:\/\/rms-enlinea.com.ar\/tienda\/wp-json\/wp\/v2\/product_brand?post=61103"},{"taxonomy":"product_cat","embeddable":true,"href":"https:\/\/rms-enlinea.com.ar\/tienda\/wp-json\/wp\/v2\/product_cat?post=61103"},{"taxonomy":"product_tag","embeddable":true,"href":"https:\/\/rms-enlinea.com.ar\/tienda\/wp-json\/wp\/v2\/product_tag?post=61103"}],"curies":[{"name":"wp","href":"https:\/\/api.w.org\/{rel}","templated":true}]}}