{"id":61175,"date":"2026-02-18T01:14:48","date_gmt":"2026-02-18T04:14:48","guid":{"rendered":"https:\/\/rms-enlinea.com.ar\/tienda\/producto\/cabezal-movil-tecshow-molly-beam-150w-led-rgbw-angulo-3o-effecto-visual\/"},"modified":"2026-05-04T13:02:08","modified_gmt":"2026-05-04T16:02:08","slug":"cabezal-movil-tecshow-molly-beam-150w-led-rgbw-angulo-3o-effecto-visual","status":"publish","type":"product","link":"https:\/\/rms-enlinea.com.ar\/tienda\/producto\/cabezal-movil-tecshow-molly-beam-150w-led-rgbw-angulo-3o-effecto-visual\/","title":{"rendered":"Cabezal M\u00f3vil Tecshow Molly Beam 150w Led Rgbw \u00c1ngulo 3\u00ba Effecto Visual"},"content":{"rendered":"<p>Cabezal m\u00f3vil beam compacto<\/p>\n<p>1 LED blanco de 150W<br \/>\nAnillo RGB SMD<br \/>\n\u00c1ngulo de haz: 3 grados<\/p>\n<p>Molly Beam es un compacto cabezal m\u00f3vil beam de alta potencia. La unidad est\u00e1 equipada con 1 potente LED blanco de 150W y un sistema \u00f3ptico que entrega un \u00e1ngulo de haz de 3\u00ba. Molly Beam incorpora adem\u00e1s un anillo LED RGB SMD para lograr efectos visuales en complemento a la proyecci\u00f3n del haz. Este cabezal m\u00f3vil cuenta con 11 gobos, efecto prisma de 18 caras, y rueda de 7 colores + blanco, adem\u00e1s de programas integrados en sus secciones \u00f3pticas.<\/p>\n","protected":false},"excerpt":{"rendered":"<p>Cabezal m\u00f3vil beam compacto 1 LED blanco de 150W Anillo RGB SMD \u00c1ngulo de haz: 3 grados Molly Beam es un compacto cabezal m\u00f3vil beam de alta potencia. La unidad est\u00e1 equipada con 1 potente LED blanco de 150W y un sistema \u00f3ptico que entrega un \u00e1ngulo de haz de 3\u00ba. Molly Beam incorpora adem\u00e1s [&hellip;]<\/p>\n","protected":false},"featured_media":61176,"comment_status":"open","ping_status":"closed","template":"","meta":{"_uag_custom_page_level_css":""},"product_brand":[477],"product_cat":[84],"product_tag":[],"class_list":{"0":"post-61175","1":"product","2":"type-product","3":"status-publish","4":"has-post-thumbnail","6":"product_brand-ampro","7":"product_cat-cabezales-moviles","9":"first","10":"instock","11":"sale","12":"taxable","13":"shipping-taxable","14":"purchasable","15":"product-type-simple"},"uagb_featured_image_src":{"full":["https:\/\/rms-enlinea.com.ar\/wp-content\/uploads\/2026\/02\/D_631835-MLA99434993498_112025-F.jpg",662,973,false],"thumbnail":["https:\/\/rms-enlinea.com.ar\/wp-content\/uploads\/2026\/02\/D_631835-MLA99434993498_112025-F-150x150.jpg",150,150,true],"medium":["https:\/\/rms-enlinea.com.ar\/wp-content\/uploads\/2026\/02\/D_631835-MLA99434993498_112025-F-204x300.jpg",204,300,true],"medium_large":["https:\/\/rms-enlinea.com.ar\/wp-content\/uploads\/2026\/02\/D_631835-MLA99434993498_112025-F.jpg",662,973,false],"large":["https:\/\/rms-enlinea.com.ar\/wp-content\/uploads\/2026\/02\/D_631835-MLA99434993498_112025-F.jpg",662,973,false],"1536x1536":["https:\/\/rms-enlinea.com.ar\/wp-content\/uploads\/2026\/02\/D_631835-MLA99434993498_112025-F.jpg",662,973,false],"2048x2048":["https:\/\/rms-enlinea.com.ar\/wp-content\/uploads\/2026\/02\/D_631835-MLA99434993498_112025-F.jpg",662,973,false],"woocommerce_thumbnail":["https:\/\/rms-enlinea.com.ar\/wp-content\/uploads\/2026\/02\/D_631835-MLA99434993498_112025-F-450x450.jpg",450,450,true],"woocommerce_single":["https:\/\/rms-enlinea.com.ar\/wp-content\/uploads\/2026\/02\/D_631835-MLA99434993498_112025-F-600x882.jpg",600,882,true],"woocommerce_gallery_thumbnail":["https:\/\/rms-enlinea.com.ar\/wp-content\/uploads\/2026\/02\/D_631835-MLA99434993498_112025-F-100x100.jpg",100,100,true]},"uagb_author_info":{"display_name":"mario","author_link":"https:\/\/rms-enlinea.com.ar\/tienda\/author\/"},"uagb_comment_info":0,"uagb_excerpt":"Cabezal m\u00f3vil beam compacto 1 LED blanco de 150W Anillo RGB SMD \u00c1ngulo de haz: 3 grados Molly Beam es un compacto cabezal m\u00f3vil beam de alta potencia. La unidad est\u00e1 equipada con 1 potente LED blanco de 150W y un sistema \u00f3ptico que entrega un \u00e1ngulo de haz de 3\u00ba. Molly Beam incorpora adem\u00e1s&hellip;","_links":{"self":[{"href":"https:\/\/rms-enlinea.com.ar\/tienda\/wp-json\/wp\/v2\/product\/61175","targetHints":{"allow":["GET"]}}],"collection":[{"href":"https:\/\/rms-enlinea.com.ar\/tienda\/wp-json\/wp\/v2\/product"}],"about":[{"href":"https:\/\/rms-enlinea.com.ar\/tienda\/wp-json\/wp\/v2\/types\/product"}],"replies":[{"embeddable":true,"href":"https:\/\/rms-enlinea.com.ar\/tienda\/wp-json\/wp\/v2\/comments?post=61175"}],"wp:featuredmedia":[{"embeddable":true,"href":"https:\/\/rms-enlinea.com.ar\/tienda\/wp-json\/wp\/v2\/media\/61176"}],"wp:attachment":[{"href":"https:\/\/rms-enlinea.com.ar\/tienda\/wp-json\/wp\/v2\/media?parent=61175"}],"wp:term":[{"taxonomy":"product_brand","embeddable":true,"href":"https:\/\/rms-enlinea.com.ar\/tienda\/wp-json\/wp\/v2\/product_brand?post=61175"},{"taxonomy":"product_cat","embeddable":true,"href":"https:\/\/rms-enlinea.com.ar\/tienda\/wp-json\/wp\/v2\/product_cat?post=61175"},{"taxonomy":"product_tag","embeddable":true,"href":"https:\/\/rms-enlinea.com.ar\/tienda\/wp-json\/wp\/v2\/product_tag?post=61175"}],"curies":[{"name":"wp","href":"https:\/\/api.w.org\/{rel}","templated":true}]}}