{"id":61182,"date":"2026-02-18T01:15:34","date_gmt":"2026-02-18T04:15:34","guid":{"rendered":"https:\/\/rms-enlinea.com.ar\/tienda\/producto\/mixer-liliana-slim-ah200-negro-450w\/"},"modified":"2026-04-12T22:10:12","modified_gmt":"2026-04-13T01:10:12","slug":"mixer-liliana-slim-ah200-negro-450w","status":"publish","type":"product","link":"https:\/\/rms-enlinea.com.ar\/tienda\/producto\/mixer-liliana-slim-ah200-negro-450w\/","title":{"rendered":"Mixer Liliana Slim Ah200 Negro 240v 450w Negro"},"content":{"rendered":"<p>El Mixer Liliana Slim AH200 de color negro y con una potencia de 220V &#8211; 240V 450W es un electrodom\u00e9stico dise\u00f1ado para facilitar la preparaci\u00f3n de tus recetas. Su uso es intuitivo: simplemente se conecta, se a\u00f1aden los ingredientes y se inicia el proceso de mezcla, obteniendo resultados en pocos minutos.<\/p>\n<p>Este aparato cuenta con cuchillas de acero inoxidable, lo que garantiza resistencia y seguridad en su manejo, adem\u00e1s de facilitar su limpieza. Su dise\u00f1o y construcci\u00f3n aseguran una larga durabilidad.<\/p>\n","protected":false},"excerpt":{"rendered":"<p>El Mixer Liliana Slim AH200 de color negro y con una potencia de 220V &#8211; 240V 450W es un electrodom\u00e9stico dise\u00f1ado para facilitar la preparaci\u00f3n de tus recetas. Su uso es intuitivo: simplemente se conecta, se a\u00f1aden los ingredientes y se inicia el proceso de mezcla, obteniendo resultados en pocos minutos. Este aparato cuenta con [&hellip;]<\/p>\n","protected":false},"featured_media":61183,"comment_status":"open","ping_status":"closed","template":"","meta":{"_uag_custom_page_level_css":""},"product_brand":[533],"product_cat":[31,15],"product_tag":[],"class_list":{"0":"post-61182","1":"product","2":"type-product","3":"status-publish","4":"has-post-thumbnail","6":"product_brand-liliana","7":"product_cat-electrodomesticos","8":"product_cat-sin-categorizar","10":"first","11":"instock","12":"sale","13":"taxable","14":"shipping-taxable","15":"purchasable","16":"product-type-simple"},"uagb_featured_image_src":{"full":["https:\/\/rms-enlinea.com.ar\/wp-content\/uploads\/2026\/02\/D_725115-MLA99507416624_112025-F.jpg",991,1199,false],"thumbnail":["https:\/\/rms-enlinea.com.ar\/wp-content\/uploads\/2026\/02\/D_725115-MLA99507416624_112025-F-150x150.jpg",150,150,true],"medium":["https:\/\/rms-enlinea.com.ar\/wp-content\/uploads\/2026\/02\/D_725115-MLA99507416624_112025-F-248x300.jpg",248,300,true],"medium_large":["https:\/\/rms-enlinea.com.ar\/wp-content\/uploads\/2026\/02\/D_725115-MLA99507416624_112025-F-768x929.jpg",768,929,true],"large":["https:\/\/rms-enlinea.com.ar\/wp-content\/uploads\/2026\/02\/D_725115-MLA99507416624_112025-F-846x1024.jpg",846,1024,true],"1536x1536":["https:\/\/rms-enlinea.com.ar\/wp-content\/uploads\/2026\/02\/D_725115-MLA99507416624_112025-F.jpg",991,1199,false],"2048x2048":["https:\/\/rms-enlinea.com.ar\/wp-content\/uploads\/2026\/02\/D_725115-MLA99507416624_112025-F.jpg",991,1199,false],"woocommerce_thumbnail":["https:\/\/rms-enlinea.com.ar\/wp-content\/uploads\/2026\/02\/D_725115-MLA99507416624_112025-F-450x450.jpg",450,450,true],"woocommerce_single":["https:\/\/rms-enlinea.com.ar\/wp-content\/uploads\/2026\/02\/D_725115-MLA99507416624_112025-F-600x726.jpg",600,726,true],"woocommerce_gallery_thumbnail":["https:\/\/rms-enlinea.com.ar\/wp-content\/uploads\/2026\/02\/D_725115-MLA99507416624_112025-F-100x100.jpg",100,100,true]},"uagb_author_info":{"display_name":"mario","author_link":"https:\/\/rms-enlinea.com.ar\/tienda\/author\/"},"uagb_comment_info":0,"uagb_excerpt":"El Mixer Liliana Slim AH200 de color negro y con una potencia de 220V &#8211; 240V 450W es un electrodom\u00e9stico dise\u00f1ado para facilitar la preparaci\u00f3n de tus recetas. Su uso es intuitivo: simplemente se conecta, se a\u00f1aden los ingredientes y se inicia el proceso de mezcla, obteniendo resultados en pocos minutos. Este aparato cuenta con&hellip;","_links":{"self":[{"href":"https:\/\/rms-enlinea.com.ar\/tienda\/wp-json\/wp\/v2\/product\/61182","targetHints":{"allow":["GET"]}}],"collection":[{"href":"https:\/\/rms-enlinea.com.ar\/tienda\/wp-json\/wp\/v2\/product"}],"about":[{"href":"https:\/\/rms-enlinea.com.ar\/tienda\/wp-json\/wp\/v2\/types\/product"}],"replies":[{"embeddable":true,"href":"https:\/\/rms-enlinea.com.ar\/tienda\/wp-json\/wp\/v2\/comments?post=61182"}],"wp:featuredmedia":[{"embeddable":true,"href":"https:\/\/rms-enlinea.com.ar\/tienda\/wp-json\/wp\/v2\/media\/61183"}],"wp:attachment":[{"href":"https:\/\/rms-enlinea.com.ar\/tienda\/wp-json\/wp\/v2\/media?parent=61182"}],"wp:term":[{"taxonomy":"product_brand","embeddable":true,"href":"https:\/\/rms-enlinea.com.ar\/tienda\/wp-json\/wp\/v2\/product_brand?post=61182"},{"taxonomy":"product_cat","embeddable":true,"href":"https:\/\/rms-enlinea.com.ar\/tienda\/wp-json\/wp\/v2\/product_cat?post=61182"},{"taxonomy":"product_tag","embeddable":true,"href":"https:\/\/rms-enlinea.com.ar\/tienda\/wp-json\/wp\/v2\/product_tag?post=61182"}],"curies":[{"name":"wp","href":"https:\/\/api.w.org\/{rel}","templated":true}]}}