{"id":61218,"date":"2026-02-18T01:20:34","date_gmt":"2026-02-18T04:20:34","guid":{"rendered":"https:\/\/rms-enlinea.com.ar\/tienda\/producto\/auriculares-samsung-mini-plug-3-5mm-1-2m-eo-ia500bbegww\/"},"modified":"2026-03-04T18:32:09","modified_gmt":"2026-03-04T21:32:09","slug":"auriculares-samsung-mini-plug-3-5mm-1-2m-eo-ia500bbegww","status":"publish","type":"product","link":"https:\/\/rms-enlinea.com.ar\/tienda\/producto\/auriculares-samsung-mini-plug-3-5mm-1-2m-eo-ia500bbegww\/","title":{"rendered":"Auriculares Samsung Mini Plug 3.5mm 1.2m Eo-ia500bbegww"},"content":{"rendered":"<p>Modelo alfanum\u00e9rico EO-IA500BBEGWW<br \/>\nMarca Samsung<br \/>\nLargo del cable 1.2 m<br \/>\nRespuesta en frecuencia 20 Hz &#8211; 20 kHz<br \/>\nC\u00f3digo universal de producto 8801643664954<br \/>\nFormato del auricular In-ear<br \/>\nEs gamer No<br \/>\nEs monoaural No<br \/>\nEs inal\u00e1mbrico No<br \/>\nL\u00ednea AKG<br \/>\nFabricante Samsung<br \/>\nModelo EO-IA500BBEGWW<br \/>\nSensibilidad 93.2 dB<br \/>\nCon Bluetooth No<br \/>\nCon luz LED No<br \/>\nCon micr\u00f3fono S\u00ed<\/p>\n","protected":false},"excerpt":{"rendered":"<p>Modelo alfanum\u00e9rico EO-IA500BBEGWW Marca Samsung Largo del cable 1.2 m Respuesta en frecuencia 20 Hz &#8211; 20 kHz C\u00f3digo universal de producto 8801643664954 Formato del auricular In-ear Es gamer No Es monoaural No Es inal\u00e1mbrico No L\u00ednea AKG Fabricante Samsung Modelo EO-IA500BBEGWW Sensibilidad 93.2 dB Con Bluetooth No Con luz LED No Con micr\u00f3fono S\u00ed<\/p>\n","protected":false},"featured_media":33511,"comment_status":"open","ping_status":"closed","template":"","meta":{"_uag_custom_page_level_css":""},"product_brand":[581],"product_cat":[99,15],"product_tag":[],"class_list":{"0":"post-61218","1":"product","2":"type-product","3":"status-publish","4":"has-post-thumbnail","6":"product_brand-samsung","7":"product_cat-auriculares-computacion","8":"product_cat-sin-categorizar","10":"first","11":"outofstock","12":"sale","13":"taxable","14":"shipping-taxable","15":"purchasable","16":"product-type-simple"},"uagb_featured_image_src":{"full":["https:\/\/rms-enlinea.com.ar\/wp-content\/uploads\/2025\/06\/D_725934-MLU72604139116_112023-F.jpg",1180,756,false],"thumbnail":["https:\/\/rms-enlinea.com.ar\/wp-content\/uploads\/2025\/06\/D_725934-MLU72604139116_112023-F-150x150.jpg",150,150,true],"medium":["https:\/\/rms-enlinea.com.ar\/wp-content\/uploads\/2025\/06\/D_725934-MLU72604139116_112023-F-300x192.jpg",300,192,true],"medium_large":["https:\/\/rms-enlinea.com.ar\/wp-content\/uploads\/2025\/06\/D_725934-MLU72604139116_112023-F-768x492.jpg",768,492,true],"large":["https:\/\/rms-enlinea.com.ar\/wp-content\/uploads\/2025\/06\/D_725934-MLU72604139116_112023-F-1024x656.jpg",1024,656,true],"1536x1536":["https:\/\/rms-enlinea.com.ar\/wp-content\/uploads\/2025\/06\/D_725934-MLU72604139116_112023-F.jpg",1180,756,false],"2048x2048":["https:\/\/rms-enlinea.com.ar\/wp-content\/uploads\/2025\/06\/D_725934-MLU72604139116_112023-F.jpg",1180,756,false],"woocommerce_thumbnail":["https:\/\/rms-enlinea.com.ar\/wp-content\/uploads\/2025\/06\/D_725934-MLU72604139116_112023-F-450x450.jpg",450,450,true],"woocommerce_single":["https:\/\/rms-enlinea.com.ar\/wp-content\/uploads\/2025\/06\/D_725934-MLU72604139116_112023-F-600x384.jpg",600,384,true],"woocommerce_gallery_thumbnail":["https:\/\/rms-enlinea.com.ar\/wp-content\/uploads\/2025\/06\/D_725934-MLU72604139116_112023-F-100x100.jpg",100,100,true]},"uagb_author_info":{"display_name":"mario","author_link":"https:\/\/rms-enlinea.com.ar\/tienda\/author\/"},"uagb_comment_info":0,"uagb_excerpt":"Modelo alfanum\u00e9rico EO-IA500BBEGWW Marca Samsung Largo del cable 1.2 m Respuesta en frecuencia 20 Hz &#8211; 20 kHz C\u00f3digo universal de producto 8801643664954 Formato del auricular In-ear Es gamer No Es monoaural No Es inal\u00e1mbrico No L\u00ednea AKG Fabricante Samsung Modelo EO-IA500BBEGWW Sensibilidad 93.2 dB Con Bluetooth No Con luz LED No Con micr\u00f3fono S\u00ed","_links":{"self":[{"href":"https:\/\/rms-enlinea.com.ar\/tienda\/wp-json\/wp\/v2\/product\/61218","targetHints":{"allow":["GET"]}}],"collection":[{"href":"https:\/\/rms-enlinea.com.ar\/tienda\/wp-json\/wp\/v2\/product"}],"about":[{"href":"https:\/\/rms-enlinea.com.ar\/tienda\/wp-json\/wp\/v2\/types\/product"}],"replies":[{"embeddable":true,"href":"https:\/\/rms-enlinea.com.ar\/tienda\/wp-json\/wp\/v2\/comments?post=61218"}],"wp:featuredmedia":[{"embeddable":true,"href":"https:\/\/rms-enlinea.com.ar\/tienda\/wp-json\/wp\/v2\/media\/33511"}],"wp:attachment":[{"href":"https:\/\/rms-enlinea.com.ar\/tienda\/wp-json\/wp\/v2\/media?parent=61218"}],"wp:term":[{"taxonomy":"product_brand","embeddable":true,"href":"https:\/\/rms-enlinea.com.ar\/tienda\/wp-json\/wp\/v2\/product_brand?post=61218"},{"taxonomy":"product_cat","embeddable":true,"href":"https:\/\/rms-enlinea.com.ar\/tienda\/wp-json\/wp\/v2\/product_cat?post=61218"},{"taxonomy":"product_tag","embeddable":true,"href":"https:\/\/rms-enlinea.com.ar\/tienda\/wp-json\/wp\/v2\/product_tag?post=61218"}],"curies":[{"name":"wp","href":"https:\/\/api.w.org\/{rel}","templated":true}]}}