{"id":61239,"date":"2026-02-18T01:22:35","date_gmt":"2026-02-18T04:22:35","guid":{"rendered":"https:\/\/rms-enlinea.com.ar\/tienda\/producto\/adaptador-usb-wifi-mercusys-mu6h-ac650-dual-band\/"},"modified":"2026-04-06T14:18:25","modified_gmt":"2026-04-06T17:18:25","slug":"adaptador-usb-wifi-mercusys-mu6h-ac650-dual-band","status":"publish","type":"product","link":"https:\/\/rms-enlinea.com.ar\/tienda\/producto\/adaptador-usb-wifi-mercusys-mu6h-ac650-dual-band\/","title":{"rendered":"Adaptador Wifi Usb Placa Red Mercusys Mu6h Ac650 Dual Band"},"content":{"rendered":"<p>El adaptador USB WiFi Mercusys MU6H AC650 Dual Band es la soluci\u00f3n ideal para quienes buscan una conexi\u00f3n a internet r\u00e1pida y estable. Con una tasa de transferencia de datos de hasta 650 MB\/s, este dispositivo permite disfrutar de streaming, juegos en l\u00ednea y navegaci\u00f3n sin interrupciones. Su dise\u00f1o compacto y la antena externa garantizan una mejor recepci\u00f3n de se\u00f1al, optimizando la conectividad en cualquier entorno.<\/p>\n<p>Compatible con los sistemas operativos Windows 11 y Windows 10, el MU6H se conecta f\u00e1cilmente a tu computadora a trav\u00e9s de su interfaz USB. Su tecnolog\u00eda de conectividad WLAN asegura que puedas acceder a redes de 2.4 GHz y 5 GHz, adapt\u00e1ndose a tus necesidades de uso. Este adaptador es perfecto tanto para usuarios dom\u00e9sticos como para profesionales que requieren un rendimiento confiable y eficiente.<\/p>\n<p>Con una altura de solo 4 cm, el adaptador es port\u00e1til y f\u00e1cil de llevar, lo que lo convierte en un compa\u00f1ero ideal para quienes trabajan o estudian en diferentes lugares. Mejora tu experiencia de navegaci\u00f3n y mantente conectado con el adaptador USB WiFi Mercusys MU6H, una opci\u00f3n que combina calidad y rendimiento en un solo dispositivo.<\/p>\n","protected":false},"excerpt":{"rendered":"<p>El adaptador USB WiFi Mercusys MU6H AC650 Dual Band es la soluci\u00f3n ideal para quienes buscan una conexi\u00f3n a internet r\u00e1pida y estable. Con una tasa de transferencia de datos de hasta 650 MB\/s, este dispositivo permite disfrutar de streaming, juegos en l\u00ednea y navegaci\u00f3n sin interrupciones. Su dise\u00f1o compacto y la antena externa garantizan [&hellip;]<\/p>\n","protected":false},"featured_media":61240,"comment_status":"open","ping_status":"closed","template":"","meta":{"_uag_custom_page_level_css":""},"product_brand":[605],"product_cat":[122,15],"product_tag":[],"class_list":{"0":"post-61239","1":"product","2":"type-product","3":"status-publish","4":"has-post-thumbnail","6":"product_brand-mercusys","7":"product_cat-redes-y-conectividad","8":"product_cat-sin-categorizar","10":"first","11":"outofstock","12":"sale","13":"taxable","14":"shipping-taxable","15":"purchasable","16":"product-type-simple"},"uagb_featured_image_src":{"full":["https:\/\/rms-enlinea.com.ar\/wp-content\/uploads\/2026\/02\/D_793654-MLA99465152708_112025-F.jpg",534,1196,false],"thumbnail":["https:\/\/rms-enlinea.com.ar\/wp-content\/uploads\/2026\/02\/D_793654-MLA99465152708_112025-F-150x150.jpg",150,150,true],"medium":["https:\/\/rms-enlinea.com.ar\/wp-content\/uploads\/2026\/02\/D_793654-MLA99465152708_112025-F-134x300.jpg",134,300,true],"medium_large":["https:\/\/rms-enlinea.com.ar\/wp-content\/uploads\/2026\/02\/D_793654-MLA99465152708_112025-F.jpg",534,1196,false],"large":["https:\/\/rms-enlinea.com.ar\/wp-content\/uploads\/2026\/02\/D_793654-MLA99465152708_112025-F-457x1024.jpg",457,1024,true],"1536x1536":["https:\/\/rms-enlinea.com.ar\/wp-content\/uploads\/2026\/02\/D_793654-MLA99465152708_112025-F.jpg",534,1196,false],"2048x2048":["https:\/\/rms-enlinea.com.ar\/wp-content\/uploads\/2026\/02\/D_793654-MLA99465152708_112025-F.jpg",534,1196,false],"woocommerce_thumbnail":["https:\/\/rms-enlinea.com.ar\/wp-content\/uploads\/2026\/02\/D_793654-MLA99465152708_112025-F-450x450.jpg",450,450,true],"woocommerce_single":["https:\/\/rms-enlinea.com.ar\/wp-content\/uploads\/2026\/02\/D_793654-MLA99465152708_112025-F.jpg",534,1196,false],"woocommerce_gallery_thumbnail":["https:\/\/rms-enlinea.com.ar\/wp-content\/uploads\/2026\/02\/D_793654-MLA99465152708_112025-F-100x100.jpg",100,100,true]},"uagb_author_info":{"display_name":"mario","author_link":"https:\/\/rms-enlinea.com.ar\/tienda\/author\/"},"uagb_comment_info":0,"uagb_excerpt":"El adaptador USB WiFi Mercusys MU6H AC650 Dual Band es la soluci\u00f3n ideal para quienes buscan una conexi\u00f3n a internet r\u00e1pida y estable. Con una tasa de transferencia de datos de hasta 650 MB\/s, este dispositivo permite disfrutar de streaming, juegos en l\u00ednea y navegaci\u00f3n sin interrupciones. Su dise\u00f1o compacto y la antena externa garantizan&hellip;","_links":{"self":[{"href":"https:\/\/rms-enlinea.com.ar\/tienda\/wp-json\/wp\/v2\/product\/61239","targetHints":{"allow":["GET"]}}],"collection":[{"href":"https:\/\/rms-enlinea.com.ar\/tienda\/wp-json\/wp\/v2\/product"}],"about":[{"href":"https:\/\/rms-enlinea.com.ar\/tienda\/wp-json\/wp\/v2\/types\/product"}],"replies":[{"embeddable":true,"href":"https:\/\/rms-enlinea.com.ar\/tienda\/wp-json\/wp\/v2\/comments?post=61239"}],"wp:featuredmedia":[{"embeddable":true,"href":"https:\/\/rms-enlinea.com.ar\/tienda\/wp-json\/wp\/v2\/media\/61240"}],"wp:attachment":[{"href":"https:\/\/rms-enlinea.com.ar\/tienda\/wp-json\/wp\/v2\/media?parent=61239"}],"wp:term":[{"taxonomy":"product_brand","embeddable":true,"href":"https:\/\/rms-enlinea.com.ar\/tienda\/wp-json\/wp\/v2\/product_brand?post=61239"},{"taxonomy":"product_cat","embeddable":true,"href":"https:\/\/rms-enlinea.com.ar\/tienda\/wp-json\/wp\/v2\/product_cat?post=61239"},{"taxonomy":"product_tag","embeddable":true,"href":"https:\/\/rms-enlinea.com.ar\/tienda\/wp-json\/wp\/v2\/product_tag?post=61239"}],"curies":[{"name":"wp","href":"https:\/\/api.w.org\/{rel}","templated":true}]}}