{"id":61251,"date":"2026-02-18T01:22:52","date_gmt":"2026-02-18T04:22:52","guid":{"rendered":"https:\/\/rms-enlinea.com.ar\/tienda\/producto\/adaptador-de-red-pcie-mercusys-ma30e-wifi-bluetooth-ac1200\/"},"modified":"2026-04-21T14:12:04","modified_gmt":"2026-04-21T17:12:04","slug":"adaptador-de-red-pcie-mercusys-ma30e-wifi-bluetooth-ac1200","status":"publish","type":"product","link":"https:\/\/rms-enlinea.com.ar\/tienda\/producto\/adaptador-de-red-pcie-mercusys-ma30e-wifi-bluetooth-ac1200\/","title":{"rendered":"Placa De Red Pci-e Mercusys Ma30e Ac1200 2 Antenas"},"content":{"rendered":"<p>Mercusys Placa de red PCIe WIFI MA30E AC1200 Bluetooth Dual Band 2 antenas<\/p>\n<p>&#8211; Fuerte velocidad de Wi-Fi de doble banda: velocidades de hasta 867 Mbps (5 GHz) + 300 Mbps (2,4 GHz)<br \/>\n&#8211; Cobertura de se\u00f1al m\u00e1s amplia: dos antenas de alto rendimiento<br \/>\n&#8211; Bluetooth 5.0: la tecnolog\u00eda Bluetooth 5.0 logra velocidades m\u00e1s r\u00e1pidas y una cobertura m\u00e1s amplia<br \/>\n&#8211; MU-MIMO: atiende simult\u00e1neamente a varios dispositivos sin m\u00e1s latencia ni congesti\u00f3n del ancho de banda<br \/>\n&#8211; Seguridad mejorada: la \u00faltima mejora de seguridad, WPA3, proporciona mayor protecci\u00f3n en la seguridad de las contrase\u00f1as personales<br \/>\n&#8211; Soporte completo para los est\u00e1ndares 802.11ac\/a\/b\/g\/n<br \/>\n&#8211; Sistema operativo: Windows 10, 11 (64 bits)<\/p>\n<p>El adaptador WiFi PCIe 802.11ac de doble banda (MA30E), compatible con las bandas de 5 GHz y 2,4 GHz, alcanza velocidades de hasta 1167 Mbps. Proporciona se\u00f1ales Wi-Fi en dos bandas independientes para todas tus necesidades en l\u00ednea. Elige la banda de 2,4 GHz (300 Mbps) para navegar, usar el correo electr\u00f3nico y las redes sociales, o cambia a la banda de 5 GHz (867 Mbps) para jugar, ver streaming y descargar archivos grandes.<\/p>\n<p>Recepci\u00f3n WiFi s\u00faper r\u00e1pida<\/p>\n<p>Bluetooth 5.0 Conecta todo<\/p>\n<p>Antenas de alta ganancia para una cobertura m\u00e1s amplia<\/p>\n<p>Dos potentes antenas amplificadoras de se\u00f1al de alta ganancia aumentan significativamente el alcance del Wi-Fi, proporcionando una experiencia en l\u00ednea r\u00e1pida y sin interrupciones desde una mayor distancia.<\/p>\n<p>El \u00faltimo WPA3 protege su red personal<\/p>\n<p>El \u00faltimo est\u00e1ndar de seguridad, WPA3, ofrece protecci\u00f3n WiFi integral mejorada para defender tus dispositivos e informaci\u00f3n privada contra ataques de fuerza bruta.<\/p>\n","protected":false},"excerpt":{"rendered":"<p>Mercusys Placa de red PCIe WIFI MA30E AC1200 Bluetooth Dual Band 2 antenas &#8211; Fuerte velocidad de Wi-Fi de doble banda: velocidades de hasta 867 Mbps (5 GHz) + 300 Mbps (2,4 GHz) &#8211; Cobertura de se\u00f1al m\u00e1s amplia: dos antenas de alto rendimiento &#8211; Bluetooth 5.0: la tecnolog\u00eda Bluetooth 5.0 logra velocidades m\u00e1s r\u00e1pidas [&hellip;]<\/p>\n","protected":false},"featured_media":61252,"comment_status":"open","ping_status":"closed","template":"","meta":{"_uag_custom_page_level_css":""},"product_brand":[605],"product_cat":[122,15],"product_tag":[],"class_list":{"0":"post-61251","1":"product","2":"type-product","3":"status-publish","4":"has-post-thumbnail","6":"product_brand-mercusys","7":"product_cat-redes-y-conectividad","8":"product_cat-sin-categorizar","10":"first","11":"outofstock","12":"sale","13":"taxable","14":"shipping-taxable","15":"purchasable","16":"product-type-simple"},"uagb_featured_image_src":{"full":["https:\/\/rms-enlinea.com.ar\/wp-content\/uploads\/2026\/02\/D_829156-MLA99485330066_112025-F.jpg",563,1200,false],"thumbnail":["https:\/\/rms-enlinea.com.ar\/wp-content\/uploads\/2026\/02\/D_829156-MLA99485330066_112025-F-150x150.jpg",150,150,true],"medium":["https:\/\/rms-enlinea.com.ar\/wp-content\/uploads\/2026\/02\/D_829156-MLA99485330066_112025-F-141x300.jpg",141,300,true],"medium_large":["https:\/\/rms-enlinea.com.ar\/wp-content\/uploads\/2026\/02\/D_829156-MLA99485330066_112025-F.jpg",563,1200,false],"large":["https:\/\/rms-enlinea.com.ar\/wp-content\/uploads\/2026\/02\/D_829156-MLA99485330066_112025-F-480x1024.jpg",480,1024,true],"1536x1536":["https:\/\/rms-enlinea.com.ar\/wp-content\/uploads\/2026\/02\/D_829156-MLA99485330066_112025-F.jpg",563,1200,false],"2048x2048":["https:\/\/rms-enlinea.com.ar\/wp-content\/uploads\/2026\/02\/D_829156-MLA99485330066_112025-F.jpg",563,1200,false],"woocommerce_thumbnail":["https:\/\/rms-enlinea.com.ar\/wp-content\/uploads\/2026\/02\/D_829156-MLA99485330066_112025-F-450x450.jpg",450,450,true],"woocommerce_single":["https:\/\/rms-enlinea.com.ar\/wp-content\/uploads\/2026\/02\/D_829156-MLA99485330066_112025-F.jpg",563,1200,false],"woocommerce_gallery_thumbnail":["https:\/\/rms-enlinea.com.ar\/wp-content\/uploads\/2026\/02\/D_829156-MLA99485330066_112025-F-100x100.jpg",100,100,true]},"uagb_author_info":{"display_name":"mario","author_link":"https:\/\/rms-enlinea.com.ar\/tienda\/author\/"},"uagb_comment_info":0,"uagb_excerpt":"Mercusys Placa de red PCIe WIFI MA30E AC1200 Bluetooth Dual Band 2 antenas &#8211; Fuerte velocidad de Wi-Fi de doble banda: velocidades de hasta 867 Mbps (5 GHz) + 300 Mbps (2,4 GHz) &#8211; Cobertura de se\u00f1al m\u00e1s amplia: dos antenas de alto rendimiento &#8211; Bluetooth 5.0: la tecnolog\u00eda Bluetooth 5.0 logra velocidades m\u00e1s r\u00e1pidas&hellip;","_links":{"self":[{"href":"https:\/\/rms-enlinea.com.ar\/tienda\/wp-json\/wp\/v2\/product\/61251","targetHints":{"allow":["GET"]}}],"collection":[{"href":"https:\/\/rms-enlinea.com.ar\/tienda\/wp-json\/wp\/v2\/product"}],"about":[{"href":"https:\/\/rms-enlinea.com.ar\/tienda\/wp-json\/wp\/v2\/types\/product"}],"replies":[{"embeddable":true,"href":"https:\/\/rms-enlinea.com.ar\/tienda\/wp-json\/wp\/v2\/comments?post=61251"}],"wp:featuredmedia":[{"embeddable":true,"href":"https:\/\/rms-enlinea.com.ar\/tienda\/wp-json\/wp\/v2\/media\/61252"}],"wp:attachment":[{"href":"https:\/\/rms-enlinea.com.ar\/tienda\/wp-json\/wp\/v2\/media?parent=61251"}],"wp:term":[{"taxonomy":"product_brand","embeddable":true,"href":"https:\/\/rms-enlinea.com.ar\/tienda\/wp-json\/wp\/v2\/product_brand?post=61251"},{"taxonomy":"product_cat","embeddable":true,"href":"https:\/\/rms-enlinea.com.ar\/tienda\/wp-json\/wp\/v2\/product_cat?post=61251"},{"taxonomy":"product_tag","embeddable":true,"href":"https:\/\/rms-enlinea.com.ar\/tienda\/wp-json\/wp\/v2\/product_tag?post=61251"}],"curies":[{"name":"wp","href":"https:\/\/api.w.org\/{rel}","templated":true}]}}