{"id":61274,"date":"2026-02-18T01:23:51","date_gmt":"2026-02-18T04:23:51","guid":{"rendered":"https:\/\/rms-enlinea.com.ar\/tienda\/producto\/gabinete-thermaltake-view-390-air-snow-tg-curvo-fan-x2-p-blanco\/"},"modified":"2026-04-21T07:15:45","modified_gmt":"2026-04-21T10:15:45","slug":"gabinete-thermaltake-view-390-air-snow-tg-curvo-fan-x2-p-blanco","status":"publish","type":"product","link":"https:\/\/rms-enlinea.com.ar\/tienda\/producto\/gabinete-thermaltake-view-390-air-snow-tg-curvo-fan-x2-p-blanco\/","title":{"rendered":"Gabinete Tt View 390 Air Mid- Tg Curvo Fan X2 Argb Black"},"content":{"rendered":"<p>Gabinete Thermaltake View 390 Air Snow Tg Curvo Fan X2 P Blanco<\/p>\n<p>El chasis View 390 Air Snow Mid Tower es una caja ATX con paneles laterales y superiores de vidrio templado curvo, panel frontal perforado, ranuras PCI-E rotatorias, soporte para GPU y dos ventiladores traseros CT120.<\/p>\n<p>El chasis View 390 Air Mid Tower admite hasta once ventiladores de 120 mm y un radiador AIO de 360 mm en la parte frontal o en la placa base.<\/p>\n<p>Dise\u00f1ado para equipos de nueva generaci\u00f3n, el chasis View 390 Air Mid Tower es apto para placas base est\u00e1ndar y con conectores ocultos de ASUS, MSI y GIGABYTE.<\/p>\n<p>Panel lateral de vidrio templado curvo de 4 mm para una apariencia distintiva.<\/p>\n<p>Dos ventiladores PWM de 120 mm en la parte trasera para proporcionar un buen rendimiento de refrigeraci\u00f3n.<\/p>\n<p>La View 390 Air Mid Tower puede admitir hasta dos ventiladores de 200 mm en la parte frontal, hasta once ventiladores de 120 mm en total y un radiador AIO de 360 mm en la parte frontal o en el costado de la placa base.<\/p>\n<p>Las ranuras PCI-E giratorias permiten el montaje de la GPU tanto horizontal como verticalmente. El soporte para GPU y el soporte para cable vertical incluidos ayudan a sujetar la GPU y evitar que se hunda.<\/p>\n<p>Gracias al panel frontal perforado y a los dos ventiladores traseros CT120, el chasis View 390 Air Mid Tower tiene entradas de aire fr\u00edo y salidas de aire caliente bien dise\u00f1adas para mantener la temperatura interna baja.<\/p>\n<p>El chasis View 390 Air Mid Tower se prob\u00f3 al 100 % de carga completa durante 30 minutos, con la CPU, la GPU y la placa base de gama alta en el momento de la prueba.<\/p>\n<p>La placa de unidad en la parte trasera del chasis admite hasta dos discos duros de 3,5&#8221; o hasta tres SSD de 2,5&#8221; para la expansi\u00f3n del almacenamiento.<\/p>\n<p>Filtros extra\u00edbles en la parte posterior e inferior del chasis para proteger el sistema.<\/p>\n<p>Dos puertos USB 3.0, un USB 3.2 Gen 2 Tipo C, un bot\u00f3n de reinicio y puertos de audio HD ubicados en el panel superior.<\/p>\n<p>ESPECIFICACIONES<br \/>\nP\/N: CA-11F-00M6WN-00<br \/>\nSeries: View<br \/>\nCASE TYPE: Mid Tower<br \/>\nDimension (H x W x D): 503 x 287 x 485mm (19.80 x 11.30 x 19.1inch)<br \/>\nPANEL: 4mm Tempered Glass x 1<br \/>\nColor: White<br \/>\nMATERIAL: SPCC<br \/>\nCOOLING SYSTEM:<br \/>\nRear (exhaust):<br \/>\n120 x 120 x 25 mm CT120 fan (500~2000rpm, 25.8 dBA) x 2<br \/>\nDrive Bays: 2 x 3.5\u201d, 1 x 2.5\u201d or 3 x 2.5\u201d<br \/>\nEXPANSION SLOTS: 7 (Rotatable Patented Design)<br \/>\nMOTHERBOARDS: 6.7\u201d x 6.7\u201d (Mini ITX), 9.6\u201d x 9.6\u201d (Micro ATX), 12\u201d x 9.6\u201d (ATX)<br \/>\nHidden-Connector Motherboard: 9.6\u201d x 9.6\u201d (Micro ATX), 12\u201d x 9.6\u201d (ATX)<br \/>\nI\/O Port: USB 3.2 (Gen 2) Type-C x 1, USB 3.0 x 2, HD Audio x 1<br \/>\nPSU: Standard PS2 PSU (optional)<br \/>\nFAN SUPPORT:<br \/>\nFront:<br \/>\n3 x 120mm<br \/>\n2 x 140mm<br \/>\n2 x 200mm<br \/>\nRight:<br \/>\n3 x 120mm<br \/>\nRear:<br \/>\n2 x 120mm<br \/>\nBottom:<br \/>\n3 x 120mm<br \/>\nRADIATOR SUPPORT:<br \/>\nFront Side(AIO):<br \/>\n1 x 360mm, 1 x 240mm, 1 x 120mm<br \/>\n1 x 280mm, 1 x 140mm<br \/>\nRight Side(AIO):<br \/>\n1 x 360mm, 1 x 240mm, 1 x 120mm<br \/>\nCLEARANCE:<br \/>\nCPU cooler height limitation: 160mm<br \/>\nVGA length limitation:<br \/>\n390mm with Radiator \/ 420mm without Radiator<br \/>\nPSU length limitation: 200mm (with 2.5\u201d SSD)<br \/>\n260mm (without 2.5\u201d SSD)<\/p>\n","protected":false},"excerpt":{"rendered":"<p>Gabinete Thermaltake View 390 Air Snow Tg Curvo Fan X2 P Blanco El chasis View 390 Air Snow Mid Tower es una caja ATX con paneles laterales y superiores de vidrio templado curvo, panel frontal perforado, ranuras PCI-E rotatorias, soporte para GPU y dos ventiladores traseros CT120. El chasis View 390 Air Mid Tower admite [&hellip;]<\/p>\n","protected":false},"featured_media":61275,"comment_status":"open","ping_status":"closed","template":"","meta":{"_uag_custom_page_level_css":""},"product_brand":[561],"product_cat":[109,15],"product_tag":[],"class_list":{"0":"post-61274","1":"product","2":"type-product","3":"status-publish","4":"has-post-thumbnail","6":"product_brand-thermaltake","7":"product_cat-gabinetes","8":"product_cat-sin-categorizar","10":"first","11":"outofstock","12":"sale","13":"taxable","14":"shipping-taxable","15":"purchasable","16":"product-type-simple"},"uagb_featured_image_src":{"full":["https:\/\/rms-enlinea.com.ar\/wp-content\/uploads\/2026\/02\/D_718320-MLA99981483281_112025-F.jpg",1056,1200,false],"thumbnail":["https:\/\/rms-enlinea.com.ar\/wp-content\/uploads\/2026\/02\/D_718320-MLA99981483281_112025-F-150x150.jpg",150,150,true],"medium":["https:\/\/rms-enlinea.com.ar\/wp-content\/uploads\/2026\/02\/D_718320-MLA99981483281_112025-F-264x300.jpg",264,300,true],"medium_large":["https:\/\/rms-enlinea.com.ar\/wp-content\/uploads\/2026\/02\/D_718320-MLA99981483281_112025-F-768x873.jpg",768,873,true],"large":["https:\/\/rms-enlinea.com.ar\/wp-content\/uploads\/2026\/02\/D_718320-MLA99981483281_112025-F-901x1024.jpg",901,1024,true],"1536x1536":["https:\/\/rms-enlinea.com.ar\/wp-content\/uploads\/2026\/02\/D_718320-MLA99981483281_112025-F.jpg",1056,1200,false],"2048x2048":["https:\/\/rms-enlinea.com.ar\/wp-content\/uploads\/2026\/02\/D_718320-MLA99981483281_112025-F.jpg",1056,1200,false],"woocommerce_thumbnail":["https:\/\/rms-enlinea.com.ar\/wp-content\/uploads\/2026\/02\/D_718320-MLA99981483281_112025-F-450x450.jpg",450,450,true],"woocommerce_single":["https:\/\/rms-enlinea.com.ar\/wp-content\/uploads\/2026\/02\/D_718320-MLA99981483281_112025-F-600x682.jpg",600,682,true],"woocommerce_gallery_thumbnail":["https:\/\/rms-enlinea.com.ar\/wp-content\/uploads\/2026\/02\/D_718320-MLA99981483281_112025-F-100x100.jpg",100,100,true]},"uagb_author_info":{"display_name":"mario","author_link":"https:\/\/rms-enlinea.com.ar\/tienda\/author\/"},"uagb_comment_info":0,"uagb_excerpt":"Gabinete Thermaltake View 390 Air Snow Tg Curvo Fan X2 P Blanco El chasis View 390 Air Snow Mid Tower es una caja ATX con paneles laterales y superiores de vidrio templado curvo, panel frontal perforado, ranuras PCI-E rotatorias, soporte para GPU y dos ventiladores traseros CT120. El chasis View 390 Air Mid Tower admite&hellip;","_links":{"self":[{"href":"https:\/\/rms-enlinea.com.ar\/tienda\/wp-json\/wp\/v2\/product\/61274","targetHints":{"allow":["GET"]}}],"collection":[{"href":"https:\/\/rms-enlinea.com.ar\/tienda\/wp-json\/wp\/v2\/product"}],"about":[{"href":"https:\/\/rms-enlinea.com.ar\/tienda\/wp-json\/wp\/v2\/types\/product"}],"replies":[{"embeddable":true,"href":"https:\/\/rms-enlinea.com.ar\/tienda\/wp-json\/wp\/v2\/comments?post=61274"}],"wp:featuredmedia":[{"embeddable":true,"href":"https:\/\/rms-enlinea.com.ar\/tienda\/wp-json\/wp\/v2\/media\/61275"}],"wp:attachment":[{"href":"https:\/\/rms-enlinea.com.ar\/tienda\/wp-json\/wp\/v2\/media?parent=61274"}],"wp:term":[{"taxonomy":"product_brand","embeddable":true,"href":"https:\/\/rms-enlinea.com.ar\/tienda\/wp-json\/wp\/v2\/product_brand?post=61274"},{"taxonomy":"product_cat","embeddable":true,"href":"https:\/\/rms-enlinea.com.ar\/tienda\/wp-json\/wp\/v2\/product_cat?post=61274"},{"taxonomy":"product_tag","embeddable":true,"href":"https:\/\/rms-enlinea.com.ar\/tienda\/wp-json\/wp\/v2\/product_tag?post=61274"}],"curies":[{"name":"wp","href":"https:\/\/api.w.org\/{rel}","templated":true}]}}