{"id":61300,"date":"2026-02-18T01:25:55","date_gmt":"2026-02-18T04:25:55","guid":{"rendered":"https:\/\/rms-enlinea.com.ar\/tienda\/producto\/enrutador-inalambrico-mercusys-mr50g-gigabit-de-doble-banda-ac1900\/"},"modified":"2026-04-21T06:52:18","modified_gmt":"2026-04-21T09:52:18","slug":"enrutador-inalambrico-mercusys-mr50g-gigabit-de-doble-banda-ac1900","status":"publish","type":"product","link":"https:\/\/rms-enlinea.com.ar\/tienda\/producto\/enrutador-inalambrico-mercusys-mr50g-gigabit-de-doble-banda-ac1900\/","title":{"rendered":"Router Mercusys Mr50g Ac1900 6 Antenas Dual Band"},"content":{"rendered":"<p>ROUTER MERCUSYS MR50G AC1900 WIRELESS 6 ANTENAS<\/p>\n<p>Ve m\u00e1s r\u00e1pido.<br \/>\nCon\u00e9ctate m\u00e1s.<br \/>\nRouter Gigabit Inal\u00e1mbrico de Doble Banda AC1900.<\/p>\n<p>Velocidades Ultrarr\u00e1pidas para Todos los Dispositivos<br \/>\nVelocidades WiFi Concurrentes de hasta 1900 Mbps<br \/>\nCumpliendo con el potente est\u00e1ndar 802.11ac, el MR50G ofrece velocidades de hasta 1900 Mbps (600 Mbps en 2.4 GHz, 1300 Mbps en 5 GHz) para que todas tus PC, tel\u00e9fonos inteligentes y decodificadores de TV funcionen lo m\u00e1s r\u00e1pido posible. Disfruta de entretenimiento ininterrumpido y transmisiones 4K fluidas sin retrasos.<\/p>\n<p>Mantente Conectado en Todas Partes<br \/>\nAntenas Potentes de Alta Ganancia con Beamforming<br \/>\n6 antenas externas potentes de alta ganancia equipadas con tecnolog\u00eda de \u00faltima generaci\u00f3n proporcionan se\u00f1ales potentes en toda tu casa. Beamforming detecta tus dispositivos conectados y concentra la fuerza de la se\u00f1al inal\u00e1mbrica hacia ellos, logrando conexiones m\u00e1s estables. Disfruta de WiFi r\u00e1pido y estable donde lo necesites.<\/p>\n<p>M\u00e1s Dispositivos Conectados Simult\u00e1neamente<br \/>\nAumenta el Rendimiento de la Red sin Reemplazar tus PC y Tel\u00e9fonos Inteligentes<br \/>\nCon la tecnolog\u00eda MU-MIMO, el MR50G se comunica con varios dispositivos al mismo tiempo para reducir el tiempo de espera y hacer que tu red sea m\u00e1s eficiente.<\/p>\n<p>Conexi\u00f3n inteligente<br \/>\nCombina Dos Bandas en Una<br \/>\nConexi\u00f3n inteligente combina las bandas de 2.4 GHz y 5 GHz en un solo SSID de WiFi y ayuda a tus dispositivos a elegir la banda disponible que tenga la se\u00f1al m\u00e1s fuerte y la velocidad m\u00e1s r\u00e1pida.<\/p>\n<p>Configuraci\u00f3n F\u00e1cil con la Aplicaci\u00f3n MERCUSYS<br \/>\nLa aplicaci\u00f3n MERCUSYS proporciona la forma m\u00e1s sencilla de configurar en minutos y gestionar tu WiFi en casa o fuera de ella a trav\u00e9s de tus dispositivos iOS o Android.<\/p>\n<p>Controles Parentales<\/p>\n<p>Red para Invitados<br \/>\nPermite a los invitados unirse a tu red WiFi, protegiendo tu privacidad y facilitando el uso compartido de forma segura.<\/p>\n<p>Calidad de Servicio<br \/>\nPrioriza los dispositivos que elijas para un rendimiento \u00f3ptimo.<\/p>\n<p>Conexiones Cableadas S\u00faper R\u00e1pidas<br \/>\nEquipado con puertos gigabit completos, que son 10 veces m\u00e1s r\u00e1pidos que los puertos Ethernet, el MR50G transfiere datos a velocidades impresionantes para un rendimiento m\u00e1ximo. Conecta tus PC, IPTVs y consolas de juegos a MR50G para una estabilidad s\u00f3lida.<\/p>\n<p>Soporte para IPTV<br \/>\nAdmite IGMP Proxy\/Snooping, Bridge y Tag VLAN para optimizar la transmisi\u00f3n de IPTV.<\/p>\n<p>Soporte IPv6<br \/>\nTe permite disfrutar de los servicios IPv6 proporcionados por tu proveedor de servicios de Internet y visitar sitios web con IPv6.<\/p>\n<p>Modo Punto de Acceso<br \/>\nExtiende una red cableada y la convierte en inal\u00e1mbrica.<\/p>\n<p>ESPECIFICACIONES<\/p>\n<p>Inal\u00e1mbrico<br \/>\nEst\u00e1ndares inal\u00e1mbricos: IEEE 802.11a\/n\/ac 5 GHz, IEEE 802.11b\/g\/n 2.4 GHz<br \/>\nFrecuencia: 2.4 &#8211; 2.5GHz, 5.15 &#8211; 5.25GHz<br \/>\nRatio de se\u00f1al: 600 Mbps a 2,4 GHz, 1300 Mbps a 5 GHz<br \/>\nSensibilidad de recepci\u00f3n:<br \/>\n5GHz:<br \/>\n11a 6Mbps: -98dBm, 11a 54M: -78dBm<br \/>\n11ac VHT20_MCS0: -98dBm, 11ac VHT20_MCS8: -72dBm<br \/>\n11ac VHT40_MCS0: -92dBm, 11ac VHT40_MCS9: -68dBm<br \/>\n11ac VHT80_MCS0: -89dBm, 11ac VHT80_MCS9: -64dBm<br \/>\n2.4GHz:<br \/>\n11g 6Mbps: -97dBm, 11a 54M: -77dBm<br \/>\n11n VHT20_MCS0: -97dBm, 11n VHT20_MCS8: -72dBm<br \/>\n11n VHT40_MCS0: -92dBm, 11n VHT40_MCS9: -67dBm<br \/>\nPotencia de transmisi\u00f3n:<br \/>\nCE:&lt;20dBm (2.4GHz), &lt;23dBm (5.15 &#8211; 5.25GHz)<br \/>\nFCC:&lt;30dBm(2.4 GHz &amp; 5GHz)<br \/>\nSeguridad inal\u00e1mbrica:<br \/>\nWEP<br \/>\nWPA \/ WPA2-Personal<br \/>\nWPA2 \/ WPA3-Personal<br \/>\nFunciones inal\u00e1mbricas:<br \/>\nActivar\/desactivar radio inal\u00e1mbrica, estad\u00edsticas inal\u00e1mbricas<\/p>\n<p>Software<br \/>\nTipo de WAN:<br \/>\nIP din\u00e1mica\/IP est\u00e1tica\/PPPoE\/PPTP\/L2TP<br \/>\nGesti\u00f3n:<br \/>\nControl de acceso<br \/>\nGesti\u00f3n local<br \/>\nGesti\u00f3n remota<br \/>\nDHCP:<br \/>\nServidor<br \/>\nReenv\u00edo de puertos:<br \/>\nServidor virtual, UPnP, DMZ<br \/>\nSeguridad Firewall:<br \/>\nIP y MAC Address Binding<br \/>\nProtocolos:<br \/>\nIPv4, IPv6<br \/>\nRed de invitados:<br \/>\nRed de invitados de 2,4 GHz, Red de invitados de 5 GHz<\/p>\n<p>Hardware<br \/>\nDimensiones (An x Pr x Al):<br \/>\n175.6 x 157.2 x 45 mm<br \/>\nInterfaces:<br \/>\n1\u00d7 puerto WAN Gigabit<br \/>\n2x puertos LAN Gigabit<br \/>\nBot\u00f3n:<br \/>\nBot\u00f3n WPS\/Reinicio<br \/>\nFuente de alimentaci\u00f3n externa:<br \/>\n12V\/1A<br \/>\nTipo de antena:<br \/>\n6 Antenas Omnidireccionales Fijas<\/p>\n","protected":false},"excerpt":{"rendered":"<p>ROUTER MERCUSYS MR50G AC1900 WIRELESS 6 ANTENAS Ve m\u00e1s r\u00e1pido. Con\u00e9ctate m\u00e1s. Router Gigabit Inal\u00e1mbrico de Doble Banda AC1900. Velocidades Ultrarr\u00e1pidas para Todos los Dispositivos Velocidades WiFi Concurrentes de hasta 1900 Mbps Cumpliendo con el potente est\u00e1ndar 802.11ac, el MR50G ofrece velocidades de hasta 1900 Mbps (600 Mbps en 2.4 GHz, 1300 Mbps en 5 [&hellip;]<\/p>\n","protected":false},"featured_media":61301,"comment_status":"open","ping_status":"closed","template":"","meta":{"_uag_custom_page_level_css":""},"product_brand":[605],"product_cat":[122,15],"product_tag":[],"class_list":{"0":"post-61300","1":"product","2":"type-product","3":"status-publish","4":"has-post-thumbnail","6":"product_brand-mercusys","7":"product_cat-redes-y-conectividad","8":"product_cat-sin-categorizar","10":"first","11":"outofstock","12":"sale","13":"taxable","14":"shipping-taxable","15":"purchasable","16":"product-type-simple"},"uagb_featured_image_src":{"full":["https:\/\/rms-enlinea.com.ar\/wp-content\/uploads\/2026\/02\/D_619493-MLA99501671182_112025-F.jpg",1163,1200,false],"thumbnail":["https:\/\/rms-enlinea.com.ar\/wp-content\/uploads\/2026\/02\/D_619493-MLA99501671182_112025-F-150x150.jpg",150,150,true],"medium":["https:\/\/rms-enlinea.com.ar\/wp-content\/uploads\/2026\/02\/D_619493-MLA99501671182_112025-F-291x300.jpg",291,300,true],"medium_large":["https:\/\/rms-enlinea.com.ar\/wp-content\/uploads\/2026\/02\/D_619493-MLA99501671182_112025-F-768x792.jpg",768,792,true],"large":["https:\/\/rms-enlinea.com.ar\/wp-content\/uploads\/2026\/02\/D_619493-MLA99501671182_112025-F-992x1024.jpg",992,1024,true],"1536x1536":["https:\/\/rms-enlinea.com.ar\/wp-content\/uploads\/2026\/02\/D_619493-MLA99501671182_112025-F.jpg",1163,1200,false],"2048x2048":["https:\/\/rms-enlinea.com.ar\/wp-content\/uploads\/2026\/02\/D_619493-MLA99501671182_112025-F.jpg",1163,1200,false],"woocommerce_thumbnail":["https:\/\/rms-enlinea.com.ar\/wp-content\/uploads\/2026\/02\/D_619493-MLA99501671182_112025-F-450x450.jpg",450,450,true],"woocommerce_single":["https:\/\/rms-enlinea.com.ar\/wp-content\/uploads\/2026\/02\/D_619493-MLA99501671182_112025-F-600x619.jpg",600,619,true],"woocommerce_gallery_thumbnail":["https:\/\/rms-enlinea.com.ar\/wp-content\/uploads\/2026\/02\/D_619493-MLA99501671182_112025-F-100x100.jpg",100,100,true]},"uagb_author_info":{"display_name":"mario","author_link":"https:\/\/rms-enlinea.com.ar\/tienda\/author\/"},"uagb_comment_info":0,"uagb_excerpt":"ROUTER MERCUSYS MR50G AC1900 WIRELESS 6 ANTENAS Ve m\u00e1s r\u00e1pido. Con\u00e9ctate m\u00e1s. Router Gigabit Inal\u00e1mbrico de Doble Banda AC1900. Velocidades Ultrarr\u00e1pidas para Todos los Dispositivos Velocidades WiFi Concurrentes de hasta 1900 Mbps Cumpliendo con el potente est\u00e1ndar 802.11ac, el MR50G ofrece velocidades de hasta 1900 Mbps (600 Mbps en 2.4 GHz, 1300 Mbps en 5&hellip;","_links":{"self":[{"href":"https:\/\/rms-enlinea.com.ar\/tienda\/wp-json\/wp\/v2\/product\/61300","targetHints":{"allow":["GET"]}}],"collection":[{"href":"https:\/\/rms-enlinea.com.ar\/tienda\/wp-json\/wp\/v2\/product"}],"about":[{"href":"https:\/\/rms-enlinea.com.ar\/tienda\/wp-json\/wp\/v2\/types\/product"}],"replies":[{"embeddable":true,"href":"https:\/\/rms-enlinea.com.ar\/tienda\/wp-json\/wp\/v2\/comments?post=61300"}],"wp:featuredmedia":[{"embeddable":true,"href":"https:\/\/rms-enlinea.com.ar\/tienda\/wp-json\/wp\/v2\/media\/61301"}],"wp:attachment":[{"href":"https:\/\/rms-enlinea.com.ar\/tienda\/wp-json\/wp\/v2\/media?parent=61300"}],"wp:term":[{"taxonomy":"product_brand","embeddable":true,"href":"https:\/\/rms-enlinea.com.ar\/tienda\/wp-json\/wp\/v2\/product_brand?post=61300"},{"taxonomy":"product_cat","embeddable":true,"href":"https:\/\/rms-enlinea.com.ar\/tienda\/wp-json\/wp\/v2\/product_cat?post=61300"},{"taxonomy":"product_tag","embeddable":true,"href":"https:\/\/rms-enlinea.com.ar\/tienda\/wp-json\/wp\/v2\/product_tag?post=61300"}],"curies":[{"name":"wp","href":"https:\/\/api.w.org\/{rel}","templated":true}]}}