{"id":61314,"date":"2026-02-18T01:28:09","date_gmt":"2026-02-18T04:28:09","guid":{"rendered":"https:\/\/rms-enlinea.com.ar\/tienda\/producto\/mouse-inalambrico-genius-nx-7000-passion-red\/"},"modified":"2026-04-06T13:44:48","modified_gmt":"2026-04-06T16:44:48","slug":"mouse-inalambrico-genius-nx-7000-passion-red","status":"publish","type":"product","link":"https:\/\/rms-enlinea.com.ar\/tienda\/producto\/mouse-inalambrico-genius-nx-7000-passion-red\/","title":{"rendered":"Mouse Inalambrico Genius Nx 7000 Blueeye G5 Red"},"content":{"rendered":"<p>Desde hace m\u00e1s de 30 a\u00f1os, Genius est\u00e1 enfocado en la calidad, comodidad y facilidad de uso de sus productos. Su principal objetivo es proporcionarle a las personas una mejor experiencia de usuario. Adem\u00e1s, busca incorporar dise\u00f1os ecol\u00f3gicos que respeten el medio ambiente. El mouse Genius se caracteriza por suaves curvas que resultan c\u00f3modas para cualquier mano. Gracias a su resoluci\u00f3n, conseguir\u00e1s movimientos precisos en una amplia gama de superficies.<\/p>\n<p>Adaptado a tus movimientos<br \/>\nSu dise\u00f1o eficaz hace de este mouse un elemento c\u00f3modo, con una gran experiencia de uso para aquellas personas que buscan seguridad en cada click.<\/p>\n<p>A un click de distancia<br \/>\nSu sensor BlueEye permite que funcione con exactitud y control en cualquier tipo de superficie.<\/p>\n<p>La funcionalidad al alcance de tu mano<br \/>\nEl sistema de detecci\u00f3n de movimiento \u00f3ptico te permitir\u00e1 mover el cursor de una manera m\u00e1s precisa y sensible que en los sistemas tradicionales.<\/p>\n<p>Plug And Play<br \/>\nSolo deb\u00e9s colocar el receptor en un puerto USB de la computadora y ya pod\u00e9s empezar a usarlo. No hace falta emparejar el mouse ni descargar software para utilizarlo.<\/p>\n<p>Tecnolog\u00eda inal\u00e1mbrica<br \/>\nTrabaj\u00e1 de forma inal\u00e1mbrica y movete libremente sin ninguna interrupci\u00f3n. Al no haber cables, tu escritorio se mantiene despejado. Y adem\u00e1s, pod\u00e9s llevar tu mouse f\u00e1cilmente de un espacio de trabajo a otro.<\/p>\n<p>Apto para f\u00e1cil traslado<br \/>\nNaveg\u00e1 r\u00e1pidamente por documentos y p\u00e1ginas web gracias su dise\u00f1o ultra delgado, ergon\u00f3mico, liviano y conveniente para llevar a donde quieras o viajar.<\/p>\n","protected":false},"excerpt":{"rendered":"<p>Desde hace m\u00e1s de 30 a\u00f1os, Genius est\u00e1 enfocado en la calidad, comodidad y facilidad de uso de sus productos. Su principal objetivo es proporcionarle a las personas una mejor experiencia de usuario. Adem\u00e1s, busca incorporar dise\u00f1os ecol\u00f3gicos que respeten el medio ambiente. El mouse Genius se caracteriza por suaves curvas que resultan c\u00f3modas para [&hellip;]<\/p>\n","protected":false},"featured_media":61315,"comment_status":"open","ping_status":"closed","template":"","meta":{"_uag_custom_page_level_css":""},"product_brand":[550],"product_cat":[15,125],"product_tag":[],"class_list":{"0":"post-61314","1":"product","2":"type-product","3":"status-publish","4":"has-post-thumbnail","6":"product_brand-genius","7":"product_cat-sin-categorizar","8":"product_cat-teclados-y-mouses","10":"first","11":"outofstock","12":"sale","13":"taxable","14":"shipping-taxable","15":"purchasable","16":"product-type-simple"},"uagb_featured_image_src":{"full":["https:\/\/rms-enlinea.com.ar\/wp-content\/uploads\/2026\/02\/D_785040-MLA99614361796_122025-F.jpg",485,500,false],"thumbnail":["https:\/\/rms-enlinea.com.ar\/wp-content\/uploads\/2026\/02\/D_785040-MLA99614361796_122025-F-150x150.jpg",150,150,true],"medium":["https:\/\/rms-enlinea.com.ar\/wp-content\/uploads\/2026\/02\/D_785040-MLA99614361796_122025-F-291x300.jpg",291,300,true],"medium_large":["https:\/\/rms-enlinea.com.ar\/wp-content\/uploads\/2026\/02\/D_785040-MLA99614361796_122025-F.jpg",485,500,false],"large":["https:\/\/rms-enlinea.com.ar\/wp-content\/uploads\/2026\/02\/D_785040-MLA99614361796_122025-F.jpg",485,500,false],"1536x1536":["https:\/\/rms-enlinea.com.ar\/wp-content\/uploads\/2026\/02\/D_785040-MLA99614361796_122025-F.jpg",485,500,false],"2048x2048":["https:\/\/rms-enlinea.com.ar\/wp-content\/uploads\/2026\/02\/D_785040-MLA99614361796_122025-F.jpg",485,500,false],"woocommerce_thumbnail":["https:\/\/rms-enlinea.com.ar\/wp-content\/uploads\/2026\/02\/D_785040-MLA99614361796_122025-F-450x450.jpg",450,450,true],"woocommerce_single":["https:\/\/rms-enlinea.com.ar\/wp-content\/uploads\/2026\/02\/D_785040-MLA99614361796_122025-F.jpg",485,500,false],"woocommerce_gallery_thumbnail":["https:\/\/rms-enlinea.com.ar\/wp-content\/uploads\/2026\/02\/D_785040-MLA99614361796_122025-F-100x100.jpg",100,100,true]},"uagb_author_info":{"display_name":"mario","author_link":"https:\/\/rms-enlinea.com.ar\/tienda\/author\/"},"uagb_comment_info":0,"uagb_excerpt":"Desde hace m\u00e1s de 30 a\u00f1os, Genius est\u00e1 enfocado en la calidad, comodidad y facilidad de uso de sus productos. Su principal objetivo es proporcionarle a las personas una mejor experiencia de usuario. Adem\u00e1s, busca incorporar dise\u00f1os ecol\u00f3gicos que respeten el medio ambiente. El mouse Genius se caracteriza por suaves curvas que resultan c\u00f3modas para&hellip;","_links":{"self":[{"href":"https:\/\/rms-enlinea.com.ar\/tienda\/wp-json\/wp\/v2\/product\/61314","targetHints":{"allow":["GET"]}}],"collection":[{"href":"https:\/\/rms-enlinea.com.ar\/tienda\/wp-json\/wp\/v2\/product"}],"about":[{"href":"https:\/\/rms-enlinea.com.ar\/tienda\/wp-json\/wp\/v2\/types\/product"}],"replies":[{"embeddable":true,"href":"https:\/\/rms-enlinea.com.ar\/tienda\/wp-json\/wp\/v2\/comments?post=61314"}],"wp:featuredmedia":[{"embeddable":true,"href":"https:\/\/rms-enlinea.com.ar\/tienda\/wp-json\/wp\/v2\/media\/61315"}],"wp:attachment":[{"href":"https:\/\/rms-enlinea.com.ar\/tienda\/wp-json\/wp\/v2\/media?parent=61314"}],"wp:term":[{"taxonomy":"product_brand","embeddable":true,"href":"https:\/\/rms-enlinea.com.ar\/tienda\/wp-json\/wp\/v2\/product_brand?post=61314"},{"taxonomy":"product_cat","embeddable":true,"href":"https:\/\/rms-enlinea.com.ar\/tienda\/wp-json\/wp\/v2\/product_cat?post=61314"},{"taxonomy":"product_tag","embeddable":true,"href":"https:\/\/rms-enlinea.com.ar\/tienda\/wp-json\/wp\/v2\/product_tag?post=61314"}],"curies":[{"name":"wp","href":"https:\/\/api.w.org\/{rel}","templated":true}]}}