{"id":61319,"date":"2026-02-18T01:28:19","date_gmt":"2026-02-18T04:28:19","guid":{"rendered":"https:\/\/rms-enlinea.com.ar\/tienda\/producto\/teclado-genius-usb-slimstar-q200-qwerty-color-blanco-win-mac\/"},"modified":"2026-04-07T15:50:52","modified_gmt":"2026-04-07T18:50:52","slug":"teclado-genius-usb-slimstar-q200-qwerty-color-blanco-win-mac","status":"publish","type":"product","link":"https:\/\/rms-enlinea.com.ar\/tienda\/producto\/teclado-genius-usb-slimstar-q200-qwerty-color-blanco-win-mac\/","title":{"rendered":"Teclado Genius Slimstar Q200 Blanco Usb Espa\u00f1ol"},"content":{"rendered":"<p>El teclado Genius USB Slimstar Q200 es la opci\u00f3n perfecta para aquellos que buscan comodidad y estilo en un solo producto. Con su dise\u00f1o delgado y elegante en color blanco, este teclado se adapta a cualquier entorno, ya sea en la oficina o en casa. Su conexi\u00f3n USB garantiza una f\u00e1cil instalaci\u00f3n y compatibilidad con diferentes dispositivos. Adem\u00e1s, cuenta con un teclado num\u00e9rico integrado, lo que lo convierte en una herramienta ideal para aquellos que trabajan con n\u00fameros o realizan tareas contables.<\/p>\n<p>Una de las caracter\u00edsticas destacadas de este teclado es su resistencia a salpicaduras, lo que brinda tranquilidad en caso de derrames accidentales. Su arquitectura de membrana garantiza una respuesta t\u00e1ctil suave y silenciosa, ideal para largas horas de trabajo o juego. Con dimensiones de 38 cm de ancho, 15 cm de profundidad y 2 cm de altura, este teclado se adapta perfectamente a cualquier escritorio.<\/p>\n<p>El layout QWERTY del teclado Genius USB Slimstar Q200 es ampliamente reconocido y utilizado en todo el mundo, lo que facilita su uso para cualquier persona. Adem\u00e1s, su interfaz USB permite una conexi\u00f3n r\u00e1pida y estable, sin necesidad de instalar controladores adicionales.<\/p>\n<p>En resumen, el teclado Genius USB Slimstar Q200 es la elecci\u00f3n perfecta para aquellos que buscan un teclado funcional, resistente y elegante. No pierdas la oportunidad de mejorar tu experiencia de escritura y aumentar tu productividad con este incre\u00edble producto. \u00a1Adqui\u00e9relo ahora y descubre la comodidad y calidad que ofrece!<\/p>\n","protected":false},"excerpt":{"rendered":"<p>El teclado Genius USB Slimstar Q200 es la opci\u00f3n perfecta para aquellos que buscan comodidad y estilo en un solo producto. Con su dise\u00f1o delgado y elegante en color blanco, este teclado se adapta a cualquier entorno, ya sea en la oficina o en casa. Su conexi\u00f3n USB garantiza una f\u00e1cil instalaci\u00f3n y compatibilidad con [&hellip;]<\/p>\n","protected":false},"featured_media":61320,"comment_status":"open","ping_status":"closed","template":"","meta":{"_uag_custom_page_level_css":""},"product_brand":[550],"product_cat":[15,125],"product_tag":[],"class_list":{"0":"post-61319","1":"product","2":"type-product","3":"status-publish","4":"has-post-thumbnail","6":"product_brand-genius","7":"product_cat-sin-categorizar","8":"product_cat-teclados-y-mouses","10":"first","11":"outofstock","12":"sale","13":"taxable","14":"shipping-taxable","15":"purchasable","16":"product-type-simple"},"uagb_featured_image_src":{"full":["https:\/\/rms-enlinea.com.ar\/wp-content\/uploads\/2026\/02\/D_800333-MLU73713153424_012024-F.jpg",1200,597,false],"thumbnail":["https:\/\/rms-enlinea.com.ar\/wp-content\/uploads\/2026\/02\/D_800333-MLU73713153424_012024-F-150x150.jpg",150,150,true],"medium":["https:\/\/rms-enlinea.com.ar\/wp-content\/uploads\/2026\/02\/D_800333-MLU73713153424_012024-F-300x149.jpg",300,149,true],"medium_large":["https:\/\/rms-enlinea.com.ar\/wp-content\/uploads\/2026\/02\/D_800333-MLU73713153424_012024-F-768x382.jpg",768,382,true],"large":["https:\/\/rms-enlinea.com.ar\/wp-content\/uploads\/2026\/02\/D_800333-MLU73713153424_012024-F-1024x509.jpg",1024,509,true],"1536x1536":["https:\/\/rms-enlinea.com.ar\/wp-content\/uploads\/2026\/02\/D_800333-MLU73713153424_012024-F.jpg",1200,597,false],"2048x2048":["https:\/\/rms-enlinea.com.ar\/wp-content\/uploads\/2026\/02\/D_800333-MLU73713153424_012024-F.jpg",1200,597,false],"woocommerce_thumbnail":["https:\/\/rms-enlinea.com.ar\/wp-content\/uploads\/2026\/02\/D_800333-MLU73713153424_012024-F-450x450.jpg",450,450,true],"woocommerce_single":["https:\/\/rms-enlinea.com.ar\/wp-content\/uploads\/2026\/02\/D_800333-MLU73713153424_012024-F-600x299.jpg",600,299,true],"woocommerce_gallery_thumbnail":["https:\/\/rms-enlinea.com.ar\/wp-content\/uploads\/2026\/02\/D_800333-MLU73713153424_012024-F-100x100.jpg",100,100,true]},"uagb_author_info":{"display_name":"mario","author_link":"https:\/\/rms-enlinea.com.ar\/tienda\/author\/"},"uagb_comment_info":0,"uagb_excerpt":"El teclado Genius USB Slimstar Q200 es la opci\u00f3n perfecta para aquellos que buscan comodidad y estilo en un solo producto. Con su dise\u00f1o delgado y elegante en color blanco, este teclado se adapta a cualquier entorno, ya sea en la oficina o en casa. Su conexi\u00f3n USB garantiza una f\u00e1cil instalaci\u00f3n y compatibilidad con&hellip;","_links":{"self":[{"href":"https:\/\/rms-enlinea.com.ar\/tienda\/wp-json\/wp\/v2\/product\/61319","targetHints":{"allow":["GET"]}}],"collection":[{"href":"https:\/\/rms-enlinea.com.ar\/tienda\/wp-json\/wp\/v2\/product"}],"about":[{"href":"https:\/\/rms-enlinea.com.ar\/tienda\/wp-json\/wp\/v2\/types\/product"}],"replies":[{"embeddable":true,"href":"https:\/\/rms-enlinea.com.ar\/tienda\/wp-json\/wp\/v2\/comments?post=61319"}],"wp:featuredmedia":[{"embeddable":true,"href":"https:\/\/rms-enlinea.com.ar\/tienda\/wp-json\/wp\/v2\/media\/61320"}],"wp:attachment":[{"href":"https:\/\/rms-enlinea.com.ar\/tienda\/wp-json\/wp\/v2\/media?parent=61319"}],"wp:term":[{"taxonomy":"product_brand","embeddable":true,"href":"https:\/\/rms-enlinea.com.ar\/tienda\/wp-json\/wp\/v2\/product_brand?post=61319"},{"taxonomy":"product_cat","embeddable":true,"href":"https:\/\/rms-enlinea.com.ar\/tienda\/wp-json\/wp\/v2\/product_cat?post=61319"},{"taxonomy":"product_tag","embeddable":true,"href":"https:\/\/rms-enlinea.com.ar\/tienda\/wp-json\/wp\/v2\/product_tag?post=61319"}],"curies":[{"name":"wp","href":"https:\/\/api.w.org\/{rel}","templated":true}]}}