{"id":61322,"date":"2026-02-18T01:28:44","date_gmt":"2026-02-18T04:28:44","guid":{"rendered":"https:\/\/rms-enlinea.com.ar\/tienda\/producto\/fuente-cooler-master-mwe-gold-650w-v3-80-plus-gold-atx-3-1-color-negro\/"},"modified":"2026-04-21T03:42:01","modified_gmt":"2026-04-21T06:42:01","slug":"fuente-cooler-master-mwe-gold-650w-v3-80-plus-gold-atx-3-1-color-negro","status":"publish","type":"product","link":"https:\/\/rms-enlinea.com.ar\/tienda\/producto\/fuente-cooler-master-mwe-gold-650w-v3-80-plus-gold-atx-3-1-color-negro\/","title":{"rendered":"Fuente Cooler Master Mwe Gold 650w V3 80 Plus Gold Atx 3.1 Color Negro"},"content":{"rendered":"<p>Fuente Cooler Master MWE Gold 650W V3 80 Plus Gold ATX 3.1 | MPE-6502-ACAAG<\/p>\n<p>Descripci\u00f3n:<br \/>\nLa Fuente Cooler Master MWE Gold V3 650W ofrece potencia confiable, eficiencia energ\u00e9tica y un dise\u00f1o optimizado para los equipos m\u00e1s exigentes. Certificada con 80 Plus Gold, garantiza un suministro estable con menor consumo el\u00e9ctrico y menos calor.<\/p>\n<p>Especificaciones t\u00e9cnicas:<br \/>\nModelo: MPE-6502-ACAAG<br \/>\nVoltaje de Entrada: 100-240V<br \/>\nCorriente de Entrada: 10-5A<br \/>\nFrecuencia de Entrada: 50-60Hz<br \/>\nVelocidad del Ventilador: 2400 RPM<br \/>\nEficiencia: 90% con carga t\u00edpica<br \/>\nConectores: ATX de 24 Pines x 1, EPS de 8 Pines \/ 4+4 Pines x 2, PCI-e de 6+2 Pines x 4, SATA x 6, Perif\u00e9ricos de 4 Pines x 3<br \/>\nModular: No<\/p>\n","protected":false},"excerpt":{"rendered":"<p>Fuente Cooler Master MWE Gold 650W V3 80 Plus Gold ATX 3.1 | MPE-6502-ACAAG Descripci\u00f3n: La Fuente Cooler Master MWE Gold V3 650W ofrece potencia confiable, eficiencia energ\u00e9tica y un dise\u00f1o optimizado para los equipos m\u00e1s exigentes. Certificada con 80 Plus Gold, garantiza un suministro estable con menor consumo el\u00e9ctrico y menos calor. Especificaciones t\u00e9cnicas: [&hellip;]<\/p>\n","protected":false},"featured_media":61323,"comment_status":"open","ping_status":"closed","template":"","meta":{"_uag_custom_page_level_css":""},"product_brand":[650],"product_cat":[108,15],"product_tag":[],"class_list":{"0":"post-61322","1":"product","2":"type-product","3":"status-publish","4":"has-post-thumbnail","6":"product_brand-coolermaster","7":"product_cat-fuentes-y-cargadores","8":"product_cat-sin-categorizar","10":"first","11":"outofstock","12":"sale","13":"taxable","14":"shipping-taxable","15":"purchasable","16":"product-type-simple"},"uagb_featured_image_src":{"full":["https:\/\/rms-enlinea.com.ar\/wp-content\/uploads\/2026\/02\/D_732541-MLA99455776326_112025-F.jpg",1200,1111,false],"thumbnail":["https:\/\/rms-enlinea.com.ar\/wp-content\/uploads\/2026\/02\/D_732541-MLA99455776326_112025-F-150x150.jpg",150,150,true],"medium":["https:\/\/rms-enlinea.com.ar\/wp-content\/uploads\/2026\/02\/D_732541-MLA99455776326_112025-F-300x278.jpg",300,278,true],"medium_large":["https:\/\/rms-enlinea.com.ar\/wp-content\/uploads\/2026\/02\/D_732541-MLA99455776326_112025-F-768x711.jpg",768,711,true],"large":["https:\/\/rms-enlinea.com.ar\/wp-content\/uploads\/2026\/02\/D_732541-MLA99455776326_112025-F-1024x948.jpg",1024,948,true],"1536x1536":["https:\/\/rms-enlinea.com.ar\/wp-content\/uploads\/2026\/02\/D_732541-MLA99455776326_112025-F.jpg",1200,1111,false],"2048x2048":["https:\/\/rms-enlinea.com.ar\/wp-content\/uploads\/2026\/02\/D_732541-MLA99455776326_112025-F.jpg",1200,1111,false],"woocommerce_thumbnail":["https:\/\/rms-enlinea.com.ar\/wp-content\/uploads\/2026\/02\/D_732541-MLA99455776326_112025-F-450x450.jpg",450,450,true],"woocommerce_single":["https:\/\/rms-enlinea.com.ar\/wp-content\/uploads\/2026\/02\/D_732541-MLA99455776326_112025-F-600x556.jpg",600,556,true],"woocommerce_gallery_thumbnail":["https:\/\/rms-enlinea.com.ar\/wp-content\/uploads\/2026\/02\/D_732541-MLA99455776326_112025-F-100x100.jpg",100,100,true]},"uagb_author_info":{"display_name":"mario","author_link":"https:\/\/rms-enlinea.com.ar\/tienda\/author\/"},"uagb_comment_info":0,"uagb_excerpt":"Fuente Cooler Master MWE Gold 650W V3 80 Plus Gold ATX 3.1 | MPE-6502-ACAAG Descripci\u00f3n: La Fuente Cooler Master MWE Gold V3 650W ofrece potencia confiable, eficiencia energ\u00e9tica y un dise\u00f1o optimizado para los equipos m\u00e1s exigentes. Certificada con 80 Plus Gold, garantiza un suministro estable con menor consumo el\u00e9ctrico y menos calor. Especificaciones t\u00e9cnicas:&hellip;","_links":{"self":[{"href":"https:\/\/rms-enlinea.com.ar\/tienda\/wp-json\/wp\/v2\/product\/61322","targetHints":{"allow":["GET"]}}],"collection":[{"href":"https:\/\/rms-enlinea.com.ar\/tienda\/wp-json\/wp\/v2\/product"}],"about":[{"href":"https:\/\/rms-enlinea.com.ar\/tienda\/wp-json\/wp\/v2\/types\/product"}],"replies":[{"embeddable":true,"href":"https:\/\/rms-enlinea.com.ar\/tienda\/wp-json\/wp\/v2\/comments?post=61322"}],"wp:featuredmedia":[{"embeddable":true,"href":"https:\/\/rms-enlinea.com.ar\/tienda\/wp-json\/wp\/v2\/media\/61323"}],"wp:attachment":[{"href":"https:\/\/rms-enlinea.com.ar\/tienda\/wp-json\/wp\/v2\/media?parent=61322"}],"wp:term":[{"taxonomy":"product_brand","embeddable":true,"href":"https:\/\/rms-enlinea.com.ar\/tienda\/wp-json\/wp\/v2\/product_brand?post=61322"},{"taxonomy":"product_cat","embeddable":true,"href":"https:\/\/rms-enlinea.com.ar\/tienda\/wp-json\/wp\/v2\/product_cat?post=61322"},{"taxonomy":"product_tag","embeddable":true,"href":"https:\/\/rms-enlinea.com.ar\/tienda\/wp-json\/wp\/v2\/product_tag?post=61322"}],"curies":[{"name":"wp","href":"https:\/\/api.w.org\/{rel}","templated":true}]}}