{"id":61326,"date":"2026-02-18T01:42:20","date_gmt":"2026-02-18T04:42:20","guid":{"rendered":"https:\/\/rms-enlinea.com.ar\/tienda\/producto\/clamp-soporte-microfono-para-cajon-schlagwerk-cmh10\/"},"modified":"2026-04-21T04:13:20","modified_gmt":"2026-04-21T07:13:20","slug":"clamp-soporte-microfono-para-cajon-schlagwerk-cmh10","status":"publish","type":"product","link":"https:\/\/rms-enlinea.com.ar\/tienda\/producto\/clamp-soporte-microfono-para-cajon-schlagwerk-cmh10\/","title":{"rendered":"Clamp Soporte Micr\u00f3fono Para Cajon Schlagwerk Cmh10"},"content":{"rendered":"<p>Sencillo, pr\u00e1ctico y bien dise\u00f1ado. El soporte de micr\u00f3fono Schlagwerk permite colocar el micr\u00f3fono libremente en el cuerpo del caj\u00f3n. La rosca universal de 3\/8&#8243; permite instalar abrazaderas o cuellos de cisne est\u00e1ndar para el tipo de micr\u00f3fono deseado.<\/p>\n<p>Medidas de los iconosMedidas: 12 x 7 x 4 cm<br \/>\nIcono predeterminadoF\u00e1cil de montar y desmontar.<br \/>\nEspeciales de iconosPosicionable individualmente<br \/>\nIcono predeterminadoAc\u00fastica desacoplada del cuerpo mediante cierre de velcro y vell\u00f3n.<br \/>\nIcono predeterminadoMaterial: metal, recubierto de polvo.<br \/>\nIcono predeterminadoCon rosca universal de 3\/8&#8243;<\/p>\n","protected":false},"excerpt":{"rendered":"<p>Sencillo, pr\u00e1ctico y bien dise\u00f1ado. El soporte de micr\u00f3fono Schlagwerk permite colocar el micr\u00f3fono libremente en el cuerpo del caj\u00f3n. La rosca universal de 3\/8&#8243; permite instalar abrazaderas o cuellos de cisne est\u00e1ndar para el tipo de micr\u00f3fono deseado. Medidas de los iconosMedidas: 12 x 7 x 4 cm Icono predeterminadoF\u00e1cil de montar y desmontar. [&hellip;]<\/p>\n","protected":false},"featured_media":61327,"comment_status":"open","ping_status":"closed","template":"","meta":{"_uag_custom_page_level_css":""},"product_brand":[601],"product_cat":[603,602,15],"product_tag":[],"class_list":{"0":"post-61326","1":"product","2":"type-product","3":"status-publish","4":"has-post-thumbnail","6":"product_brand-schlagwerk","7":"product_cat-cajones","8":"product_cat-percusion","9":"product_cat-sin-categorizar","11":"first","12":"outofstock","13":"sale","14":"taxable","15":"shipping-taxable","16":"purchasable","17":"product-type-simple"},"uagb_featured_image_src":{"full":["https:\/\/rms-enlinea.com.ar\/wp-content\/uploads\/2026\/02\/D_607219-MLA106856870155_022026-F.jpg",1200,779,false],"thumbnail":["https:\/\/rms-enlinea.com.ar\/wp-content\/uploads\/2026\/02\/D_607219-MLA106856870155_022026-F-150x150.jpg",150,150,true],"medium":["https:\/\/rms-enlinea.com.ar\/wp-content\/uploads\/2026\/02\/D_607219-MLA106856870155_022026-F-300x195.jpg",300,195,true],"medium_large":["https:\/\/rms-enlinea.com.ar\/wp-content\/uploads\/2026\/02\/D_607219-MLA106856870155_022026-F-768x499.jpg",768,499,true],"large":["https:\/\/rms-enlinea.com.ar\/wp-content\/uploads\/2026\/02\/D_607219-MLA106856870155_022026-F-1024x665.jpg",1024,665,true],"1536x1536":["https:\/\/rms-enlinea.com.ar\/wp-content\/uploads\/2026\/02\/D_607219-MLA106856870155_022026-F.jpg",1200,779,false],"2048x2048":["https:\/\/rms-enlinea.com.ar\/wp-content\/uploads\/2026\/02\/D_607219-MLA106856870155_022026-F.jpg",1200,779,false],"woocommerce_thumbnail":["https:\/\/rms-enlinea.com.ar\/wp-content\/uploads\/2026\/02\/D_607219-MLA106856870155_022026-F-450x450.jpg",450,450,true],"woocommerce_single":["https:\/\/rms-enlinea.com.ar\/wp-content\/uploads\/2026\/02\/D_607219-MLA106856870155_022026-F-600x390.jpg",600,390,true],"woocommerce_gallery_thumbnail":["https:\/\/rms-enlinea.com.ar\/wp-content\/uploads\/2026\/02\/D_607219-MLA106856870155_022026-F-100x100.jpg",100,100,true]},"uagb_author_info":{"display_name":"mario","author_link":"https:\/\/rms-enlinea.com.ar\/tienda\/author\/"},"uagb_comment_info":0,"uagb_excerpt":"Sencillo, pr\u00e1ctico y bien dise\u00f1ado. El soporte de micr\u00f3fono Schlagwerk permite colocar el micr\u00f3fono libremente en el cuerpo del caj\u00f3n. La rosca universal de 3\/8&#8243; permite instalar abrazaderas o cuellos de cisne est\u00e1ndar para el tipo de micr\u00f3fono deseado. Medidas de los iconosMedidas: 12 x 7 x 4 cm Icono predeterminadoF\u00e1cil de montar y desmontar.&hellip;","_links":{"self":[{"href":"https:\/\/rms-enlinea.com.ar\/tienda\/wp-json\/wp\/v2\/product\/61326","targetHints":{"allow":["GET"]}}],"collection":[{"href":"https:\/\/rms-enlinea.com.ar\/tienda\/wp-json\/wp\/v2\/product"}],"about":[{"href":"https:\/\/rms-enlinea.com.ar\/tienda\/wp-json\/wp\/v2\/types\/product"}],"replies":[{"embeddable":true,"href":"https:\/\/rms-enlinea.com.ar\/tienda\/wp-json\/wp\/v2\/comments?post=61326"}],"wp:featuredmedia":[{"embeddable":true,"href":"https:\/\/rms-enlinea.com.ar\/tienda\/wp-json\/wp\/v2\/media\/61327"}],"wp:attachment":[{"href":"https:\/\/rms-enlinea.com.ar\/tienda\/wp-json\/wp\/v2\/media?parent=61326"}],"wp:term":[{"taxonomy":"product_brand","embeddable":true,"href":"https:\/\/rms-enlinea.com.ar\/tienda\/wp-json\/wp\/v2\/product_brand?post=61326"},{"taxonomy":"product_cat","embeddable":true,"href":"https:\/\/rms-enlinea.com.ar\/tienda\/wp-json\/wp\/v2\/product_cat?post=61326"},{"taxonomy":"product_tag","embeddable":true,"href":"https:\/\/rms-enlinea.com.ar\/tienda\/wp-json\/wp\/v2\/product_tag?post=61326"}],"curies":[{"name":"wp","href":"https:\/\/api.w.org\/{rel}","templated":true}]}}