{"id":61331,"date":"2026-02-18T01:42:33","date_gmt":"2026-02-18T04:42:33","guid":{"rendered":"https:\/\/rms-enlinea.com.ar\/tienda\/producto\/ssd-512gb-hiksemi-futurex-lite-m-2-nvme-gamer-interno-con-disipador-negro\/"},"modified":"2026-04-21T06:55:45","modified_gmt":"2026-04-21T09:55:45","slug":"ssd-512gb-hiksemi-futurex-lite-m-2-nvme-gamer-interno-con-disipador-negro","status":"publish","type":"product","link":"https:\/\/rms-enlinea.com.ar\/tienda\/producto\/ssd-512gb-hiksemi-futurex-lite-m-2-nvme-gamer-interno-con-disipador-negro\/","title":{"rendered":"Ssd 512gb Hiksemi Futurex Lite M.2 Nvme Gamer Interno Con Disipador Negro"},"content":{"rendered":"<p>M\u00e1s velocidad a tu alcance<br \/>\nEste disco transfiere datos a trav\u00e9s de una interfaz NVMe, lo que te brindar\u00e1 trasmitir una mayor cantidad de informaci\u00f3n de una sola vez.<\/p>\n","protected":false},"excerpt":{"rendered":"<p>M\u00e1s velocidad a tu alcance Este disco transfiere datos a trav\u00e9s de una interfaz NVMe, lo que te brindar\u00e1 trasmitir una mayor cantidad de informaci\u00f3n de una sola vez.<\/p>\n","protected":false},"featured_media":61332,"comment_status":"open","ping_status":"closed","template":"","meta":{"_uag_custom_page_level_css":""},"product_brand":[560],"product_cat":[106,15],"product_tag":[],"class_list":{"0":"post-61331","1":"product","2":"type-product","3":"status-publish","4":"has-post-thumbnail","6":"product_brand-hiksemi","7":"product_cat-discos-rigidos-ssd","8":"product_cat-sin-categorizar","10":"first","11":"outofstock","12":"sale","13":"taxable","14":"shipping-taxable","15":"purchasable","16":"product-type-simple"},"uagb_featured_image_src":{"full":["https:\/\/rms-enlinea.com.ar\/wp-content\/uploads\/2026\/02\/D_787039-MLA95396518256_102025-F.jpg",1200,844,false],"thumbnail":["https:\/\/rms-enlinea.com.ar\/wp-content\/uploads\/2026\/02\/D_787039-MLA95396518256_102025-F-150x150.jpg",150,150,true],"medium":["https:\/\/rms-enlinea.com.ar\/wp-content\/uploads\/2026\/02\/D_787039-MLA95396518256_102025-F-300x211.jpg",300,211,true],"medium_large":["https:\/\/rms-enlinea.com.ar\/wp-content\/uploads\/2026\/02\/D_787039-MLA95396518256_102025-F-768x540.jpg",768,540,true],"large":["https:\/\/rms-enlinea.com.ar\/wp-content\/uploads\/2026\/02\/D_787039-MLA95396518256_102025-F-1024x720.jpg",1024,720,true],"1536x1536":["https:\/\/rms-enlinea.com.ar\/wp-content\/uploads\/2026\/02\/D_787039-MLA95396518256_102025-F.jpg",1200,844,false],"2048x2048":["https:\/\/rms-enlinea.com.ar\/wp-content\/uploads\/2026\/02\/D_787039-MLA95396518256_102025-F.jpg",1200,844,false],"woocommerce_thumbnail":["https:\/\/rms-enlinea.com.ar\/wp-content\/uploads\/2026\/02\/D_787039-MLA95396518256_102025-F-450x450.jpg",450,450,true],"woocommerce_single":["https:\/\/rms-enlinea.com.ar\/wp-content\/uploads\/2026\/02\/D_787039-MLA95396518256_102025-F-600x422.jpg",600,422,true],"woocommerce_gallery_thumbnail":["https:\/\/rms-enlinea.com.ar\/wp-content\/uploads\/2026\/02\/D_787039-MLA95396518256_102025-F-100x100.jpg",100,100,true]},"uagb_author_info":{"display_name":"mario","author_link":"https:\/\/rms-enlinea.com.ar\/tienda\/author\/"},"uagb_comment_info":0,"uagb_excerpt":"M\u00e1s velocidad a tu alcance Este disco transfiere datos a trav\u00e9s de una interfaz NVMe, lo que te brindar\u00e1 trasmitir una mayor cantidad de informaci\u00f3n de una sola vez.","_links":{"self":[{"href":"https:\/\/rms-enlinea.com.ar\/tienda\/wp-json\/wp\/v2\/product\/61331","targetHints":{"allow":["GET"]}}],"collection":[{"href":"https:\/\/rms-enlinea.com.ar\/tienda\/wp-json\/wp\/v2\/product"}],"about":[{"href":"https:\/\/rms-enlinea.com.ar\/tienda\/wp-json\/wp\/v2\/types\/product"}],"replies":[{"embeddable":true,"href":"https:\/\/rms-enlinea.com.ar\/tienda\/wp-json\/wp\/v2\/comments?post=61331"}],"wp:featuredmedia":[{"embeddable":true,"href":"https:\/\/rms-enlinea.com.ar\/tienda\/wp-json\/wp\/v2\/media\/61332"}],"wp:attachment":[{"href":"https:\/\/rms-enlinea.com.ar\/tienda\/wp-json\/wp\/v2\/media?parent=61331"}],"wp:term":[{"taxonomy":"product_brand","embeddable":true,"href":"https:\/\/rms-enlinea.com.ar\/tienda\/wp-json\/wp\/v2\/product_brand?post=61331"},{"taxonomy":"product_cat","embeddable":true,"href":"https:\/\/rms-enlinea.com.ar\/tienda\/wp-json\/wp\/v2\/product_cat?post=61331"},{"taxonomy":"product_tag","embeddable":true,"href":"https:\/\/rms-enlinea.com.ar\/tienda\/wp-json\/wp\/v2\/product_tag?post=61331"}],"curies":[{"name":"wp","href":"https:\/\/api.w.org\/{rel}","templated":true}]}}