{"id":61344,"date":"2026-02-18T01:43:13","date_gmt":"2026-02-18T04:43:13","guid":{"rendered":"https:\/\/rms-enlinea.com.ar\/tienda\/producto\/mazas-para-timbales-schlagwerk-ma107-marron-claro\/"},"modified":"2026-04-21T06:52:23","modified_gmt":"2026-04-21T09:52:23","slug":"mazas-para-timbales-schlagwerk-ma107-marron-claro","status":"publish","type":"product","link":"https:\/\/rms-enlinea.com.ar\/tienda\/producto\/mazas-para-timbales-schlagwerk-ma107-marron-claro\/","title":{"rendered":"Mazas Para Timbales Schlagwerk Ma107 Marr\u00f3n Claro"},"content":{"rendered":"<p>La l\u00ednea de mazos Schlagwerk se desarroll\u00f3 espec\u00edficamente para cada instrumento. Por lo tanto, la dureza de los compuestos de caucho influye decisivamente en el sonido del instrumento. Las diferentes baquetas ofrecen mayor variabilidad en la formaci\u00f3n del sonido.<\/p>\n<p>Medidas de los iconosLongitud: 38 cm<br \/>\nIcono predeterminadoPor pares<br \/>\nEspeciales de iconosDureza: blanda<br \/>\nIcono predeterminadoAdecuado para tambores de marco<\/p>\n","protected":false},"excerpt":{"rendered":"<p>La l\u00ednea de mazos Schlagwerk se desarroll\u00f3 espec\u00edficamente para cada instrumento. Por lo tanto, la dureza de los compuestos de caucho influye decisivamente en el sonido del instrumento. Las diferentes baquetas ofrecen mayor variabilidad en la formaci\u00f3n del sonido. Medidas de los iconosLongitud: 38 cm Icono predeterminadoPor pares Especiales de iconosDureza: blanda Icono predeterminadoAdecuado para [&hellip;]<\/p>\n","protected":false},"featured_media":61345,"comment_status":"open","ping_status":"closed","template":"","meta":{"_uag_custom_page_level_css":""},"product_brand":[601],"product_cat":[70,15],"product_tag":[],"class_list":{"0":"post-61344","1":"product","2":"type-product","3":"status-publish","4":"has-post-thumbnail","6":"product_brand-schlagwerk","7":"product_cat-palillos","8":"product_cat-sin-categorizar","10":"first","11":"outofstock","12":"sale","13":"taxable","14":"shipping-taxable","15":"purchasable","16":"product-type-simple"},"uagb_featured_image_src":{"full":["https:\/\/rms-enlinea.com.ar\/wp-content\/uploads\/2026\/02\/D_789411-MLA106856027387_022026-F.jpg",1072,1190,false],"thumbnail":["https:\/\/rms-enlinea.com.ar\/wp-content\/uploads\/2026\/02\/D_789411-MLA106856027387_022026-F-150x150.jpg",150,150,true],"medium":["https:\/\/rms-enlinea.com.ar\/wp-content\/uploads\/2026\/02\/D_789411-MLA106856027387_022026-F-270x300.jpg",270,300,true],"medium_large":["https:\/\/rms-enlinea.com.ar\/wp-content\/uploads\/2026\/02\/D_789411-MLA106856027387_022026-F-768x853.jpg",768,853,true],"large":["https:\/\/rms-enlinea.com.ar\/wp-content\/uploads\/2026\/02\/D_789411-MLA106856027387_022026-F-922x1024.jpg",922,1024,true],"1536x1536":["https:\/\/rms-enlinea.com.ar\/wp-content\/uploads\/2026\/02\/D_789411-MLA106856027387_022026-F.jpg",1072,1190,false],"2048x2048":["https:\/\/rms-enlinea.com.ar\/wp-content\/uploads\/2026\/02\/D_789411-MLA106856027387_022026-F.jpg",1072,1190,false],"woocommerce_thumbnail":["https:\/\/rms-enlinea.com.ar\/wp-content\/uploads\/2026\/02\/D_789411-MLA106856027387_022026-F-450x450.jpg",450,450,true],"woocommerce_single":["https:\/\/rms-enlinea.com.ar\/wp-content\/uploads\/2026\/02\/D_789411-MLA106856027387_022026-F-600x666.jpg",600,666,true],"woocommerce_gallery_thumbnail":["https:\/\/rms-enlinea.com.ar\/wp-content\/uploads\/2026\/02\/D_789411-MLA106856027387_022026-F-100x100.jpg",100,100,true]},"uagb_author_info":{"display_name":"mario","author_link":"https:\/\/rms-enlinea.com.ar\/tienda\/author\/"},"uagb_comment_info":0,"uagb_excerpt":"La l\u00ednea de mazos Schlagwerk se desarroll\u00f3 espec\u00edficamente para cada instrumento. Por lo tanto, la dureza de los compuestos de caucho influye decisivamente en el sonido del instrumento. Las diferentes baquetas ofrecen mayor variabilidad en la formaci\u00f3n del sonido. Medidas de los iconosLongitud: 38 cm Icono predeterminadoPor pares Especiales de iconosDureza: blanda Icono predeterminadoAdecuado para&hellip;","_links":{"self":[{"href":"https:\/\/rms-enlinea.com.ar\/tienda\/wp-json\/wp\/v2\/product\/61344","targetHints":{"allow":["GET"]}}],"collection":[{"href":"https:\/\/rms-enlinea.com.ar\/tienda\/wp-json\/wp\/v2\/product"}],"about":[{"href":"https:\/\/rms-enlinea.com.ar\/tienda\/wp-json\/wp\/v2\/types\/product"}],"replies":[{"embeddable":true,"href":"https:\/\/rms-enlinea.com.ar\/tienda\/wp-json\/wp\/v2\/comments?post=61344"}],"wp:featuredmedia":[{"embeddable":true,"href":"https:\/\/rms-enlinea.com.ar\/tienda\/wp-json\/wp\/v2\/media\/61345"}],"wp:attachment":[{"href":"https:\/\/rms-enlinea.com.ar\/tienda\/wp-json\/wp\/v2\/media?parent=61344"}],"wp:term":[{"taxonomy":"product_brand","embeddable":true,"href":"https:\/\/rms-enlinea.com.ar\/tienda\/wp-json\/wp\/v2\/product_brand?post=61344"},{"taxonomy":"product_cat","embeddable":true,"href":"https:\/\/rms-enlinea.com.ar\/tienda\/wp-json\/wp\/v2\/product_cat?post=61344"},{"taxonomy":"product_tag","embeddable":true,"href":"https:\/\/rms-enlinea.com.ar\/tienda\/wp-json\/wp\/v2\/product_tag?post=61344"}],"curies":[{"name":"wp","href":"https:\/\/api.w.org\/{rel}","templated":true}]}}