{"id":61360,"date":"2026-02-18T06:00:25","date_gmt":"2026-02-18T09:00:25","guid":{"rendered":"https:\/\/rms-enlinea.com.ar\/tienda\/producto\/cooler-cpu-watercooler-thermaltake-th420-v2-aioargb-300-w-1-led-argb\/"},"modified":"2026-04-06T12:36:38","modified_gmt":"2026-04-06T15:36:38","slug":"cooler-cpu-watercooler-thermaltake-th420-v2-aioargb-300-w-1-led-argb","status":"publish","type":"product","link":"https:\/\/rms-enlinea.com.ar\/tienda\/producto\/cooler-cpu-watercooler-thermaltake-th420-v2-aioargb-300-w-1-led-argb\/","title":{"rendered":"Cooler Cpu Watercooler Thermaltake Th420 V2 Aioargb 300 W 1 Led Argb"},"content":{"rendered":"<p>Producto: Cooler Cpu Watercooler Thermaltake TH420 V2 AioArgb 300 W<\/p>\n<p>\u00af\u00af\u00af\u00af\u00af\u00af\u00af\u00af\u00af\u00af\u00af\u00af\u00af\u00af\u00af\u00af\u00af\u00af\u00af\u00af\u00af\u00af\u00af\u00af\u00af\u00af\u00af\u00af\u00af\u00af\u00af\u00af\u00af\u00af\u00af\u00af\u00af<br \/>\n&#8211; Marca : Thermaltake<br \/>\n&#8211; Modelo : TH420 V2 ARGB Sync All-In-One Liquid Cooler<br \/>\n&#8211; P\/N : CL-W376-PL14SW-A<br \/>\n&#8211; EAN : 4713227537926<br \/>\n&#8211; UPC : 841163087930<br \/>\n&#8211; Velocidad : PWM 1500~3300 R.P.M<br \/>\n&#8211; Voltaje Nominal de la Bomba : 12 V &amp; 5V<br \/>\n&#8211; Corriente Nominal de la Bomba : 0.43 A &amp; 0.32 A<br \/>\n&#8211; Potencia de Entrada de la Bomba : 5.16 W &amp; 1.6 W<br \/>\n&#8211; Conector de la Bomba : 2510 4 Pin \/ 5V ARGB header, 3 Pin<br \/>\n&#8211; Material del Bloque de Agua : Cobre<br \/>\n&#8211; Dimensiones del Ventilador : 140 x 140 x 25 mm<br \/>\n&#8211; Velocidad del Ventilador : PWM 500~2000 R.P.M<br \/>\n&#8211; Nivel de Ruido del Ventilador : 34.7 dB-A<br \/>\n&#8211; Voltaje Nominal del Ventilador : 12 V &amp; 5V<br \/>\n&#8211; Corriente Nominal del Ventilador : 0.32 A &amp; 0.31 A (un ventilador)<br \/>\n&#8211; Potencia de Entrada del Ventilador : 3.84 W &amp; 1.55 W (un ventilador)<br \/>\n&#8211; Flujo de Aire M\u00e1ximo del Ventilador : 84.32 CFM<br \/>\n&#8211; Presi\u00f3n Est\u00e1tica M\u00e1xima del Ventilador : 3.02 mm-H2O<br \/>\n&#8211; Conector del Ventilador : 2510 4 Pin PWM , 5V ARGB header 3 Pin<br \/>\n&#8211; Tipo de Rodamiento del Ventilador : Rodamiento Hidr\u00e1ulico<br \/>\n&#8211; Expectativa de Vida del Ventilador : 40,000 hrs, 25\u00b0C<br \/>\n&#8211; Longitud del Tubo : 460 mm<br \/>\n&#8211; Material del Tubo : Goma<br \/>\n&#8211; Dimensiones del Radiador : 456 x 139 x 27 mm<br \/>\n&#8211; Material del Radiador : Aluminio<br \/>\n&#8211; Compatibilidad de Z\u00f3calo Intel : LGA 2066\/2011\/1700\/1200\/1156\/1155\/1151\/1150<br \/>\n&#8211; Compatibilidad de Z\u00f3calo AMD : AM5\/AM4\/AM3+\/AM3\/AM2+\/AM2<\/p>\n","protected":false},"excerpt":{"rendered":"<p>Producto: Cooler Cpu Watercooler Thermaltake TH420 V2 AioArgb 300 W \u00af\u00af\u00af\u00af\u00af\u00af\u00af\u00af\u00af\u00af\u00af\u00af\u00af\u00af\u00af\u00af\u00af\u00af\u00af\u00af\u00af\u00af\u00af\u00af\u00af\u00af\u00af\u00af\u00af\u00af\u00af\u00af\u00af\u00af\u00af\u00af\u00af &#8211; Marca : Thermaltake &#8211; Modelo : TH420 V2 ARGB Sync All-In-One Liquid Cooler &#8211; P\/N : CL-W376-PL14SW-A &#8211; EAN : 4713227537926 &#8211; UPC : 841163087930 &#8211; Velocidad : PWM 1500~3300 R.P.M &#8211; Voltaje Nominal de la Bomba : 12 V &amp; 5V &#8211; [&hellip;]<\/p>\n","protected":false},"featured_media":61361,"comment_status":"open","ping_status":"closed","template":"","meta":{"_uag_custom_page_level_css":""},"product_brand":[561],"product_cat":[105,15],"product_tag":[],"class_list":{"0":"post-61360","1":"product","2":"type-product","3":"status-publish","4":"has-post-thumbnail","6":"product_brand-thermaltake","7":"product_cat-cooler-y-sistemas-de-refrigeracion","8":"product_cat-sin-categorizar","10":"first","11":"instock","12":"sale","13":"taxable","14":"shipping-taxable","15":"purchasable","16":"product-type-simple"},"uagb_featured_image_src":{"full":["https:\/\/rms-enlinea.com.ar\/wp-content\/uploads\/2026\/02\/D_838258-MLA99944067703_112025-F.jpg",965,353,false],"thumbnail":["https:\/\/rms-enlinea.com.ar\/wp-content\/uploads\/2026\/02\/D_838258-MLA99944067703_112025-F-150x150.jpg",150,150,true],"medium":["https:\/\/rms-enlinea.com.ar\/wp-content\/uploads\/2026\/02\/D_838258-MLA99944067703_112025-F-300x110.jpg",300,110,true],"medium_large":["https:\/\/rms-enlinea.com.ar\/wp-content\/uploads\/2026\/02\/D_838258-MLA99944067703_112025-F-768x281.jpg",768,281,true],"large":["https:\/\/rms-enlinea.com.ar\/wp-content\/uploads\/2026\/02\/D_838258-MLA99944067703_112025-F.jpg",965,353,false],"1536x1536":["https:\/\/rms-enlinea.com.ar\/wp-content\/uploads\/2026\/02\/D_838258-MLA99944067703_112025-F.jpg",965,353,false],"2048x2048":["https:\/\/rms-enlinea.com.ar\/wp-content\/uploads\/2026\/02\/D_838258-MLA99944067703_112025-F.jpg",965,353,false],"woocommerce_thumbnail":["https:\/\/rms-enlinea.com.ar\/wp-content\/uploads\/2026\/02\/D_838258-MLA99944067703_112025-F-450x353.jpg",450,353,true],"woocommerce_single":["https:\/\/rms-enlinea.com.ar\/wp-content\/uploads\/2026\/02\/D_838258-MLA99944067703_112025-F-600x219.jpg",600,219,true],"woocommerce_gallery_thumbnail":["https:\/\/rms-enlinea.com.ar\/wp-content\/uploads\/2026\/02\/D_838258-MLA99944067703_112025-F-100x100.jpg",100,100,true]},"uagb_author_info":{"display_name":"nelson","author_link":"https:\/\/rms-enlinea.com.ar\/tienda\/author\/"},"uagb_comment_info":0,"uagb_excerpt":"Producto: Cooler Cpu Watercooler Thermaltake TH420 V2 AioArgb 300 W \u00af\u00af\u00af\u00af\u00af\u00af\u00af\u00af\u00af\u00af\u00af\u00af\u00af\u00af\u00af\u00af\u00af\u00af\u00af\u00af\u00af\u00af\u00af\u00af\u00af\u00af\u00af\u00af\u00af\u00af\u00af\u00af\u00af\u00af\u00af\u00af\u00af &#8211; Marca : Thermaltake &#8211; Modelo : TH420 V2 ARGB Sync All-In-One Liquid Cooler &#8211; P\/N : CL-W376-PL14SW-A &#8211; EAN : 4713227537926 &#8211; UPC : 841163087930 &#8211; Velocidad : PWM 1500~3300 R.P.M &#8211; Voltaje Nominal de la Bomba : 12 V &amp; 5V &#8211;&hellip;","_links":{"self":[{"href":"https:\/\/rms-enlinea.com.ar\/tienda\/wp-json\/wp\/v2\/product\/61360","targetHints":{"allow":["GET"]}}],"collection":[{"href":"https:\/\/rms-enlinea.com.ar\/tienda\/wp-json\/wp\/v2\/product"}],"about":[{"href":"https:\/\/rms-enlinea.com.ar\/tienda\/wp-json\/wp\/v2\/types\/product"}],"replies":[{"embeddable":true,"href":"https:\/\/rms-enlinea.com.ar\/tienda\/wp-json\/wp\/v2\/comments?post=61360"}],"wp:featuredmedia":[{"embeddable":true,"href":"https:\/\/rms-enlinea.com.ar\/tienda\/wp-json\/wp\/v2\/media\/61361"}],"wp:attachment":[{"href":"https:\/\/rms-enlinea.com.ar\/tienda\/wp-json\/wp\/v2\/media?parent=61360"}],"wp:term":[{"taxonomy":"product_brand","embeddable":true,"href":"https:\/\/rms-enlinea.com.ar\/tienda\/wp-json\/wp\/v2\/product_brand?post=61360"},{"taxonomy":"product_cat","embeddable":true,"href":"https:\/\/rms-enlinea.com.ar\/tienda\/wp-json\/wp\/v2\/product_cat?post=61360"},{"taxonomy":"product_tag","embeddable":true,"href":"https:\/\/rms-enlinea.com.ar\/tienda\/wp-json\/wp\/v2\/product_tag?post=61360"}],"curies":[{"name":"wp","href":"https:\/\/api.w.org\/{rel}","templated":true}]}}