{"id":61368,"date":"2026-02-18T16:42:32","date_gmt":"2026-02-18T19:42:32","guid":{"rendered":"https:\/\/rms-enlinea.com.ar\/tienda\/producto\/joystick-razer-wolverine-v3-tournament-8k-pc-rz06-05550100-negro\/"},"modified":"2026-04-21T06:50:00","modified_gmt":"2026-04-21T09:50:00","slug":"joystick-razer-wolverine-v3-tournament-8k-pc-rz06-05550100-negro","status":"publish","type":"product","link":"https:\/\/rms-enlinea.com.ar\/tienda\/producto\/joystick-razer-wolverine-v3-tournament-8k-pc-rz06-05550100-negro\/","title":{"rendered":"Joystick Razer Wolverine V3 Tournament 8k Pc Rz06-05550100"},"content":{"rendered":"<p>Control preciso<br \/>\nEste mando combina funciones revolucionarias mientras conserva precisi\u00f3n, comodidad y exactitud en cada movimiento. Gracias a su ergonom\u00eda especialmente pensada para la posici\u00f3n de tu mano, pod\u00e9s pasar horas jugando con total confort.<\/p>\n","protected":false},"excerpt":{"rendered":"<p>Control preciso Este mando combina funciones revolucionarias mientras conserva precisi\u00f3n, comodidad y exactitud en cada movimiento. Gracias a su ergonom\u00eda especialmente pensada para la posici\u00f3n de tu mano, pod\u00e9s pasar horas jugando con total confort.<\/p>\n","protected":false},"featured_media":61369,"comment_status":"open","ping_status":"closed","template":"","meta":{"_uag_custom_page_level_css":""},"product_brand":[559],"product_cat":[111,15],"product_tag":[],"class_list":{"0":"post-61368","1":"product","2":"type-product","3":"status-publish","4":"has-post-thumbnail","6":"product_brand-razer","7":"product_cat-joystick","8":"product_cat-sin-categorizar","10":"first","11":"outofstock","12":"sale","13":"taxable","14":"shipping-taxable","15":"purchasable","16":"product-type-simple"},"uagb_featured_image_src":{"full":["https:\/\/rms-enlinea.com.ar\/wp-content\/uploads\/2026\/02\/D_626915-MLA107328434109_022026-F.jpg",978,936,false],"thumbnail":["https:\/\/rms-enlinea.com.ar\/wp-content\/uploads\/2026\/02\/D_626915-MLA107328434109_022026-F-150x150.jpg",150,150,true],"medium":["https:\/\/rms-enlinea.com.ar\/wp-content\/uploads\/2026\/02\/D_626915-MLA107328434109_022026-F-300x287.jpg",300,287,true],"medium_large":["https:\/\/rms-enlinea.com.ar\/wp-content\/uploads\/2026\/02\/D_626915-MLA107328434109_022026-F-768x735.jpg",768,735,true],"large":["https:\/\/rms-enlinea.com.ar\/wp-content\/uploads\/2026\/02\/D_626915-MLA107328434109_022026-F.jpg",978,936,false],"1536x1536":["https:\/\/rms-enlinea.com.ar\/wp-content\/uploads\/2026\/02\/D_626915-MLA107328434109_022026-F.jpg",978,936,false],"2048x2048":["https:\/\/rms-enlinea.com.ar\/wp-content\/uploads\/2026\/02\/D_626915-MLA107328434109_022026-F.jpg",978,936,false],"woocommerce_thumbnail":["https:\/\/rms-enlinea.com.ar\/wp-content\/uploads\/2026\/02\/D_626915-MLA107328434109_022026-F-450x450.jpg",450,450,true],"woocommerce_single":["https:\/\/rms-enlinea.com.ar\/wp-content\/uploads\/2026\/02\/D_626915-MLA107328434109_022026-F-600x574.jpg",600,574,true],"woocommerce_gallery_thumbnail":["https:\/\/rms-enlinea.com.ar\/wp-content\/uploads\/2026\/02\/D_626915-MLA107328434109_022026-F-100x100.jpg",100,100,true]},"uagb_author_info":{"display_name":"nelson","author_link":"https:\/\/rms-enlinea.com.ar\/tienda\/author\/"},"uagb_comment_info":0,"uagb_excerpt":"Control preciso Este mando combina funciones revolucionarias mientras conserva precisi\u00f3n, comodidad y exactitud en cada movimiento. Gracias a su ergonom\u00eda especialmente pensada para la posici\u00f3n de tu mano, pod\u00e9s pasar horas jugando con total confort.","_links":{"self":[{"href":"https:\/\/rms-enlinea.com.ar\/tienda\/wp-json\/wp\/v2\/product\/61368","targetHints":{"allow":["GET"]}}],"collection":[{"href":"https:\/\/rms-enlinea.com.ar\/tienda\/wp-json\/wp\/v2\/product"}],"about":[{"href":"https:\/\/rms-enlinea.com.ar\/tienda\/wp-json\/wp\/v2\/types\/product"}],"replies":[{"embeddable":true,"href":"https:\/\/rms-enlinea.com.ar\/tienda\/wp-json\/wp\/v2\/comments?post=61368"}],"wp:featuredmedia":[{"embeddable":true,"href":"https:\/\/rms-enlinea.com.ar\/tienda\/wp-json\/wp\/v2\/media\/61369"}],"wp:attachment":[{"href":"https:\/\/rms-enlinea.com.ar\/tienda\/wp-json\/wp\/v2\/media?parent=61368"}],"wp:term":[{"taxonomy":"product_brand","embeddable":true,"href":"https:\/\/rms-enlinea.com.ar\/tienda\/wp-json\/wp\/v2\/product_brand?post=61368"},{"taxonomy":"product_cat","embeddable":true,"href":"https:\/\/rms-enlinea.com.ar\/tienda\/wp-json\/wp\/v2\/product_cat?post=61368"},{"taxonomy":"product_tag","embeddable":true,"href":"https:\/\/rms-enlinea.com.ar\/tienda\/wp-json\/wp\/v2\/product_tag?post=61368"}],"curies":[{"name":"wp","href":"https:\/\/api.w.org\/{rel}","templated":true}]}}