{"id":61381,"date":"2026-02-21T01:50:22","date_gmt":"2026-02-21T04:50:22","guid":{"rendered":"https:\/\/rms-enlinea.com.ar\/tienda\/producto\/genius-volante-genius-speedmaster-x2-palanca-pedalera-pc-ps4-xbox-color-negro\/"},"modified":"2026-04-14T09:50:16","modified_gmt":"2026-04-14T12:50:16","slug":"genius-volante-genius-speedmaster-x2-palanca-pedalera-pc-ps4-xbox-color-negro","status":"publish","type":"product","link":"https:\/\/rms-enlinea.com.ar\/tienda\/producto\/genius-volante-genius-speedmaster-x2-palanca-pedalera-pc-ps4-xbox-color-negro\/","title":{"rendered":"Genius Volante Genius Speedmaster X2 Palanca Pedalera Pc Ps4 Xbox Color Negro"},"content":{"rendered":"<p>Volante Genius Speedmaster X2<br \/>\nVolante, pedales y palanca de cambios para PC, PlayStation 3\/4 y Xbox 360\/One\/Series X.<br \/>\nEl volante SpeedMaster X2 ofrece un \u00e1ngulo de rotaci\u00f3n de hasta 1080\u00b0, que se adapta a tus h\u00e1bitos de conducci\u00f3n y proporciona una experiencia de carrera.<br \/>\nEst\u00e1 equipado con una palanca de cambios, un motor de doble vibraci\u00f3n y un sistema de pedales.<br \/>\nTiene 13 botones de acci\u00f3n y ofrece un nivel de sensibilidad ajustable.<br \/>\nEl volante cuenta con un mecanismo para fijarlo a una mesa.<\/p>\n<p>\u00c1ngulo de rotaci\u00f3n: 270\u00b0\/ 900\u00b0\/ 1080\u00b0<br \/>\nN\u00famero de pedales: 2<br \/>\nCompatibilidad: PC, PS3, PS4, Xbox 360, Xbox One, Xbox Series X, Nintendo Switch<br \/>\nDimensiones:<br \/>\nVolante: 310,5 \u00d7 299,5 \u00d7 271,7 mm<br \/>\nPalanca de cambios: 225,2 \u00d7 174,8 \u00d7 110,8 mm<br \/>\nPedales: 240 \u00d7 220 \u00d7 131,8 mm<\/p>\n","protected":false},"excerpt":{"rendered":"<p>Volante Genius Speedmaster X2 Volante, pedales y palanca de cambios para PC, PlayStation 3\/4 y Xbox 360\/One\/Series X. El volante SpeedMaster X2 ofrece un \u00e1ngulo de rotaci\u00f3n de hasta 1080\u00b0, que se adapta a tus h\u00e1bitos de conducci\u00f3n y proporciona una experiencia de carrera. Est\u00e1 equipado con una palanca de cambios, un motor de doble [&hellip;]<\/p>\n","protected":false},"featured_media":61382,"comment_status":"open","ping_status":"closed","template":"","meta":{"_uag_custom_page_level_css":""},"product_brand":[542],"product_cat":[111,15],"product_tag":[],"class_list":{"0":"post-61381","1":"product","2":"type-product","3":"status-publish","4":"has-post-thumbnail","6":"product_brand-trustgaming","7":"product_cat-joystick","8":"product_cat-sin-categorizar","10":"first","11":"instock","12":"sale","13":"taxable","14":"shipping-taxable","15":"purchasable","16":"product-type-simple"},"uagb_featured_image_src":{"full":["https:\/\/rms-enlinea.com.ar\/wp-content\/uploads\/2026\/02\/D_604677-MLA99968764613_112025-F.jpg",1069,1200,false],"thumbnail":["https:\/\/rms-enlinea.com.ar\/wp-content\/uploads\/2026\/02\/D_604677-MLA99968764613_112025-F-150x150.jpg",150,150,true],"medium":["https:\/\/rms-enlinea.com.ar\/wp-content\/uploads\/2026\/02\/D_604677-MLA99968764613_112025-F-267x300.jpg",267,300,true],"medium_large":["https:\/\/rms-enlinea.com.ar\/wp-content\/uploads\/2026\/02\/D_604677-MLA99968764613_112025-F-768x862.jpg",768,862,true],"large":["https:\/\/rms-enlinea.com.ar\/wp-content\/uploads\/2026\/02\/D_604677-MLA99968764613_112025-F-912x1024.jpg",912,1024,true],"1536x1536":["https:\/\/rms-enlinea.com.ar\/wp-content\/uploads\/2026\/02\/D_604677-MLA99968764613_112025-F.jpg",1069,1200,false],"2048x2048":["https:\/\/rms-enlinea.com.ar\/wp-content\/uploads\/2026\/02\/D_604677-MLA99968764613_112025-F.jpg",1069,1200,false],"woocommerce_thumbnail":["https:\/\/rms-enlinea.com.ar\/wp-content\/uploads\/2026\/02\/D_604677-MLA99968764613_112025-F-450x450.jpg",450,450,true],"woocommerce_single":["https:\/\/rms-enlinea.com.ar\/wp-content\/uploads\/2026\/02\/D_604677-MLA99968764613_112025-F-600x674.jpg",600,674,true],"woocommerce_gallery_thumbnail":["https:\/\/rms-enlinea.com.ar\/wp-content\/uploads\/2026\/02\/D_604677-MLA99968764613_112025-F-100x100.jpg",100,100,true]},"uagb_author_info":{"display_name":"nelson","author_link":"https:\/\/rms-enlinea.com.ar\/tienda\/author\/"},"uagb_comment_info":0,"uagb_excerpt":"Volante Genius Speedmaster X2 Volante, pedales y palanca de cambios para PC, PlayStation 3\/4 y Xbox 360\/One\/Series X. El volante SpeedMaster X2 ofrece un \u00e1ngulo de rotaci\u00f3n de hasta 1080\u00b0, que se adapta a tus h\u00e1bitos de conducci\u00f3n y proporciona una experiencia de carrera. Est\u00e1 equipado con una palanca de cambios, un motor de doble&hellip;","_links":{"self":[{"href":"https:\/\/rms-enlinea.com.ar\/tienda\/wp-json\/wp\/v2\/product\/61381","targetHints":{"allow":["GET"]}}],"collection":[{"href":"https:\/\/rms-enlinea.com.ar\/tienda\/wp-json\/wp\/v2\/product"}],"about":[{"href":"https:\/\/rms-enlinea.com.ar\/tienda\/wp-json\/wp\/v2\/types\/product"}],"replies":[{"embeddable":true,"href":"https:\/\/rms-enlinea.com.ar\/tienda\/wp-json\/wp\/v2\/comments?post=61381"}],"wp:featuredmedia":[{"embeddable":true,"href":"https:\/\/rms-enlinea.com.ar\/tienda\/wp-json\/wp\/v2\/media\/61382"}],"wp:attachment":[{"href":"https:\/\/rms-enlinea.com.ar\/tienda\/wp-json\/wp\/v2\/media?parent=61381"}],"wp:term":[{"taxonomy":"product_brand","embeddable":true,"href":"https:\/\/rms-enlinea.com.ar\/tienda\/wp-json\/wp\/v2\/product_brand?post=61381"},{"taxonomy":"product_cat","embeddable":true,"href":"https:\/\/rms-enlinea.com.ar\/tienda\/wp-json\/wp\/v2\/product_cat?post=61381"},{"taxonomy":"product_tag","embeddable":true,"href":"https:\/\/rms-enlinea.com.ar\/tienda\/wp-json\/wp\/v2\/product_tag?post=61381"}],"curies":[{"name":"wp","href":"https:\/\/api.w.org\/{rel}","templated":true}]}}