{"id":61383,"date":"2026-02-21T05:30:14","date_gmt":"2026-02-21T08:30:14","guid":{"rendered":"https:\/\/rms-enlinea.com.ar\/tienda\/producto\/auriculares-gamer-trust-gxt-490-fayo-blanco\/"},"modified":"2026-04-21T06:25:12","modified_gmt":"2026-04-21T09:25:12","slug":"auriculares-gamer-trust-gxt-490-fayo-blanco","status":"publish","type":"product","link":"https:\/\/rms-enlinea.com.ar\/tienda\/producto\/auriculares-gamer-trust-gxt-490-fayo-blanco\/","title":{"rendered":"Auriculares Gamer Trust Gxt 490 Fayo Blanco"},"content":{"rendered":"<p>Envu\u00e9lvete de sonido<br \/>\nPrep\u00e1rate para quedarte de piedra con el juego de auriculares Fayzo. Con sonido envolvente virtual 7.1 y unidades de altavoz de 50 mm, escuchar\u00e1s cada palabra, pisada, golpe, campanilla y cualquier otro sonido como nunca los hab\u00edas o\u00eddo.<\/p>\n<p>Juega por el planeta<br \/>\nJuega de una manera buena para ti y buena para el planeta. Con un dise\u00f1o ecol\u00f3gico, compuesto por un 85% de pl\u00e1sticos reciclados, los auriculares Fayzo te permiten jugar con un sonido n\u00edtido y la conciencia tranquila.<\/p>\n<p>Irresistiblemente c\u00f3modos<br \/>\nPerfecto para esas sesiones maratonianas de gaming, este juego de auriculares tiene almohadillas para las orejas superc\u00f3modas y auriculares giratorios ajustables para que puedas llevarlos todo el d\u00eda sin cansarte. \u00a1Una delicia!<\/p>\n<p>Micr\u00f3fono activado, micr\u00f3fono desactivado<br \/>\nTus compa\u00f1eros de equipo te necesitan, as\u00ed que aseg\u00farate de que capten todo lo que dices con el micr\u00f3fono con cancelaci\u00f3n de ruido de los auriculares Fayzo. Flexible y desmontable, incluso se puede plegar o retirar por completo cuando no lo necesites.<\/p>\n<p>\u00a1Ilum\u00ednalo!<br \/>\nEste juego de auriculares tiene estilo y presencia. Con iluminaci\u00f3n RGB multicolor regulable, puedes elegir entre tres modos de vibrantes colores para a\u00f1adir un toque adicional incre\u00edble al set-up de gaming.<\/p>\n<p>Escuchar y que te escuchen<br \/>\nGestiona el sonido de forma impecable con el control de volumen de f\u00e1cil acceso de los auriculares Fayzo y el bot\u00f3n silenciador del micr\u00f3fono situado en el auricular. Ya no tendr\u00e1s que pelearte con los controles y tendr\u00e1s m\u00e1s tiempo para jugar.<\/p>\n<p>Siempre conectado<br \/>\nNunca permitas que un cable corto te detenga. Provistos de un cable trenzado desmontable extralargo de 2 m, este juego de auriculares garantiza la libertad de movimientos y el juego sin restricciones, independientemente de la intensidad que exijan las condiciones.<\/p>\n<p>A tu manera<br \/>\nHazte con el control total de la experiencia auditiva con los auriculares Fayzo. El software de PC incluido permite crear ecualizadores personalizados, ajustar la ENC (cancelaci\u00f3n de ruido ambiental) del micr\u00f3fono y modificar el sonido 7.1. \u00bfNo es genial?<\/p>\n<p>Amigo de todos<br \/>\nLos auriculares Fayzo ya ofrecen un sinf\u00edn de caracter\u00edsticas incre\u00edbles, pero su compatibilidad con PC, PS4 y PS5 consigue mejorarlos todav\u00eda m\u00e1s. Sea cual sea la plataforma que prefieras, este es el juego de auriculares perfecto para ti.<\/p>\n<p>ESPECIFICACIONES<\/p>\n<p>AURICULAR<br \/>\nDiadema ajustable<br \/>\nS\u00ed<\/p>\n<p>Tipo de auricular<br \/>\nsobre oreja<\/p>\n<p>Material de los auriculares<br \/>\nmaterial de tela (tejido de malla), cuero sint\u00e9tico<\/p>\n<p>Construcci\u00f3n de tapones para los o\u00eddos<br \/>\ncerrado<\/p>\n<p>Auriculares giratorios<br \/>\nS\u00ed<br \/>\nAuriculares giratorios<br \/>\nNo<\/p>\n<p>Canales de salida<br \/>\n2<\/p>\n<p>Tipo de im\u00e1n<br \/>\nNeodimio<\/p>\n<p>Cancelaci\u00f3n activa de ruido<br \/>\nNo<\/p>\n<p>Distorsi\u00f3n arm\u00f3nica total<br \/>\n1 %<\/p>\n<p>Presi\u00f3n de contacto del auricular<br \/>\nnormal<\/p>\n<p>SOSTENIBILIDAD<br \/>\nMaterial de pl\u00e1stico<br \/>\nABS<\/p>\n<p>M\u00e9todo de sostenibilidad<br \/>\nPCR<\/p>\n<p>Contenido reciclado %<br \/>\n35 %<\/p>\n<p>CARACTERISTICAS<br \/>\nReducci\u00f3n de ruido de fondo<br \/>\nS\u00ed<\/p>\n<p>Software<br \/>\nS\u00ed<\/p>\n<p>Plegable<br \/>\nNo<\/p>\n<p>CONTROL<br \/>\nControl remoto<br \/>\nEn el auricular<\/p>\n<p>Controles en el auricular<br \/>\nS\u00ed<br \/>\ncontrol de volumen, modo de color de luz, silencio del micr\u00f3fono<\/p>\n<p>Indicadores LED<br \/>\nNo<\/p>\n<p>CONECTIVIDAD<br \/>\nTipo de conexi\u00f3n<br \/>\ncableado<\/p>\n<p>Versi\u00f3n USB<br \/>\n2.0, 1.1<\/p>\n<p>Tipo de conector<br \/>\nUSB-A<\/p>\n<p>Estilo de conector<br \/>\nDerecho<\/p>\n<p>Estilo de cable<br \/>\nredondo<\/p>\n<p>AUDIO<br \/>\nReproducci\u00f3n de sonido<br \/>\nSonido envolvente<\/p>\n<p>Canales de audio<br \/>\n2.0<\/p>\n<p>Respuesta frecuente<br \/>\n20Hz &#8211; 20.000Hz<\/p>\n<p>Tama\u00f1o del conductor<br \/>\n50 mil\u00edmetros<\/p>\n<p>Unidades de conductor<br \/>\n2<\/p>\n<p>Micr\u00f3fono<br \/>\nS\u00ed<\/p>\n<p>Verdadero est\u00e9reo inal\u00e1mbrico (TWS)<br \/>\nNo<\/p>\n<p>Sensibilidad<br \/>\n100dB<\/p>\n<p>Nivel de presi\u00f3n de sonido<br \/>\n110dB<\/p>\n<p>GAMING<br \/>\nDise\u00f1ado para jugar<br \/>\nS\u00ed<\/p>\n<p>LUCES<br \/>\nS\u00ed<\/p>\n<p>PROTECCION<br \/>\nImpermeable<br \/>\nNo<\/p>\n<p>FUENTE DE ALIMENTACION<br \/>\nUSB<\/p>\n<p>COMPATIBILIDAD<br \/>\nAdecuado para<br \/>\nJuegos, Escuchar m\u00fasica, Hogar, Fortnite, Uso diario<\/p>\n<p>Tipos de dispositivos compatibles<br \/>\ncomputadora port\u00e1til, pc, consola de juegos<\/p>\n<p>Consolas compatibles<br \/>\nPS5, PS4<\/p>\n<p>Plataformas de software compatibles<br \/>\nWindows, MacOS<\/p>\n<p>Compatibilidad PC de escritorio y port\u00e1til<br \/>\nS\u00ed<\/p>\n<p>Compatibilidad PlayStation<br \/>\nS\u00ed, sin software<\/p>\n<p>Compatibilidad Nintendo Switch<br \/>\nNo<\/p>\n<p>Compatibilidad M\u00f3vil y Tablet<br \/>\nNo<\/p>\n<p>Compatibilidad Xbox<br \/>\nNo<\/p>\n<p>Compatibilidad general<br \/>\nUSBA<\/p>\n<p>TAMA\u00d1O Y PESO<br \/>\n290 gramos<\/p>\n<p>Peso de la unidad principal<br \/>\n290 gramos<\/p>\n<p>Profundidad del producto principal (en mm)<br \/>\n90mm<\/p>\n<p>Ancho del producto principal (en mm)<br \/>\n180 mil\u00edmetros<\/p>\n<p>Altura del producto principal (en mm)<br \/>\n200 mil\u00edmetros<\/p>\n","protected":false},"excerpt":{"rendered":"<p>Envu\u00e9lvete de sonido Prep\u00e1rate para quedarte de piedra con el juego de auriculares Fayzo. Con sonido envolvente virtual 7.1 y unidades de altavoz de 50 mm, escuchar\u00e1s cada palabra, pisada, golpe, campanilla y cualquier otro sonido como nunca los hab\u00edas o\u00eddo. Juega por el planeta Juega de una manera buena para ti y buena para [&hellip;]<\/p>\n","protected":false},"featured_media":61384,"comment_status":"open","ping_status":"closed","template":"","meta":{"_uag_custom_page_level_css":""},"product_brand":[542],"product_cat":[99,15],"product_tag":[],"class_list":{"0":"post-61383","1":"product","2":"type-product","3":"status-publish","4":"has-post-thumbnail","6":"product_brand-trustgaming","7":"product_cat-auriculares-computacion","8":"product_cat-sin-categorizar","10":"first","11":"outofstock","12":"sale","13":"taxable","14":"shipping-taxable","15":"purchasable","16":"product-type-simple"},"uagb_featured_image_src":{"full":["https:\/\/rms-enlinea.com.ar\/wp-content\/uploads\/2026\/02\/D_813400-MLA99593021888_122025-F.jpg",873,1200,false],"thumbnail":["https:\/\/rms-enlinea.com.ar\/wp-content\/uploads\/2026\/02\/D_813400-MLA99593021888_122025-F-150x150.jpg",150,150,true],"medium":["https:\/\/rms-enlinea.com.ar\/wp-content\/uploads\/2026\/02\/D_813400-MLA99593021888_122025-F-218x300.jpg",218,300,true],"medium_large":["https:\/\/rms-enlinea.com.ar\/wp-content\/uploads\/2026\/02\/D_813400-MLA99593021888_122025-F-768x1056.jpg",768,1056,true],"large":["https:\/\/rms-enlinea.com.ar\/wp-content\/uploads\/2026\/02\/D_813400-MLA99593021888_122025-F-745x1024.jpg",745,1024,true],"1536x1536":["https:\/\/rms-enlinea.com.ar\/wp-content\/uploads\/2026\/02\/D_813400-MLA99593021888_122025-F.jpg",873,1200,false],"2048x2048":["https:\/\/rms-enlinea.com.ar\/wp-content\/uploads\/2026\/02\/D_813400-MLA99593021888_122025-F.jpg",873,1200,false],"woocommerce_thumbnail":["https:\/\/rms-enlinea.com.ar\/wp-content\/uploads\/2026\/02\/D_813400-MLA99593021888_122025-F-450x450.jpg",450,450,true],"woocommerce_single":["https:\/\/rms-enlinea.com.ar\/wp-content\/uploads\/2026\/02\/D_813400-MLA99593021888_122025-F-600x825.jpg",600,825,true],"woocommerce_gallery_thumbnail":["https:\/\/rms-enlinea.com.ar\/wp-content\/uploads\/2026\/02\/D_813400-MLA99593021888_122025-F-100x100.jpg",100,100,true]},"uagb_author_info":{"display_name":"nelson","author_link":"https:\/\/rms-enlinea.com.ar\/tienda\/author\/"},"uagb_comment_info":0,"uagb_excerpt":"Envu\u00e9lvete de sonido Prep\u00e1rate para quedarte de piedra con el juego de auriculares Fayzo. Con sonido envolvente virtual 7.1 y unidades de altavoz de 50 mm, escuchar\u00e1s cada palabra, pisada, golpe, campanilla y cualquier otro sonido como nunca los hab\u00edas o\u00eddo. Juega por el planeta Juega de una manera buena para ti y buena para&hellip;","_links":{"self":[{"href":"https:\/\/rms-enlinea.com.ar\/tienda\/wp-json\/wp\/v2\/product\/61383","targetHints":{"allow":["GET"]}}],"collection":[{"href":"https:\/\/rms-enlinea.com.ar\/tienda\/wp-json\/wp\/v2\/product"}],"about":[{"href":"https:\/\/rms-enlinea.com.ar\/tienda\/wp-json\/wp\/v2\/types\/product"}],"replies":[{"embeddable":true,"href":"https:\/\/rms-enlinea.com.ar\/tienda\/wp-json\/wp\/v2\/comments?post=61383"}],"wp:featuredmedia":[{"embeddable":true,"href":"https:\/\/rms-enlinea.com.ar\/tienda\/wp-json\/wp\/v2\/media\/61384"}],"wp:attachment":[{"href":"https:\/\/rms-enlinea.com.ar\/tienda\/wp-json\/wp\/v2\/media?parent=61383"}],"wp:term":[{"taxonomy":"product_brand","embeddable":true,"href":"https:\/\/rms-enlinea.com.ar\/tienda\/wp-json\/wp\/v2\/product_brand?post=61383"},{"taxonomy":"product_cat","embeddable":true,"href":"https:\/\/rms-enlinea.com.ar\/tienda\/wp-json\/wp\/v2\/product_cat?post=61383"},{"taxonomy":"product_tag","embeddable":true,"href":"https:\/\/rms-enlinea.com.ar\/tienda\/wp-json\/wp\/v2\/product_tag?post=61383"}],"curies":[{"name":"wp","href":"https:\/\/api.w.org\/{rel}","templated":true}]}}