{"id":61449,"date":"2026-02-21T14:10:52","date_gmt":"2026-02-21T17:10:52","guid":{"rendered":"https:\/\/rms-enlinea.com.ar\/tienda\/producto\/web-cam-genius-facecam-light-black-full-hd-1080p\/"},"modified":"2026-04-02T17:18:23","modified_gmt":"2026-04-02T20:18:23","slug":"web-cam-genius-facecam-light-black-full-hd-1080p","status":"publish","type":"product","link":"https:\/\/rms-enlinea.com.ar\/tienda\/producto\/web-cam-genius-facecam-light-black-full-hd-1080p\/","title":{"rendered":"Web Cam Genius Facecam Light Black Full Hd 1080p"},"content":{"rendered":"<p>C\u00e1mara web LED Full HD 1080P<br \/>\nPara aprendizaje en l\u00ednea y videoconferencias con Teams, Zoom, Meet<br \/>\nControl en l\u00ednea para mejorar la luz de relleno<br \/>\nEnfoque fijo y micr\u00f3fono incorporado<br \/>\nResoluci\u00f3n 1920 x 1080 p\u00edxeles<br \/>\nTapa de lente para privacidad y protecci\u00f3n contra el polvo<br \/>\nMontaje flexible para monitor, escritorio o tr\u00edpode<br \/>\nUVC Plug &amp; Play, no requiere controlador<br \/>\nCompatibilidad dual con USB-A &amp; USB-C<\/p>\n","protected":false},"excerpt":{"rendered":"<p>C\u00e1mara web LED Full HD 1080P Para aprendizaje en l\u00ednea y videoconferencias con Teams, Zoom, Meet Control en l\u00ednea para mejorar la luz de relleno Enfoque fijo y micr\u00f3fono incorporado Resoluci\u00f3n 1920 x 1080 p\u00edxeles Tapa de lente para privacidad y protecci\u00f3n contra el polvo Montaje flexible para monitor, escritorio o tr\u00edpode UVC Plug &amp; [&hellip;]<\/p>\n","protected":false},"featured_media":61450,"comment_status":"open","ping_status":"closed","template":"","meta":{"_uag_custom_page_level_css":""},"product_brand":[550],"product_cat":[102,15],"product_tag":[],"class_list":{"0":"post-61449","1":"product","2":"type-product","3":"status-publish","4":"has-post-thumbnail","6":"product_brand-genius","7":"product_cat-camaras-webcam","8":"product_cat-sin-categorizar","10":"first","11":"outofstock","12":"sale","13":"taxable","14":"shipping-taxable","15":"purchasable","16":"product-type-simple"},"uagb_featured_image_src":{"full":["https:\/\/rms-enlinea.com.ar\/wp-content\/uploads\/2026\/02\/D_635264-MLA106796993062_022026-F.jpg",1024,1024,false],"thumbnail":["https:\/\/rms-enlinea.com.ar\/wp-content\/uploads\/2026\/02\/D_635264-MLA106796993062_022026-F-150x150.jpg",150,150,true],"medium":["https:\/\/rms-enlinea.com.ar\/wp-content\/uploads\/2026\/02\/D_635264-MLA106796993062_022026-F-300x300.jpg",300,300,true],"medium_large":["https:\/\/rms-enlinea.com.ar\/wp-content\/uploads\/2026\/02\/D_635264-MLA106796993062_022026-F-768x768.jpg",768,768,true],"large":["https:\/\/rms-enlinea.com.ar\/wp-content\/uploads\/2026\/02\/D_635264-MLA106796993062_022026-F.jpg",1024,1024,false],"1536x1536":["https:\/\/rms-enlinea.com.ar\/wp-content\/uploads\/2026\/02\/D_635264-MLA106796993062_022026-F.jpg",1024,1024,false],"2048x2048":["https:\/\/rms-enlinea.com.ar\/wp-content\/uploads\/2026\/02\/D_635264-MLA106796993062_022026-F.jpg",1024,1024,false],"woocommerce_thumbnail":["https:\/\/rms-enlinea.com.ar\/wp-content\/uploads\/2026\/02\/D_635264-MLA106796993062_022026-F-450x450.jpg",450,450,true],"woocommerce_single":["https:\/\/rms-enlinea.com.ar\/wp-content\/uploads\/2026\/02\/D_635264-MLA106796993062_022026-F-600x600.jpg",600,600,true],"woocommerce_gallery_thumbnail":["https:\/\/rms-enlinea.com.ar\/wp-content\/uploads\/2026\/02\/D_635264-MLA106796993062_022026-F-100x100.jpg",100,100,true]},"uagb_author_info":{"display_name":"nelson","author_link":"https:\/\/rms-enlinea.com.ar\/tienda\/author\/"},"uagb_comment_info":0,"uagb_excerpt":"C\u00e1mara web LED Full HD 1080P Para aprendizaje en l\u00ednea y videoconferencias con Teams, Zoom, Meet Control en l\u00ednea para mejorar la luz de relleno Enfoque fijo y micr\u00f3fono incorporado Resoluci\u00f3n 1920 x 1080 p\u00edxeles Tapa de lente para privacidad y protecci\u00f3n contra el polvo Montaje flexible para monitor, escritorio o tr\u00edpode UVC Plug &amp;&hellip;","_links":{"self":[{"href":"https:\/\/rms-enlinea.com.ar\/tienda\/wp-json\/wp\/v2\/product\/61449","targetHints":{"allow":["GET"]}}],"collection":[{"href":"https:\/\/rms-enlinea.com.ar\/tienda\/wp-json\/wp\/v2\/product"}],"about":[{"href":"https:\/\/rms-enlinea.com.ar\/tienda\/wp-json\/wp\/v2\/types\/product"}],"replies":[{"embeddable":true,"href":"https:\/\/rms-enlinea.com.ar\/tienda\/wp-json\/wp\/v2\/comments?post=61449"}],"wp:featuredmedia":[{"embeddable":true,"href":"https:\/\/rms-enlinea.com.ar\/tienda\/wp-json\/wp\/v2\/media\/61450"}],"wp:attachment":[{"href":"https:\/\/rms-enlinea.com.ar\/tienda\/wp-json\/wp\/v2\/media?parent=61449"}],"wp:term":[{"taxonomy":"product_brand","embeddable":true,"href":"https:\/\/rms-enlinea.com.ar\/tienda\/wp-json\/wp\/v2\/product_brand?post=61449"},{"taxonomy":"product_cat","embeddable":true,"href":"https:\/\/rms-enlinea.com.ar\/tienda\/wp-json\/wp\/v2\/product_cat?post=61449"},{"taxonomy":"product_tag","embeddable":true,"href":"https:\/\/rms-enlinea.com.ar\/tienda\/wp-json\/wp\/v2\/product_tag?post=61449"}],"curies":[{"name":"wp","href":"https:\/\/api.w.org\/{rel}","templated":true}]}}