{"id":61465,"date":"2026-02-21T15:30:20","date_gmt":"2026-02-21T18:30:20","guid":{"rendered":"https:\/\/rms-enlinea.com.ar\/tienda\/producto\/mouse-inalambrico-genius-nx-7125-silver\/"},"modified":"2026-04-16T12:00:53","modified_gmt":"2026-04-16T15:00:53","slug":"mouse-inalambrico-genius-nx-7125-silver","status":"publish","type":"product","link":"https:\/\/rms-enlinea.com.ar\/tienda\/producto\/mouse-inalambrico-genius-nx-7125-silver\/","title":{"rendered":"Mouse Inal\u00e1mbrico Genius Nx-7125 2.4 Ghz Usb Silver Plateado"},"content":{"rendered":"<p>El Mouse Inal\u00e1mbrico Genius NX-7125 en color plateado es la opci\u00f3n ideal para quienes buscan un dispositivo pr\u00e1ctico y elegante. Su dise\u00f1o ambidiestro permite un uso c\u00f3modo tanto para diestros como para zurdos, adapt\u00e1ndose a las necesidades de cada usuario. Con un sensor \u00f3ptico de 1200 dpi, ofrece una precisi\u00f3n adecuada para tareas cotidianas y navegaci\u00f3n fluida.<\/p>\n<p>Este mouse cuenta con tres botones que facilitan la interacci\u00f3n y el control, mientras que su tecnolog\u00eda inal\u00e1mbrica elimina la molestia de los cables. Con un peso de solo 1 g, es ligero y f\u00e1cil de transportar, convirti\u00e9ndolo en un compa\u00f1ero perfecto para el trabajo o el hogar. Su tama\u00f1o compacto de 10 cm de largo, 6 cm de ancho y 4 cm de alto lo hace ideal para cualquier espacio de trabajo.<\/p>\n<p>La velocidad m\u00e1xima de 30 ips garantiza un rendimiento eficiente, permitiendo que cada movimiento sea registrado con rapidez y precisi\u00f3n. Su dise\u00f1o moderno y funcional no solo mejora la est\u00e9tica de tu escritorio, sino que tambi\u00e9n optimiza tu experiencia de uso. El Mouse Inal\u00e1mbrico Genius NX-7125 es la elecci\u00f3n perfecta para quienes valoran la calidad y la comodidad en su d\u00eda a d\u00eda.<\/p>\n","protected":false},"excerpt":{"rendered":"<p>El Mouse Inal\u00e1mbrico Genius NX-7125 en color plateado es la opci\u00f3n ideal para quienes buscan un dispositivo pr\u00e1ctico y elegante. Su dise\u00f1o ambidiestro permite un uso c\u00f3modo tanto para diestros como para zurdos, adapt\u00e1ndose a las necesidades de cada usuario. Con un sensor \u00f3ptico de 1200 dpi, ofrece una precisi\u00f3n adecuada para tareas cotidianas y [&hellip;]<\/p>\n","protected":false},"featured_media":61466,"comment_status":"open","ping_status":"closed","template":"","meta":{"_uag_custom_page_level_css":""},"product_brand":[550],"product_cat":[15,125],"product_tag":[],"class_list":{"0":"post-61465","1":"product","2":"type-product","3":"status-publish","4":"has-post-thumbnail","6":"product_brand-genius","7":"product_cat-sin-categorizar","8":"product_cat-teclados-y-mouses","10":"first","11":"outofstock","12":"sale","13":"taxable","14":"shipping-taxable","15":"purchasable","16":"product-type-simple"},"uagb_featured_image_src":{"full":["https:\/\/rms-enlinea.com.ar\/wp-content\/uploads\/2026\/02\/D_880590-MLA99453444140_112025-F.jpg",362,612,false],"thumbnail":["https:\/\/rms-enlinea.com.ar\/wp-content\/uploads\/2026\/02\/D_880590-MLA99453444140_112025-F-150x150.jpg",150,150,true],"medium":["https:\/\/rms-enlinea.com.ar\/wp-content\/uploads\/2026\/02\/D_880590-MLA99453444140_112025-F-177x300.jpg",177,300,true],"medium_large":["https:\/\/rms-enlinea.com.ar\/wp-content\/uploads\/2026\/02\/D_880590-MLA99453444140_112025-F.jpg",362,612,false],"large":["https:\/\/rms-enlinea.com.ar\/wp-content\/uploads\/2026\/02\/D_880590-MLA99453444140_112025-F.jpg",362,612,false],"1536x1536":["https:\/\/rms-enlinea.com.ar\/wp-content\/uploads\/2026\/02\/D_880590-MLA99453444140_112025-F.jpg",362,612,false],"2048x2048":["https:\/\/rms-enlinea.com.ar\/wp-content\/uploads\/2026\/02\/D_880590-MLA99453444140_112025-F.jpg",362,612,false],"woocommerce_thumbnail":["https:\/\/rms-enlinea.com.ar\/wp-content\/uploads\/2026\/02\/D_880590-MLA99453444140_112025-F-362x450.jpg",362,450,true],"woocommerce_single":["https:\/\/rms-enlinea.com.ar\/wp-content\/uploads\/2026\/02\/D_880590-MLA99453444140_112025-F.jpg",362,612,false],"woocommerce_gallery_thumbnail":["https:\/\/rms-enlinea.com.ar\/wp-content\/uploads\/2026\/02\/D_880590-MLA99453444140_112025-F-100x100.jpg",100,100,true]},"uagb_author_info":{"display_name":"nelson","author_link":"https:\/\/rms-enlinea.com.ar\/tienda\/author\/"},"uagb_comment_info":0,"uagb_excerpt":"El Mouse Inal\u00e1mbrico Genius NX-7125 en color plateado es la opci\u00f3n ideal para quienes buscan un dispositivo pr\u00e1ctico y elegante. Su dise\u00f1o ambidiestro permite un uso c\u00f3modo tanto para diestros como para zurdos, adapt\u00e1ndose a las necesidades de cada usuario. Con un sensor \u00f3ptico de 1200 dpi, ofrece una precisi\u00f3n adecuada para tareas cotidianas y&hellip;","_links":{"self":[{"href":"https:\/\/rms-enlinea.com.ar\/tienda\/wp-json\/wp\/v2\/product\/61465","targetHints":{"allow":["GET"]}}],"collection":[{"href":"https:\/\/rms-enlinea.com.ar\/tienda\/wp-json\/wp\/v2\/product"}],"about":[{"href":"https:\/\/rms-enlinea.com.ar\/tienda\/wp-json\/wp\/v2\/types\/product"}],"replies":[{"embeddable":true,"href":"https:\/\/rms-enlinea.com.ar\/tienda\/wp-json\/wp\/v2\/comments?post=61465"}],"wp:featuredmedia":[{"embeddable":true,"href":"https:\/\/rms-enlinea.com.ar\/tienda\/wp-json\/wp\/v2\/media\/61466"}],"wp:attachment":[{"href":"https:\/\/rms-enlinea.com.ar\/tienda\/wp-json\/wp\/v2\/media?parent=61465"}],"wp:term":[{"taxonomy":"product_brand","embeddable":true,"href":"https:\/\/rms-enlinea.com.ar\/tienda\/wp-json\/wp\/v2\/product_brand?post=61465"},{"taxonomy":"product_cat","embeddable":true,"href":"https:\/\/rms-enlinea.com.ar\/tienda\/wp-json\/wp\/v2\/product_cat?post=61465"},{"taxonomy":"product_tag","embeddable":true,"href":"https:\/\/rms-enlinea.com.ar\/tienda\/wp-json\/wp\/v2\/product_tag?post=61465"}],"curies":[{"name":"wp","href":"https:\/\/api.w.org\/{rel}","templated":true}]}}