{"id":61495,"date":"2026-02-21T19:30:58","date_gmt":"2026-02-21T22:30:58","guid":{"rendered":"https:\/\/rms-enlinea.com.ar\/tienda\/producto\/mother-asus-prime-h510m-f-r3-0-lga1200-ddr4-11va-gen\/"},"modified":"2026-04-21T03:43:49","modified_gmt":"2026-04-21T06:43:49","slug":"mother-asus-prime-h510m-f-r3-0-lga1200-ddr4-11va-gen","status":"publish","type":"product","link":"https:\/\/rms-enlinea.com.ar\/tienda\/producto\/mother-asus-prime-h510m-f-r3-0-lga1200-ddr4-11va-gen\/","title":{"rendered":"Mother Asus Prime H510m-f R3.0 Lga1200 Ddr4 11va Gen"},"content":{"rendered":"<p>La Motherboard ASUS PRIME H510M-F R3.0 es la elecci\u00f3n ideal para quienes buscan un rendimiento s\u00f3lido y confiable en sus sistemas de escritorio. Dise\u00f1ada con un chipset Intel H510 y un socket LGA 1200, esta placa madre es compatible con procesadores de 11\u00aa generaci\u00f3n, garantizando un funcionamiento eficiente y r\u00e1pido.<\/p>\n<p>Con un factor de forma Micro ATX, se adapta perfectamente a diversas configuraciones de PC, permitiendo una instalaci\u00f3n sencilla en la mayor\u00eda de las cajas. Soporta hasta 64 GB de memoria RAM DDR4 a una velocidad de 3200 MHz, lo que proporciona un rendimiento fluido en multitareas y aplicaciones exigentes.<\/p>\n<p>La ASUS PRIME H510M-F cuenta con dos slots de memoria RAM en configuraci\u00f3n de Dual Channel, optimizando el ancho de banda y mejorando la velocidad general del sistema. Adem\u00e1s, su capacidad de resoluci\u00f3n m\u00e1xima de video de 4096 x 2160 asegura una experiencia visual impresionante, ideal para trabajos gr\u00e1ficos y entretenimiento.<\/p>\n<p>En t\u00e9rminos de conectividad, incluye un puerto HDMI y una ranura PCI Express x16, permitiendo la expansi\u00f3n de tu sistema con tarjetas gr\u00e1ficas y otros dispositivos. Su dise\u00f1o negro elegante y el disipador de calor integrado aseguran un funcionamiento eficiente y est\u00e9tico, convirti\u00e9ndola en una opci\u00f3n atractiva para cualquier entusiasta de la tecnolog\u00eda.<\/p>\n","protected":false},"excerpt":{"rendered":"<p>La Motherboard ASUS PRIME H510M-F R3.0 es la elecci\u00f3n ideal para quienes buscan un rendimiento s\u00f3lido y confiable en sus sistemas de escritorio. Dise\u00f1ada con un chipset Intel H510 y un socket LGA 1200, esta placa madre es compatible con procesadores de 11\u00aa generaci\u00f3n, garantizando un funcionamiento eficiente y r\u00e1pido. Con un factor de forma [&hellip;]<\/p>\n","protected":false},"featured_media":61496,"comment_status":"open","ping_status":"closed","template":"","meta":{"_uag_custom_page_level_css":""},"product_brand":[586],"product_cat":[115,15],"product_tag":[],"class_list":{"0":"post-61495","1":"product","2":"type-product","3":"status-publish","4":"has-post-thumbnail","6":"product_brand-asus","7":"product_cat-mother","8":"product_cat-sin-categorizar","10":"first","11":"outofstock","12":"sale","13":"taxable","14":"shipping-taxable","15":"purchasable","16":"product-type-simple"},"uagb_featured_image_src":{"full":["https:\/\/rms-enlinea.com.ar\/wp-content\/uploads\/2026\/02\/D_877904-MLA99507288818_112025-F.jpg",1200,786,false],"thumbnail":["https:\/\/rms-enlinea.com.ar\/wp-content\/uploads\/2026\/02\/D_877904-MLA99507288818_112025-F-150x150.jpg",150,150,true],"medium":["https:\/\/rms-enlinea.com.ar\/wp-content\/uploads\/2026\/02\/D_877904-MLA99507288818_112025-F-300x197.jpg",300,197,true],"medium_large":["https:\/\/rms-enlinea.com.ar\/wp-content\/uploads\/2026\/02\/D_877904-MLA99507288818_112025-F-768x503.jpg",768,503,true],"large":["https:\/\/rms-enlinea.com.ar\/wp-content\/uploads\/2026\/02\/D_877904-MLA99507288818_112025-F-1024x671.jpg",1024,671,true],"1536x1536":["https:\/\/rms-enlinea.com.ar\/wp-content\/uploads\/2026\/02\/D_877904-MLA99507288818_112025-F.jpg",1200,786,false],"2048x2048":["https:\/\/rms-enlinea.com.ar\/wp-content\/uploads\/2026\/02\/D_877904-MLA99507288818_112025-F.jpg",1200,786,false],"woocommerce_thumbnail":["https:\/\/rms-enlinea.com.ar\/wp-content\/uploads\/2026\/02\/D_877904-MLA99507288818_112025-F-450x450.jpg",450,450,true],"woocommerce_single":["https:\/\/rms-enlinea.com.ar\/wp-content\/uploads\/2026\/02\/D_877904-MLA99507288818_112025-F-600x393.jpg",600,393,true],"woocommerce_gallery_thumbnail":["https:\/\/rms-enlinea.com.ar\/wp-content\/uploads\/2026\/02\/D_877904-MLA99507288818_112025-F-100x100.jpg",100,100,true]},"uagb_author_info":{"display_name":"nelson","author_link":"https:\/\/rms-enlinea.com.ar\/tienda\/author\/"},"uagb_comment_info":0,"uagb_excerpt":"La Motherboard ASUS PRIME H510M-F R3.0 es la elecci\u00f3n ideal para quienes buscan un rendimiento s\u00f3lido y confiable en sus sistemas de escritorio. Dise\u00f1ada con un chipset Intel H510 y un socket LGA 1200, esta placa madre es compatible con procesadores de 11\u00aa generaci\u00f3n, garantizando un funcionamiento eficiente y r\u00e1pido. Con un factor de forma&hellip;","_links":{"self":[{"href":"https:\/\/rms-enlinea.com.ar\/tienda\/wp-json\/wp\/v2\/product\/61495","targetHints":{"allow":["GET"]}}],"collection":[{"href":"https:\/\/rms-enlinea.com.ar\/tienda\/wp-json\/wp\/v2\/product"}],"about":[{"href":"https:\/\/rms-enlinea.com.ar\/tienda\/wp-json\/wp\/v2\/types\/product"}],"replies":[{"embeddable":true,"href":"https:\/\/rms-enlinea.com.ar\/tienda\/wp-json\/wp\/v2\/comments?post=61495"}],"wp:featuredmedia":[{"embeddable":true,"href":"https:\/\/rms-enlinea.com.ar\/tienda\/wp-json\/wp\/v2\/media\/61496"}],"wp:attachment":[{"href":"https:\/\/rms-enlinea.com.ar\/tienda\/wp-json\/wp\/v2\/media?parent=61495"}],"wp:term":[{"taxonomy":"product_brand","embeddable":true,"href":"https:\/\/rms-enlinea.com.ar\/tienda\/wp-json\/wp\/v2\/product_brand?post=61495"},{"taxonomy":"product_cat","embeddable":true,"href":"https:\/\/rms-enlinea.com.ar\/tienda\/wp-json\/wp\/v2\/product_cat?post=61495"},{"taxonomy":"product_tag","embeddable":true,"href":"https:\/\/rms-enlinea.com.ar\/tienda\/wp-json\/wp\/v2\/product_tag?post=61495"}],"curies":[{"name":"wp","href":"https:\/\/api.w.org\/{rel}","templated":true}]}}