{"id":61511,"date":"2026-02-22T11:00:33","date_gmt":"2026-02-22T14:00:33","guid":{"rendered":"https:\/\/rms-enlinea.com.ar\/tienda\/producto\/microfono-razer-seiren-v2-pro-usb-rz19-04040100-r3u1\/"},"modified":"2026-04-13T10:10:45","modified_gmt":"2026-04-13T13:10:45","slug":"microfono-razer-seiren-v2-pro-usb-rz19-04040100-r3u1","status":"publish","type":"product","link":"https:\/\/rms-enlinea.com.ar\/tienda\/producto\/microfono-razer-seiren-v2-pro-usb-rz19-04040100-r3u1\/","title":{"rendered":"Micr\u00f3fono Usb Razer Seiren V2 Pro Color Negro"},"content":{"rendered":"<p>Sobre este art\u00edculo<br \/>\nMicr\u00f3fono din\u00e1mico Tiene un extremo inferior incre\u00edble que le da a tu voz una calidad profunda y c\u00e1lida que suena completa y clara gracias a una mayor supresi\u00f3n de ruido en comparaci\u00f3n con los micr\u00f3fonos cardioides tradicionales.<br \/>\nFiltro de paso alto: Activado a trav\u00e9s de Razer Synapse, el filtro de paso alto del micr\u00f3fono elimina cualquier zumbido de fondo para que tu voz pueda ser capturada como si estuviera dentro de un estudio insonorizado.<br \/>\nLimitador digital anal\u00f3gico: El Razer Seiren V2 Pro est\u00e1 programado para evitar autom\u00e1ticamente los recortes y los picos, por lo que no hay raz\u00f3n para preocuparse de que tu voz se interrumpa o suene ruidosa mientras transmites.<br \/>\nMonitoreo del micr\u00f3fono: Si conectas unos auriculares al micr\u00f3fono, podr\u00e1s escucharte a ti mismo, lo que resulta muy pr\u00e1ctico para mantener los niveles \u00f3ptimos de audio del micr\u00f3fono y hablar en canales de voz ca\u00f3ticos.<br \/>\nAmortiguador incorporado y paravientos con micr\u00f3fono: El micr\u00f3fono no s\u00f3lo es capaz de amortiguar las vibraciones de los golpes, sino que tambi\u00e9n puede evitar los chasquidos y los silbidos, de modo que cualquier persona que lo escuche est\u00e9 protegida contra los ruidos potencialmente fuertes y bruscos.<br \/>\nControl de ganancia y bot\u00f3n de silencio: Ajusta la configuraci\u00f3n general de audio del Razer Seiren V2 Pro de forma r\u00e1pida y sencilla con un conjunto de botones de f\u00e1cil acceso para el volumen, la ganancia y el silencio del micr\u00f3fono situados en el propio micr\u00f3fono.<\/p>\n","protected":false},"excerpt":{"rendered":"<p>Sobre este art\u00edculo Micr\u00f3fono din\u00e1mico Tiene un extremo inferior incre\u00edble que le da a tu voz una calidad profunda y c\u00e1lida que suena completa y clara gracias a una mayor supresi\u00f3n de ruido en comparaci\u00f3n con los micr\u00f3fonos cardioides tradicionales. Filtro de paso alto: Activado a trav\u00e9s de Razer Synapse, el filtro de paso alto [&hellip;]<\/p>\n","protected":false},"featured_media":47086,"comment_status":"open","ping_status":"closed","template":"","meta":{"_uag_custom_page_level_css":""},"product_brand":[559],"product_cat":[113,15],"product_tag":[],"class_list":{"0":"post-61511","1":"product","2":"type-product","3":"status-publish","4":"has-post-thumbnail","6":"product_brand-razer","7":"product_cat-microfonos-computacion","8":"product_cat-sin-categorizar","10":"first","11":"outofstock","12":"sale","13":"taxable","14":"shipping-taxable","15":"purchasable","16":"product-type-simple"},"uagb_featured_image_src":{"full":["https:\/\/rms-enlinea.com.ar\/wp-content\/uploads\/2025\/06\/D_968508-MLA76440392075_052024-F.jpg",518,1200,false],"thumbnail":["https:\/\/rms-enlinea.com.ar\/wp-content\/uploads\/2025\/06\/D_968508-MLA76440392075_052024-F-150x150.jpg",150,150,true],"medium":["https:\/\/rms-enlinea.com.ar\/wp-content\/uploads\/2025\/06\/D_968508-MLA76440392075_052024-F-130x300.jpg",130,300,true],"medium_large":["https:\/\/rms-enlinea.com.ar\/wp-content\/uploads\/2025\/06\/D_968508-MLA76440392075_052024-F.jpg",518,1200,false],"large":["https:\/\/rms-enlinea.com.ar\/wp-content\/uploads\/2025\/06\/D_968508-MLA76440392075_052024-F-442x1024.jpg",442,1024,true],"1536x1536":["https:\/\/rms-enlinea.com.ar\/wp-content\/uploads\/2025\/06\/D_968508-MLA76440392075_052024-F.jpg",518,1200,false],"2048x2048":["https:\/\/rms-enlinea.com.ar\/wp-content\/uploads\/2025\/06\/D_968508-MLA76440392075_052024-F.jpg",518,1200,false],"woocommerce_thumbnail":["https:\/\/rms-enlinea.com.ar\/wp-content\/uploads\/2025\/06\/D_968508-MLA76440392075_052024-F-450x450.jpg",450,450,true],"woocommerce_single":["https:\/\/rms-enlinea.com.ar\/wp-content\/uploads\/2025\/06\/D_968508-MLA76440392075_052024-F.jpg",518,1200,false],"woocommerce_gallery_thumbnail":["https:\/\/rms-enlinea.com.ar\/wp-content\/uploads\/2025\/06\/D_968508-MLA76440392075_052024-F-100x100.jpg",100,100,true]},"uagb_author_info":{"display_name":"nelson","author_link":"https:\/\/rms-enlinea.com.ar\/tienda\/author\/"},"uagb_comment_info":0,"uagb_excerpt":"Sobre este art\u00edculo Micr\u00f3fono din\u00e1mico Tiene un extremo inferior incre\u00edble que le da a tu voz una calidad profunda y c\u00e1lida que suena completa y clara gracias a una mayor supresi\u00f3n de ruido en comparaci\u00f3n con los micr\u00f3fonos cardioides tradicionales. Filtro de paso alto: Activado a trav\u00e9s de Razer Synapse, el filtro de paso alto&hellip;","_links":{"self":[{"href":"https:\/\/rms-enlinea.com.ar\/tienda\/wp-json\/wp\/v2\/product\/61511","targetHints":{"allow":["GET"]}}],"collection":[{"href":"https:\/\/rms-enlinea.com.ar\/tienda\/wp-json\/wp\/v2\/product"}],"about":[{"href":"https:\/\/rms-enlinea.com.ar\/tienda\/wp-json\/wp\/v2\/types\/product"}],"replies":[{"embeddable":true,"href":"https:\/\/rms-enlinea.com.ar\/tienda\/wp-json\/wp\/v2\/comments?post=61511"}],"wp:featuredmedia":[{"embeddable":true,"href":"https:\/\/rms-enlinea.com.ar\/tienda\/wp-json\/wp\/v2\/media\/47086"}],"wp:attachment":[{"href":"https:\/\/rms-enlinea.com.ar\/tienda\/wp-json\/wp\/v2\/media?parent=61511"}],"wp:term":[{"taxonomy":"product_brand","embeddable":true,"href":"https:\/\/rms-enlinea.com.ar\/tienda\/wp-json\/wp\/v2\/product_brand?post=61511"},{"taxonomy":"product_cat","embeddable":true,"href":"https:\/\/rms-enlinea.com.ar\/tienda\/wp-json\/wp\/v2\/product_cat?post=61511"},{"taxonomy":"product_tag","embeddable":true,"href":"https:\/\/rms-enlinea.com.ar\/tienda\/wp-json\/wp\/v2\/product_tag?post=61511"}],"curies":[{"name":"wp","href":"https:\/\/api.w.org\/{rel}","templated":true}]}}