{"id":61518,"date":"2026-02-22T22:00:42","date_gmt":"2026-02-23T01:00:42","guid":{"rendered":"https:\/\/rms-enlinea.com.ar\/tienda\/producto\/procesador-para-jugadores-amd-ryzen-9-5900x-100-000000061-de-12-nucleos-y-48-ghz\/"},"modified":"2026-04-21T04:33:01","modified_gmt":"2026-04-21T07:33:01","slug":"procesador-para-jugadores-amd-ryzen-9-5900x-100-000000061-de-12-nucleos-y-48-ghz","status":"publish","type":"product","link":"https:\/\/rms-enlinea.com.ar\/tienda\/producto\/procesador-para-jugadores-amd-ryzen-9-5900x-100-000000061-de-12-nucleos-y-48-ghz\/","title":{"rendered":"Procesador Amd Ryzen 9 5900xt 16 Nucleos 4.8ghz 64mb Am4"},"content":{"rendered":"<p>Clave para el rendimiento de su computadora de escritorio, ya no tendr\u00e1 que pensar en c\u00f3mo distribuir el tiempo y las acciones porque ahora es posible realizar tareas simult\u00e1neas. <br \/> AMD tiene un cat\u00e1logo de productos que cumplen con los requisitos de cualquier tipo de usuario: juegos en l\u00ednea, edici\u00f3n a gran escala, contenido multiplataforma y m\u00e1s. <\/p>\n<p> Cores: el coraz\u00f3n del procesador <br \/> En este producto encontrar\u00e1s los n\u00facleos, que se encargan de llevar a cabo las instrucciones y actividades que asignes a tu dispositivo. Est\u00e1n directamente relacionados con dos elementos: los hilos y el modelo. Por eso, a la hora de elegir un procesador, es importante que valores los tres en su conjunto. <\/p>\n<p> Potencia m\u00e1xima <br \/> Cuando est\u00e1 desbloqueado, puedes hacer overclockear y as\u00ed aumentar la frecuencia de operaci\u00f3n y optimizar el rendimiento de tu dispositivo. Personal\u00edzalo a tu gusto y disfruta de tus videojuegos o acelera el renderizado de las im\u00e1genes. \u00a1Descubre la variedad de posibilidades que te ofrece este recurso!<\/p>\n","protected":false},"excerpt":{"rendered":"<p>Clave para el rendimiento de su computadora de escritorio, ya no tendr\u00e1 que pensar en c\u00f3mo distribuir el tiempo y las acciones porque ahora es posible realizar tareas simult\u00e1neas. AMD tiene un cat\u00e1logo de productos que cumplen con los requisitos de cualquier tipo de usuario: juegos en l\u00ednea, edici\u00f3n a gran escala, contenido multiplataforma y [&hellip;]<\/p>\n","protected":false},"featured_media":7180,"comment_status":"open","ping_status":"closed","template":"","meta":{"_uag_custom_page_level_css":""},"product_brand":[531],"product_cat":[121,15],"product_tag":[],"class_list":{"0":"post-61518","1":"product","2":"type-product","3":"status-publish","4":"has-post-thumbnail","6":"product_brand-amd","7":"product_cat-procesadores-computacion","8":"product_cat-sin-categorizar","10":"first","11":"outofstock","12":"sale","13":"taxable","14":"shipping-taxable","15":"purchasable","16":"product-type-simple"},"uagb_featured_image_src":{"full":["https:\/\/rms-enlinea.com.ar\/wp-content\/uploads\/2025\/06\/D_890643-MLA74806233681_022024-F.jpg",990,547,false],"thumbnail":["https:\/\/rms-enlinea.com.ar\/wp-content\/uploads\/2025\/06\/D_890643-MLA74806233681_022024-F-150x150.jpg",150,150,true],"medium":["https:\/\/rms-enlinea.com.ar\/wp-content\/uploads\/2025\/06\/D_890643-MLA74806233681_022024-F-300x166.jpg",300,166,true],"medium_large":["https:\/\/rms-enlinea.com.ar\/wp-content\/uploads\/2025\/06\/D_890643-MLA74806233681_022024-F-768x424.jpg",768,424,true],"large":["https:\/\/rms-enlinea.com.ar\/wp-content\/uploads\/2025\/06\/D_890643-MLA74806233681_022024-F.jpg",990,547,false],"1536x1536":["https:\/\/rms-enlinea.com.ar\/wp-content\/uploads\/2025\/06\/D_890643-MLA74806233681_022024-F.jpg",990,547,false],"2048x2048":["https:\/\/rms-enlinea.com.ar\/wp-content\/uploads\/2025\/06\/D_890643-MLA74806233681_022024-F.jpg",990,547,false],"woocommerce_thumbnail":["https:\/\/rms-enlinea.com.ar\/wp-content\/uploads\/2025\/06\/D_890643-MLA74806233681_022024-F-450x450.jpg",450,450,true],"woocommerce_single":["https:\/\/rms-enlinea.com.ar\/wp-content\/uploads\/2025\/06\/D_890643-MLA74806233681_022024-F-600x332.jpg",600,332,true],"woocommerce_gallery_thumbnail":["https:\/\/rms-enlinea.com.ar\/wp-content\/uploads\/2025\/06\/D_890643-MLA74806233681_022024-F-100x100.jpg",100,100,true]},"uagb_author_info":{"display_name":"nelson","author_link":"https:\/\/rms-enlinea.com.ar\/tienda\/author\/"},"uagb_comment_info":0,"uagb_excerpt":"Clave para el rendimiento de su computadora de escritorio, ya no tendr\u00e1 que pensar en c\u00f3mo distribuir el tiempo y las acciones porque ahora es posible realizar tareas simult\u00e1neas. AMD tiene un cat\u00e1logo de productos que cumplen con los requisitos de cualquier tipo de usuario: juegos en l\u00ednea, edici\u00f3n a gran escala, contenido multiplataforma y&hellip;","_links":{"self":[{"href":"https:\/\/rms-enlinea.com.ar\/tienda\/wp-json\/wp\/v2\/product\/61518","targetHints":{"allow":["GET"]}}],"collection":[{"href":"https:\/\/rms-enlinea.com.ar\/tienda\/wp-json\/wp\/v2\/product"}],"about":[{"href":"https:\/\/rms-enlinea.com.ar\/tienda\/wp-json\/wp\/v2\/types\/product"}],"replies":[{"embeddable":true,"href":"https:\/\/rms-enlinea.com.ar\/tienda\/wp-json\/wp\/v2\/comments?post=61518"}],"wp:featuredmedia":[{"embeddable":true,"href":"https:\/\/rms-enlinea.com.ar\/tienda\/wp-json\/wp\/v2\/media\/7180"}],"wp:attachment":[{"href":"https:\/\/rms-enlinea.com.ar\/tienda\/wp-json\/wp\/v2\/media?parent=61518"}],"wp:term":[{"taxonomy":"product_brand","embeddable":true,"href":"https:\/\/rms-enlinea.com.ar\/tienda\/wp-json\/wp\/v2\/product_brand?post=61518"},{"taxonomy":"product_cat","embeddable":true,"href":"https:\/\/rms-enlinea.com.ar\/tienda\/wp-json\/wp\/v2\/product_cat?post=61518"},{"taxonomy":"product_tag","embeddable":true,"href":"https:\/\/rms-enlinea.com.ar\/tienda\/wp-json\/wp\/v2\/product_tag?post=61518"}],"curies":[{"name":"wp","href":"https:\/\/api.w.org\/{rel}","templated":true}]}}