{"id":61532,"date":"2026-02-22T23:50:12","date_gmt":"2026-02-23T02:50:12","guid":{"rendered":"https:\/\/rms-enlinea.com.ar\/tienda\/producto\/ups-estabilizador-de-tension-hunnox-650-va-usb-4-bocas\/"},"modified":"2026-04-21T03:28:16","modified_gmt":"2026-04-21T06:28:16","slug":"ups-estabilizador-de-tension-hunnox-650-va-usb-4-bocas","status":"publish","type":"product","link":"https:\/\/rms-enlinea.com.ar\/tienda\/producto\/ups-estabilizador-de-tension-hunnox-650-va-usb-4-bocas\/","title":{"rendered":"Ups Estabilizador De Tension Hunnox 650 Va Usb 4 Bocas"},"content":{"rendered":"<p>Con este producto de Hunnox vas a poder mantener tus equipos electr\u00f3nicos a salvo cuando ocurran variaciones en la l\u00ednea el\u00e9ctrica. Gracias a este aparato, la protecci\u00f3n contra da\u00f1os o p\u00e9rdida de informaci\u00f3n estar\u00e1 garantizada.<\/p>\n<p>Con este producto de Hunnox vas a tener tiempo para resguardar las tareas realizadas en equipos electr\u00f3nicos frente a situaciones improvistas en la red el\u00e9ctrica. Su funci\u00f3n principal consiste en brindar energ\u00eda por un periodo determinado ante cortes repentinos de luz.<\/p>\n","protected":false},"excerpt":{"rendered":"<p>Con este producto de Hunnox vas a poder mantener tus equipos electr\u00f3nicos a salvo cuando ocurran variaciones en la l\u00ednea el\u00e9ctrica. Gracias a este aparato, la protecci\u00f3n contra da\u00f1os o p\u00e9rdida de informaci\u00f3n estar\u00e1 garantizada. Con este producto de Hunnox vas a tener tiempo para resguardar las tareas realizadas en equipos electr\u00f3nicos frente a situaciones [&hellip;]<\/p>\n","protected":false},"featured_media":61533,"comment_status":"open","ping_status":"closed","template":"","meta":{"_uag_custom_page_level_css":""},"product_brand":[568],"product_cat":[107,15],"product_tag":[],"class_list":{"0":"post-61532","1":"product","2":"type-product","3":"status-publish","4":"has-post-thumbnail","6":"product_brand-hunnox","7":"product_cat-estabilizadores-y-ups","8":"product_cat-sin-categorizar","10":"first","11":"outofstock","12":"sale","13":"taxable","14":"shipping-taxable","15":"purchasable","16":"product-type-simple"},"uagb_featured_image_src":{"full":["https:\/\/rms-enlinea.com.ar\/wp-content\/uploads\/2026\/02\/D_686857-MLA95639793940_102025-F.jpg",1200,1150,false],"thumbnail":["https:\/\/rms-enlinea.com.ar\/wp-content\/uploads\/2026\/02\/D_686857-MLA95639793940_102025-F-150x150.jpg",150,150,true],"medium":["https:\/\/rms-enlinea.com.ar\/wp-content\/uploads\/2026\/02\/D_686857-MLA95639793940_102025-F-300x288.jpg",300,288,true],"medium_large":["https:\/\/rms-enlinea.com.ar\/wp-content\/uploads\/2026\/02\/D_686857-MLA95639793940_102025-F-768x736.jpg",768,736,true],"large":["https:\/\/rms-enlinea.com.ar\/wp-content\/uploads\/2026\/02\/D_686857-MLA95639793940_102025-F-1024x981.jpg",1024,981,true],"1536x1536":["https:\/\/rms-enlinea.com.ar\/wp-content\/uploads\/2026\/02\/D_686857-MLA95639793940_102025-F.jpg",1200,1150,false],"2048x2048":["https:\/\/rms-enlinea.com.ar\/wp-content\/uploads\/2026\/02\/D_686857-MLA95639793940_102025-F.jpg",1200,1150,false],"woocommerce_thumbnail":["https:\/\/rms-enlinea.com.ar\/wp-content\/uploads\/2026\/02\/D_686857-MLA95639793940_102025-F-450x450.jpg",450,450,true],"woocommerce_single":["https:\/\/rms-enlinea.com.ar\/wp-content\/uploads\/2026\/02\/D_686857-MLA95639793940_102025-F-600x575.jpg",600,575,true],"woocommerce_gallery_thumbnail":["https:\/\/rms-enlinea.com.ar\/wp-content\/uploads\/2026\/02\/D_686857-MLA95639793940_102025-F-100x100.jpg",100,100,true]},"uagb_author_info":{"display_name":"nelson","author_link":"https:\/\/rms-enlinea.com.ar\/tienda\/author\/"},"uagb_comment_info":0,"uagb_excerpt":"Con este producto de Hunnox vas a poder mantener tus equipos electr\u00f3nicos a salvo cuando ocurran variaciones en la l\u00ednea el\u00e9ctrica. Gracias a este aparato, la protecci\u00f3n contra da\u00f1os o p\u00e9rdida de informaci\u00f3n estar\u00e1 garantizada. Con este producto de Hunnox vas a tener tiempo para resguardar las tareas realizadas en equipos electr\u00f3nicos frente a situaciones&hellip;","_links":{"self":[{"href":"https:\/\/rms-enlinea.com.ar\/tienda\/wp-json\/wp\/v2\/product\/61532","targetHints":{"allow":["GET"]}}],"collection":[{"href":"https:\/\/rms-enlinea.com.ar\/tienda\/wp-json\/wp\/v2\/product"}],"about":[{"href":"https:\/\/rms-enlinea.com.ar\/tienda\/wp-json\/wp\/v2\/types\/product"}],"replies":[{"embeddable":true,"href":"https:\/\/rms-enlinea.com.ar\/tienda\/wp-json\/wp\/v2\/comments?post=61532"}],"wp:featuredmedia":[{"embeddable":true,"href":"https:\/\/rms-enlinea.com.ar\/tienda\/wp-json\/wp\/v2\/media\/61533"}],"wp:attachment":[{"href":"https:\/\/rms-enlinea.com.ar\/tienda\/wp-json\/wp\/v2\/media?parent=61532"}],"wp:term":[{"taxonomy":"product_brand","embeddable":true,"href":"https:\/\/rms-enlinea.com.ar\/tienda\/wp-json\/wp\/v2\/product_brand?post=61532"},{"taxonomy":"product_cat","embeddable":true,"href":"https:\/\/rms-enlinea.com.ar\/tienda\/wp-json\/wp\/v2\/product_cat?post=61532"},{"taxonomy":"product_tag","embeddable":true,"href":"https:\/\/rms-enlinea.com.ar\/tienda\/wp-json\/wp\/v2\/product_tag?post=61532"}],"curies":[{"name":"wp","href":"https:\/\/api.w.org\/{rel}","templated":true}]}}