{"id":61536,"date":"2026-02-22T23:50:24","date_gmt":"2026-02-23T02:50:24","guid":{"rendered":"https:\/\/rms-enlinea.com.ar\/tienda\/producto\/ups-estabilizador-hunnox-850va-510w-conexion-usb-led\/"},"modified":"2026-04-21T03:31:36","modified_gmt":"2026-04-21T06:31:36","slug":"ups-estabilizador-hunnox-850va-510w-conexion-usb-led","status":"publish","type":"product","link":"https:\/\/rms-enlinea.com.ar\/tienda\/producto\/ups-estabilizador-hunnox-850va-510w-conexion-usb-led\/","title":{"rendered":"Ups Estabilizador Hunnox 850va 510w Conexion Usb Led"},"content":{"rendered":"<p>Aplicaciones<\/p>\n<p>Computadoras<br \/>Aten\u00faa saltos de tensi\u00f3n<\/p>\n<p>S\u00ed<br \/>M\u00e9todo de selecci\u00f3n de entrada bivolt<\/p>\n<p>Autom\u00e1tico<br \/>Marca<\/p>\n<p>Hunnox<br \/>Color<\/p>\n<p>Negro<br \/>Protecci\u00f3n fax\/m\u00f3dem<\/p>\n<p>S\u00ed<br \/>Voltaje de entrada<\/p>\n<p>220V<br \/>L\u00ednea<\/p>\n<p>pROFESIONAL<br \/>Modelo<\/p>\n<p>HUNNOX-850VALED<br \/>MPN<\/p>\n<p>HUNNOX-850VALED<br \/>Cantidad de puertos USB<\/p>\n<p>1<br \/>Encendido\/Apagado integrado<\/p>\n<p>S\u00ed<br \/>Voltaje de salida<\/p>\n<p>220V<br \/>Potencia pico<\/p>\n<p>850VA<br \/>Protecci\u00f3n<\/p>\n<p>Alta tensi\u00f3n<br \/>Potencia nominal<\/p>\n<p>510 W<br \/>SKU<\/p>\n<p>HUNNOX-850VALED<br \/>Se\u00f1alizaci\u00f3n<\/p>\n<p>LED<br \/>Tipo de estabilizador<\/p>\n<p>UPS<br \/>Interfaz de comunicaci\u00f3n<\/p>\n<p>USB<br \/>Denominaci\u00f3n de voltaje<\/p>\n<p>Full-Range<\/p>\n","protected":false},"excerpt":{"rendered":"<p>Aplicaciones ComputadorasAten\u00faa saltos de tensi\u00f3n S\u00edM\u00e9todo de selecci\u00f3n de entrada bivolt Autom\u00e1ticoMarca HunnoxColor NegroProtecci\u00f3n fax\/m\u00f3dem S\u00edVoltaje de entrada 220VL\u00ednea pROFESIONALModelo HUNNOX-850VALEDMPN HUNNOX-850VALEDCantidad de puertos USB 1Encendido\/Apagado integrado S\u00edVoltaje de salida 220VPotencia pico 850VAProtecci\u00f3n Alta tensi\u00f3nPotencia nominal 510 WSKU HUNNOX-850VALEDSe\u00f1alizaci\u00f3n LEDTipo de estabilizador UPSInterfaz de comunicaci\u00f3n USBDenominaci\u00f3n de voltaje Full-Range<\/p>\n","protected":false},"featured_media":38433,"comment_status":"open","ping_status":"closed","template":"","meta":{"_uag_custom_page_level_css":""},"product_brand":[568],"product_cat":[107,15],"product_tag":[],"class_list":{"0":"post-61536","1":"product","2":"type-product","3":"status-publish","4":"has-post-thumbnail","6":"product_brand-hunnox","7":"product_cat-estabilizadores-y-ups","8":"product_cat-sin-categorizar","10":"first","11":"outofstock","12":"sale","13":"taxable","14":"shipping-taxable","15":"purchasable","16":"product-type-simple"},"uagb_featured_image_src":{"full":["https:\/\/rms-enlinea.com.ar\/wp-content\/uploads\/2025\/06\/D_775949-MLA74039133427_012024-F.jpg",1180,939,false],"thumbnail":["https:\/\/rms-enlinea.com.ar\/wp-content\/uploads\/2025\/06\/D_775949-MLA74039133427_012024-F-150x150.jpg",150,150,true],"medium":["https:\/\/rms-enlinea.com.ar\/wp-content\/uploads\/2025\/06\/D_775949-MLA74039133427_012024-F-300x239.jpg",300,239,true],"medium_large":["https:\/\/rms-enlinea.com.ar\/wp-content\/uploads\/2025\/06\/D_775949-MLA74039133427_012024-F-768x611.jpg",768,611,true],"large":["https:\/\/rms-enlinea.com.ar\/wp-content\/uploads\/2025\/06\/D_775949-MLA74039133427_012024-F-1024x815.jpg",1024,815,true],"1536x1536":["https:\/\/rms-enlinea.com.ar\/wp-content\/uploads\/2025\/06\/D_775949-MLA74039133427_012024-F.jpg",1180,939,false],"2048x2048":["https:\/\/rms-enlinea.com.ar\/wp-content\/uploads\/2025\/06\/D_775949-MLA74039133427_012024-F.jpg",1180,939,false],"woocommerce_thumbnail":["https:\/\/rms-enlinea.com.ar\/wp-content\/uploads\/2025\/06\/D_775949-MLA74039133427_012024-F-450x450.jpg",450,450,true],"woocommerce_single":["https:\/\/rms-enlinea.com.ar\/wp-content\/uploads\/2025\/06\/D_775949-MLA74039133427_012024-F-600x477.jpg",600,477,true],"woocommerce_gallery_thumbnail":["https:\/\/rms-enlinea.com.ar\/wp-content\/uploads\/2025\/06\/D_775949-MLA74039133427_012024-F-100x100.jpg",100,100,true]},"uagb_author_info":{"display_name":"nelson","author_link":"https:\/\/rms-enlinea.com.ar\/tienda\/author\/"},"uagb_comment_info":0,"uagb_excerpt":"Aplicaciones ComputadorasAten\u00faa saltos de tensi\u00f3n S\u00edM\u00e9todo de selecci\u00f3n de entrada bivolt Autom\u00e1ticoMarca HunnoxColor NegroProtecci\u00f3n fax\/m\u00f3dem S\u00edVoltaje de entrada 220VL\u00ednea pROFESIONALModelo HUNNOX-850VALEDMPN HUNNOX-850VALEDCantidad de puertos USB 1Encendido\/Apagado integrado S\u00edVoltaje de salida 220VPotencia pico 850VAProtecci\u00f3n Alta tensi\u00f3nPotencia nominal 510 WSKU HUNNOX-850VALEDSe\u00f1alizaci\u00f3n LEDTipo de estabilizador UPSInterfaz de comunicaci\u00f3n USBDenominaci\u00f3n de voltaje Full-Range","_links":{"self":[{"href":"https:\/\/rms-enlinea.com.ar\/tienda\/wp-json\/wp\/v2\/product\/61536","targetHints":{"allow":["GET"]}}],"collection":[{"href":"https:\/\/rms-enlinea.com.ar\/tienda\/wp-json\/wp\/v2\/product"}],"about":[{"href":"https:\/\/rms-enlinea.com.ar\/tienda\/wp-json\/wp\/v2\/types\/product"}],"replies":[{"embeddable":true,"href":"https:\/\/rms-enlinea.com.ar\/tienda\/wp-json\/wp\/v2\/comments?post=61536"}],"wp:featuredmedia":[{"embeddable":true,"href":"https:\/\/rms-enlinea.com.ar\/tienda\/wp-json\/wp\/v2\/media\/38433"}],"wp:attachment":[{"href":"https:\/\/rms-enlinea.com.ar\/tienda\/wp-json\/wp\/v2\/media?parent=61536"}],"wp:term":[{"taxonomy":"product_brand","embeddable":true,"href":"https:\/\/rms-enlinea.com.ar\/tienda\/wp-json\/wp\/v2\/product_brand?post=61536"},{"taxonomy":"product_cat","embeddable":true,"href":"https:\/\/rms-enlinea.com.ar\/tienda\/wp-json\/wp\/v2\/product_cat?post=61536"},{"taxonomy":"product_tag","embeddable":true,"href":"https:\/\/rms-enlinea.com.ar\/tienda\/wp-json\/wp\/v2\/product_tag?post=61536"}],"curies":[{"name":"wp","href":"https:\/\/api.w.org\/{rel}","templated":true}]}}