{"id":61540,"date":"2026-02-22T23:50:51","date_gmt":"2026-02-23T02:50:51","guid":{"rendered":"https:\/\/rms-enlinea.com.ar\/tienda\/producto\/ups-estabilizador-hunnox-1500va-900w-usb-led-display\/"},"modified":"2026-04-06T11:31:15","modified_gmt":"2026-04-06T14:31:15","slug":"ups-estabilizador-hunnox-1500va-900w-usb-led-display","status":"publish","type":"product","link":"https:\/\/rms-enlinea.com.ar\/tienda\/producto\/ups-estabilizador-hunnox-1500va-900w-usb-led-display\/","title":{"rendered":"Ups Estabilizador Hunnox 1500va 900w Usb Led Display"},"content":{"rendered":"<p>Aplicaciones<\/p>\n<p>Computadoras<br \/>\nAten\u00faa saltos de tensi\u00f3n<\/p>\n<p>S\u00ed<br \/>\nM\u00e9todo de selecci\u00f3n de entrada bivolt<\/p>\n<p>Autom\u00e1tico<br \/>\nMarca<\/p>\n<p>Hunnox<br \/>\nColor<\/p>\n<p>Negro<br \/>\nProtecci\u00f3n fax\/m\u00f3dem<\/p>\n<p>S\u00ed<br \/>\nVoltaje de entrada<\/p>\n<p>220V<br \/>\nL\u00ednea<\/p>\n<p>pROFESIONAL<br \/>\nModelo<\/p>\n<p>HUNNOX-1500VAMETALLCD<br \/>\nMPN<\/p>\n<p>HUNNOX-1500VAMETALLCD<br \/>\nCantidad de puertos USB<\/p>\n<p>1<br \/>\nEncendido\/Apagado integrado<\/p>\n<p>S\u00ed<br \/>\nVoltaje de salida<\/p>\n<p>220V<br \/>\nPotencia pico<\/p>\n<p>1500VA<br \/>\nProtecci\u00f3n<\/p>\n<p>Alta tensi\u00f3n<br \/>\nPotencia nominal<\/p>\n<p>900 W<br \/>\nSKU<\/p>\n<p>HUNNOX-1500VAMETALLCD<br \/>\nSe\u00f1alizaci\u00f3n<\/p>\n<p>LED<br \/>\nTipo de estabilizador<\/p>\n<p>UPS<br \/>\nInterfaz de comunicaci\u00f3n<\/p>\n<p>USB<br \/>\nDenominaci\u00f3n de voltaje<\/p>\n<p>Full-Range<\/p>\n","protected":false},"excerpt":{"rendered":"<p>Aplicaciones Computadoras Aten\u00faa saltos de tensi\u00f3n S\u00ed M\u00e9todo de selecci\u00f3n de entrada bivolt Autom\u00e1tico Marca Hunnox Color Negro Protecci\u00f3n fax\/m\u00f3dem S\u00ed Voltaje de entrada 220V L\u00ednea pROFESIONAL Modelo HUNNOX-1500VAMETALLCD MPN HUNNOX-1500VAMETALLCD Cantidad de puertos USB 1 Encendido\/Apagado integrado S\u00ed Voltaje de salida 220V Potencia pico 1500VA Protecci\u00f3n Alta tensi\u00f3n Potencia nominal 900 W SKU HUNNOX-1500VAMETALLCD [&hellip;]<\/p>\n","protected":false},"featured_media":28858,"comment_status":"open","ping_status":"closed","template":"","meta":{"_uag_custom_page_level_css":""},"product_brand":[568],"product_cat":[107,15],"product_tag":[],"class_list":{"0":"post-61540","1":"product","2":"type-product","3":"status-publish","4":"has-post-thumbnail","6":"product_brand-hunnox","7":"product_cat-estabilizadores-y-ups","8":"product_cat-sin-categorizar","10":"first","11":"outofstock","12":"sale","13":"taxable","14":"shipping-taxable","15":"purchasable","16":"product-type-simple"},"uagb_featured_image_src":{"full":["https:\/\/rms-enlinea.com.ar\/wp-content\/uploads\/2025\/06\/D_652551-MLA73936449614_012024-F.jpg",961,1200,false],"thumbnail":["https:\/\/rms-enlinea.com.ar\/wp-content\/uploads\/2025\/06\/D_652551-MLA73936449614_012024-F-150x150.jpg",150,150,true],"medium":["https:\/\/rms-enlinea.com.ar\/wp-content\/uploads\/2025\/06\/D_652551-MLA73936449614_012024-F-240x300.jpg",240,300,true],"medium_large":["https:\/\/rms-enlinea.com.ar\/wp-content\/uploads\/2025\/06\/D_652551-MLA73936449614_012024-F-768x959.jpg",768,959,true],"large":["https:\/\/rms-enlinea.com.ar\/wp-content\/uploads\/2025\/06\/D_652551-MLA73936449614_012024-F-820x1024.jpg",820,1024,true],"1536x1536":["https:\/\/rms-enlinea.com.ar\/wp-content\/uploads\/2025\/06\/D_652551-MLA73936449614_012024-F.jpg",961,1200,false],"2048x2048":["https:\/\/rms-enlinea.com.ar\/wp-content\/uploads\/2025\/06\/D_652551-MLA73936449614_012024-F.jpg",961,1200,false],"woocommerce_thumbnail":["https:\/\/rms-enlinea.com.ar\/wp-content\/uploads\/2025\/06\/D_652551-MLA73936449614_012024-F-450x450.jpg",450,450,true],"woocommerce_single":["https:\/\/rms-enlinea.com.ar\/wp-content\/uploads\/2025\/06\/D_652551-MLA73936449614_012024-F-600x749.jpg",600,749,true],"woocommerce_gallery_thumbnail":["https:\/\/rms-enlinea.com.ar\/wp-content\/uploads\/2025\/06\/D_652551-MLA73936449614_012024-F-100x100.jpg",100,100,true]},"uagb_author_info":{"display_name":"nelson","author_link":"https:\/\/rms-enlinea.com.ar\/tienda\/author\/"},"uagb_comment_info":0,"uagb_excerpt":"Aplicaciones Computadoras Aten\u00faa saltos de tensi\u00f3n S\u00ed M\u00e9todo de selecci\u00f3n de entrada bivolt Autom\u00e1tico Marca Hunnox Color Negro Protecci\u00f3n fax\/m\u00f3dem S\u00ed Voltaje de entrada 220V L\u00ednea pROFESIONAL Modelo HUNNOX-1500VAMETALLCD MPN HUNNOX-1500VAMETALLCD Cantidad de puertos USB 1 Encendido\/Apagado integrado S\u00ed Voltaje de salida 220V Potencia pico 1500VA Protecci\u00f3n Alta tensi\u00f3n Potencia nominal 900 W SKU HUNNOX-1500VAMETALLCD&hellip;","_links":{"self":[{"href":"https:\/\/rms-enlinea.com.ar\/tienda\/wp-json\/wp\/v2\/product\/61540","targetHints":{"allow":["GET"]}}],"collection":[{"href":"https:\/\/rms-enlinea.com.ar\/tienda\/wp-json\/wp\/v2\/product"}],"about":[{"href":"https:\/\/rms-enlinea.com.ar\/tienda\/wp-json\/wp\/v2\/types\/product"}],"replies":[{"embeddable":true,"href":"https:\/\/rms-enlinea.com.ar\/tienda\/wp-json\/wp\/v2\/comments?post=61540"}],"wp:featuredmedia":[{"embeddable":true,"href":"https:\/\/rms-enlinea.com.ar\/tienda\/wp-json\/wp\/v2\/media\/28858"}],"wp:attachment":[{"href":"https:\/\/rms-enlinea.com.ar\/tienda\/wp-json\/wp\/v2\/media?parent=61540"}],"wp:term":[{"taxonomy":"product_brand","embeddable":true,"href":"https:\/\/rms-enlinea.com.ar\/tienda\/wp-json\/wp\/v2\/product_brand?post=61540"},{"taxonomy":"product_cat","embeddable":true,"href":"https:\/\/rms-enlinea.com.ar\/tienda\/wp-json\/wp\/v2\/product_cat?post=61540"},{"taxonomy":"product_tag","embeddable":true,"href":"https:\/\/rms-enlinea.com.ar\/tienda\/wp-json\/wp\/v2\/product_tag?post=61540"}],"curies":[{"name":"wp","href":"https:\/\/api.w.org\/{rel}","templated":true}]}}