{"id":61550,"date":"2026-02-23T12:40:14","date_gmt":"2026-02-23T15:40:14","guid":{"rendered":"https:\/\/rms-enlinea.com.ar\/tienda\/producto\/ups-estabilizador-hunnox-850va-510w-usb-led-display\/"},"modified":"2026-03-31T16:58:13","modified_gmt":"2026-03-31T19:58:13","slug":"ups-estabilizador-hunnox-850va-510w-usb-led-display","status":"publish","type":"product","link":"https:\/\/rms-enlinea.com.ar\/tienda\/producto\/ups-estabilizador-hunnox-850va-510w-usb-led-display\/","title":{"rendered":"Ups Estabilizador Hunnox 850va 510w Usb Led Display"},"content":{"rendered":"<p>Aplicaciones Computadoras<br \/>Aten\u00faa saltos de tensi\u00f3n S\u00ed<br \/>M\u00e9todo de selecci\u00f3n de entrada bivolt Autom\u00e1tico<br \/>Marca Hunnox<br \/>Color Negro<br \/>Protecci\u00f3n fax\/m\u00f3dem S\u00ed<br \/>Voltaje de entrada 220V<br \/>L\u00ednea ROFESIONAL<br \/>Cantidad de puertos USB<br \/>Potencia pico 850VA<br \/>Protecci\u00f3n Alta tensi\u00f3n<br \/>Potencia nominal 510 W<\/p>\n","protected":false},"excerpt":{"rendered":"<p>Aplicaciones ComputadorasAten\u00faa saltos de tensi\u00f3n S\u00edM\u00e9todo de selecci\u00f3n de entrada bivolt Autom\u00e1ticoMarca HunnoxColor NegroProtecci\u00f3n fax\/m\u00f3dem S\u00edVoltaje de entrada 220VL\u00ednea ROFESIONALCantidad de puertos USBPotencia pico 850VAProtecci\u00f3n Alta tensi\u00f3nPotencia nominal 510 W<\/p>\n","protected":false},"featured_media":61551,"comment_status":"open","ping_status":"closed","template":"","meta":{"_uag_custom_page_level_css":""},"product_brand":[568],"product_cat":[107,15],"product_tag":[],"class_list":{"0":"post-61550","1":"product","2":"type-product","3":"status-publish","4":"has-post-thumbnail","6":"product_brand-hunnox","7":"product_cat-estabilizadores-y-ups","8":"product_cat-sin-categorizar","10":"first","11":"outofstock","12":"sale","13":"taxable","14":"shipping-taxable","15":"purchasable","16":"product-type-simple"},"uagb_featured_image_src":{"full":["https:\/\/rms-enlinea.com.ar\/wp-content\/uploads\/2026\/02\/D_841320-MLA107513340247_022026-F.jpg",960,1200,false],"thumbnail":["https:\/\/rms-enlinea.com.ar\/wp-content\/uploads\/2026\/02\/D_841320-MLA107513340247_022026-F-150x150.jpg",150,150,true],"medium":["https:\/\/rms-enlinea.com.ar\/wp-content\/uploads\/2026\/02\/D_841320-MLA107513340247_022026-F-240x300.jpg",240,300,true],"medium_large":["https:\/\/rms-enlinea.com.ar\/wp-content\/uploads\/2026\/02\/D_841320-MLA107513340247_022026-F-768x960.jpg",768,960,true],"large":["https:\/\/rms-enlinea.com.ar\/wp-content\/uploads\/2026\/02\/D_841320-MLA107513340247_022026-F-819x1024.jpg",819,1024,true],"1536x1536":["https:\/\/rms-enlinea.com.ar\/wp-content\/uploads\/2026\/02\/D_841320-MLA107513340247_022026-F.jpg",960,1200,false],"2048x2048":["https:\/\/rms-enlinea.com.ar\/wp-content\/uploads\/2026\/02\/D_841320-MLA107513340247_022026-F.jpg",960,1200,false],"woocommerce_thumbnail":["https:\/\/rms-enlinea.com.ar\/wp-content\/uploads\/2026\/02\/D_841320-MLA107513340247_022026-F-450x450.jpg",450,450,true],"woocommerce_single":["https:\/\/rms-enlinea.com.ar\/wp-content\/uploads\/2026\/02\/D_841320-MLA107513340247_022026-F-600x750.jpg",600,750,true],"woocommerce_gallery_thumbnail":["https:\/\/rms-enlinea.com.ar\/wp-content\/uploads\/2026\/02\/D_841320-MLA107513340247_022026-F-100x100.jpg",100,100,true]},"uagb_author_info":{"display_name":"nelson","author_link":"https:\/\/rms-enlinea.com.ar\/tienda\/author\/"},"uagb_comment_info":0,"uagb_excerpt":"Aplicaciones ComputadorasAten\u00faa saltos de tensi\u00f3n S\u00edM\u00e9todo de selecci\u00f3n de entrada bivolt Autom\u00e1ticoMarca HunnoxColor NegroProtecci\u00f3n fax\/m\u00f3dem S\u00edVoltaje de entrada 220VL\u00ednea ROFESIONALCantidad de puertos USBPotencia pico 850VAProtecci\u00f3n Alta tensi\u00f3nPotencia nominal 510 W","_links":{"self":[{"href":"https:\/\/rms-enlinea.com.ar\/tienda\/wp-json\/wp\/v2\/product\/61550","targetHints":{"allow":["GET"]}}],"collection":[{"href":"https:\/\/rms-enlinea.com.ar\/tienda\/wp-json\/wp\/v2\/product"}],"about":[{"href":"https:\/\/rms-enlinea.com.ar\/tienda\/wp-json\/wp\/v2\/types\/product"}],"replies":[{"embeddable":true,"href":"https:\/\/rms-enlinea.com.ar\/tienda\/wp-json\/wp\/v2\/comments?post=61550"}],"wp:featuredmedia":[{"embeddable":true,"href":"https:\/\/rms-enlinea.com.ar\/tienda\/wp-json\/wp\/v2\/media\/61551"}],"wp:attachment":[{"href":"https:\/\/rms-enlinea.com.ar\/tienda\/wp-json\/wp\/v2\/media?parent=61550"}],"wp:term":[{"taxonomy":"product_brand","embeddable":true,"href":"https:\/\/rms-enlinea.com.ar\/tienda\/wp-json\/wp\/v2\/product_brand?post=61550"},{"taxonomy":"product_cat","embeddable":true,"href":"https:\/\/rms-enlinea.com.ar\/tienda\/wp-json\/wp\/v2\/product_cat?post=61550"},{"taxonomy":"product_tag","embeddable":true,"href":"https:\/\/rms-enlinea.com.ar\/tienda\/wp-json\/wp\/v2\/product_tag?post=61550"}],"curies":[{"name":"wp","href":"https:\/\/api.w.org\/{rel}","templated":true}]}}