{"id":61561,"date":"2026-02-24T10:20:18","date_gmt":"2026-02-24T13:20:18","guid":{"rendered":"https:\/\/rms-enlinea.com.ar\/tienda\/producto\/mother-gigabyte-b760m-gaming-ddr4-rev-1-1-s1700-pci-e-4-0\/"},"modified":"2026-04-21T05:27:42","modified_gmt":"2026-04-21T08:27:42","slug":"mother-gigabyte-b760m-gaming-ddr4-rev-1-1-s1700-pci-e-4-0","status":"publish","type":"product","link":"https:\/\/rms-enlinea.com.ar\/tienda\/producto\/mother-gigabyte-b760m-gaming-ddr4-rev-1-1-s1700-pci-e-4-0\/","title":{"rendered":"Mother Gigabyte B760m Gaming Ddr4 Rev 1.1 S1700 Pci-e 4.0"},"content":{"rendered":"<p>El Mother Gigabyte B760M Gaming DDR4 1.1 es una placa base dise\u00f1ada para procesadores de la serie Intel Alder Lake de socket LGA1700. Esta placa base est\u00e1 orientada al segmento gaming, ofreciendo caracter\u00edsticas que son ideales para jugadores entusiastas.<br \/>\nAlgunas de las caracter\u00edsticas destacadas de esta placa base incluyen soporte para memoria DDR4, tecnolog\u00eda PCIe 5.0 para un rendimiento gr\u00e1fico de alta velocidad, conectividad USB 3.2 Gen 2 y Gen 1 para una transferencia de datos r\u00e1pida, as\u00ed como opciones de conectividad avanzadas para dispositivos de almacenamiento y perif\u00e9ricos.<br \/>\nEl Mother Gigabyte B760M Gaming DDR4 1.1 tambi\u00e9n ofrece un dise\u00f1o robusto y duradero, con capacidades de overclocking avanzadas para aquellos que desean exprimir al m\u00e1ximo el rendimiento de su sistema. En resumen, esta placa base es una excelente opci\u00f3n para aquellos que buscan construir una plataforma gaming de alto rendimiento con la \u00faltima tecnolog\u00eda disponible.<\/p>\n","protected":false},"excerpt":{"rendered":"<p>El Mother Gigabyte B760M Gaming DDR4 1.1 es una placa base dise\u00f1ada para procesadores de la serie Intel Alder Lake de socket LGA1700. Esta placa base est\u00e1 orientada al segmento gaming, ofreciendo caracter\u00edsticas que son ideales para jugadores entusiastas. Algunas de las caracter\u00edsticas destacadas de esta placa base incluyen soporte para memoria DDR4, tecnolog\u00eda PCIe [&hellip;]<\/p>\n","protected":false},"featured_media":44375,"comment_status":"open","ping_status":"closed","template":"","meta":{"_uag_custom_page_level_css":""},"product_brand":[532],"product_cat":[115,15],"product_tag":[],"class_list":{"0":"post-61561","1":"product","2":"type-product","3":"status-publish","4":"has-post-thumbnail","6":"product_brand-gigabyte","7":"product_cat-mother","8":"product_cat-sin-categorizar","10":"first","11":"outofstock","12":"sale","13":"taxable","14":"shipping-taxable","15":"purchasable","16":"product-type-simple"},"uagb_featured_image_src":{"full":["https:\/\/rms-enlinea.com.ar\/wp-content\/uploads\/2025\/06\/D_902523-MLA77347640535_062024-F.jpg",1200,788,false],"thumbnail":["https:\/\/rms-enlinea.com.ar\/wp-content\/uploads\/2025\/06\/D_902523-MLA77347640535_062024-F-150x150.jpg",150,150,true],"medium":["https:\/\/rms-enlinea.com.ar\/wp-content\/uploads\/2025\/06\/D_902523-MLA77347640535_062024-F-300x197.jpg",300,197,true],"medium_large":["https:\/\/rms-enlinea.com.ar\/wp-content\/uploads\/2025\/06\/D_902523-MLA77347640535_062024-F-768x504.jpg",768,504,true],"large":["https:\/\/rms-enlinea.com.ar\/wp-content\/uploads\/2025\/06\/D_902523-MLA77347640535_062024-F-1024x672.jpg",1024,672,true],"1536x1536":["https:\/\/rms-enlinea.com.ar\/wp-content\/uploads\/2025\/06\/D_902523-MLA77347640535_062024-F.jpg",1200,788,false],"2048x2048":["https:\/\/rms-enlinea.com.ar\/wp-content\/uploads\/2025\/06\/D_902523-MLA77347640535_062024-F.jpg",1200,788,false],"woocommerce_thumbnail":["https:\/\/rms-enlinea.com.ar\/wp-content\/uploads\/2025\/06\/D_902523-MLA77347640535_062024-F-450x450.jpg",450,450,true],"woocommerce_single":["https:\/\/rms-enlinea.com.ar\/wp-content\/uploads\/2025\/06\/D_902523-MLA77347640535_062024-F-600x394.jpg",600,394,true],"woocommerce_gallery_thumbnail":["https:\/\/rms-enlinea.com.ar\/wp-content\/uploads\/2025\/06\/D_902523-MLA77347640535_062024-F-100x100.jpg",100,100,true]},"uagb_author_info":{"display_name":"nelson","author_link":"https:\/\/rms-enlinea.com.ar\/tienda\/author\/"},"uagb_comment_info":0,"uagb_excerpt":"El Mother Gigabyte B760M Gaming DDR4 1.1 es una placa base dise\u00f1ada para procesadores de la serie Intel Alder Lake de socket LGA1700. Esta placa base est\u00e1 orientada al segmento gaming, ofreciendo caracter\u00edsticas que son ideales para jugadores entusiastas. Algunas de las caracter\u00edsticas destacadas de esta placa base incluyen soporte para memoria DDR4, tecnolog\u00eda PCIe&hellip;","_links":{"self":[{"href":"https:\/\/rms-enlinea.com.ar\/tienda\/wp-json\/wp\/v2\/product\/61561","targetHints":{"allow":["GET"]}}],"collection":[{"href":"https:\/\/rms-enlinea.com.ar\/tienda\/wp-json\/wp\/v2\/product"}],"about":[{"href":"https:\/\/rms-enlinea.com.ar\/tienda\/wp-json\/wp\/v2\/types\/product"}],"replies":[{"embeddable":true,"href":"https:\/\/rms-enlinea.com.ar\/tienda\/wp-json\/wp\/v2\/comments?post=61561"}],"wp:featuredmedia":[{"embeddable":true,"href":"https:\/\/rms-enlinea.com.ar\/tienda\/wp-json\/wp\/v2\/media\/44375"}],"wp:attachment":[{"href":"https:\/\/rms-enlinea.com.ar\/tienda\/wp-json\/wp\/v2\/media?parent=61561"}],"wp:term":[{"taxonomy":"product_brand","embeddable":true,"href":"https:\/\/rms-enlinea.com.ar\/tienda\/wp-json\/wp\/v2\/product_brand?post=61561"},{"taxonomy":"product_cat","embeddable":true,"href":"https:\/\/rms-enlinea.com.ar\/tienda\/wp-json\/wp\/v2\/product_cat?post=61561"},{"taxonomy":"product_tag","embeddable":true,"href":"https:\/\/rms-enlinea.com.ar\/tienda\/wp-json\/wp\/v2\/product_tag?post=61561"}],"curies":[{"name":"wp","href":"https:\/\/api.w.org\/{rel}","templated":true}]}}