{"id":61579,"date":"2026-02-24T13:10:24","date_gmt":"2026-02-24T16:10:24","guid":{"rendered":"https:\/\/rms-enlinea.com.ar\/tienda\/producto\/tarjeta-de-video-msi-geforce-rtx-3050-ventus-2x-6g-oc\/"},"modified":"2026-04-29T15:10:17","modified_gmt":"2026-04-29T18:10:17","slug":"tarjeta-de-video-msi-geforce-rtx-3050-ventus-2x-6g-oc","status":"publish","type":"product","link":"https:\/\/rms-enlinea.com.ar\/tienda\/producto\/tarjeta-de-video-msi-geforce-rtx-3050-ventus-2x-6g-oc\/","title":{"rendered":"Placa De Video Msi Rtx 3050 Ventus 2x 6gb Oc Gddr6"},"content":{"rendered":"<p>Este componente electr\u00f3nico procesa la informaci\u00f3n que llega al dispositivo y los transforma en im\u00e1genes o videos para mostrarla visualmente. Es ideal para trabajar con aplicaciones gr\u00e1ficas ya que permite obtener im\u00e1genes m\u00e1s n\u00edtidas.<\/p>\n<p>Nvidia es el fabricante l\u00edder de placas de video; su calidad asegura una experiencia positiva en el desarrollo del motor gr\u00e1fico de tu computadora. Adem\u00e1s, sus procesadores usan tecnolog\u00eda de punta para que puedas disfrutar de un producto veloz y duradero.<\/p>\n<p>Calidad de imagen<br \/>Criterio fundamental a la hora de elegir una placa de video, su resoluci\u00f3n de 8K\/60Hz, 4K\/120HZ no te defraudar\u00e1. La decodificaci\u00f3n de los p\u00edxeles en tu pantalla te har\u00e1n ver hasta los detalles m\u00e1s \u00ednfimos en cada ilustraci\u00f3n.<\/p>\n","protected":false},"excerpt":{"rendered":"<p>Este componente electr\u00f3nico procesa la informaci\u00f3n que llega al dispositivo y los transforma en im\u00e1genes o videos para mostrarla visualmente. Es ideal para trabajar con aplicaciones gr\u00e1ficas ya que permite obtener im\u00e1genes m\u00e1s n\u00edtidas. Nvidia es el fabricante l\u00edder de placas de video; su calidad asegura una experiencia positiva en el desarrollo del motor gr\u00e1fico [&hellip;]<\/p>\n","protected":false},"featured_media":61580,"comment_status":"open","ping_status":"closed","template":"","meta":{"_uag_custom_page_level_css":""},"product_brand":[557],"product_cat":[120,15],"product_tag":[],"class_list":{"0":"post-61579","1":"product","2":"type-product","3":"status-publish","4":"has-post-thumbnail","6":"product_brand-msi","7":"product_cat-placas-de-video","8":"product_cat-sin-categorizar","10":"first","11":"outofstock","12":"sale","13":"taxable","14":"shipping-taxable","15":"purchasable","16":"product-type-simple"},"uagb_featured_image_src":{"full":["https:\/\/rms-enlinea.com.ar\/wp-content\/uploads\/2026\/02\/D_607507-MLU78890915369_092024-F.jpg",758,794,false],"thumbnail":["https:\/\/rms-enlinea.com.ar\/wp-content\/uploads\/2026\/02\/D_607507-MLU78890915369_092024-F-150x150.jpg",150,150,true],"medium":["https:\/\/rms-enlinea.com.ar\/wp-content\/uploads\/2026\/02\/D_607507-MLU78890915369_092024-F-286x300.jpg",286,300,true],"medium_large":["https:\/\/rms-enlinea.com.ar\/wp-content\/uploads\/2026\/02\/D_607507-MLU78890915369_092024-F.jpg",758,794,false],"large":["https:\/\/rms-enlinea.com.ar\/wp-content\/uploads\/2026\/02\/D_607507-MLU78890915369_092024-F.jpg",758,794,false],"1536x1536":["https:\/\/rms-enlinea.com.ar\/wp-content\/uploads\/2026\/02\/D_607507-MLU78890915369_092024-F.jpg",758,794,false],"2048x2048":["https:\/\/rms-enlinea.com.ar\/wp-content\/uploads\/2026\/02\/D_607507-MLU78890915369_092024-F.jpg",758,794,false],"woocommerce_thumbnail":["https:\/\/rms-enlinea.com.ar\/wp-content\/uploads\/2026\/02\/D_607507-MLU78890915369_092024-F-450x450.jpg",450,450,true],"woocommerce_single":["https:\/\/rms-enlinea.com.ar\/wp-content\/uploads\/2026\/02\/D_607507-MLU78890915369_092024-F-600x628.jpg",600,628,true],"woocommerce_gallery_thumbnail":["https:\/\/rms-enlinea.com.ar\/wp-content\/uploads\/2026\/02\/D_607507-MLU78890915369_092024-F-100x100.jpg",100,100,true]},"uagb_author_info":{"display_name":"nelson","author_link":"https:\/\/rms-enlinea.com.ar\/tienda\/author\/"},"uagb_comment_info":0,"uagb_excerpt":"Este componente electr\u00f3nico procesa la informaci\u00f3n que llega al dispositivo y los transforma en im\u00e1genes o videos para mostrarla visualmente. Es ideal para trabajar con aplicaciones gr\u00e1ficas ya que permite obtener im\u00e1genes m\u00e1s n\u00edtidas. Nvidia es el fabricante l\u00edder de placas de video; su calidad asegura una experiencia positiva en el desarrollo del motor gr\u00e1fico&hellip;","_links":{"self":[{"href":"https:\/\/rms-enlinea.com.ar\/tienda\/wp-json\/wp\/v2\/product\/61579","targetHints":{"allow":["GET"]}}],"collection":[{"href":"https:\/\/rms-enlinea.com.ar\/tienda\/wp-json\/wp\/v2\/product"}],"about":[{"href":"https:\/\/rms-enlinea.com.ar\/tienda\/wp-json\/wp\/v2\/types\/product"}],"replies":[{"embeddable":true,"href":"https:\/\/rms-enlinea.com.ar\/tienda\/wp-json\/wp\/v2\/comments?post=61579"}],"wp:featuredmedia":[{"embeddable":true,"href":"https:\/\/rms-enlinea.com.ar\/tienda\/wp-json\/wp\/v2\/media\/61580"}],"wp:attachment":[{"href":"https:\/\/rms-enlinea.com.ar\/tienda\/wp-json\/wp\/v2\/media?parent=61579"}],"wp:term":[{"taxonomy":"product_brand","embeddable":true,"href":"https:\/\/rms-enlinea.com.ar\/tienda\/wp-json\/wp\/v2\/product_brand?post=61579"},{"taxonomy":"product_cat","embeddable":true,"href":"https:\/\/rms-enlinea.com.ar\/tienda\/wp-json\/wp\/v2\/product_cat?post=61579"},{"taxonomy":"product_tag","embeddable":true,"href":"https:\/\/rms-enlinea.com.ar\/tienda\/wp-json\/wp\/v2\/product_tag?post=61579"}],"curies":[{"name":"wp","href":"https:\/\/api.w.org\/{rel}","templated":true}]}}