{"id":61598,"date":"2026-02-24T13:30:19","date_gmt":"2026-02-24T16:30:19","guid":{"rendered":"https:\/\/rms-enlinea.com.ar\/tienda\/producto\/brazo-articulado-pie-de-microfono-de-mesa-takstar-st6-radio-color-negro\/"},"modified":"2026-04-06T12:34:03","modified_gmt":"2026-04-06T15:34:03","slug":"brazo-articulado-pie-de-microfono-de-mesa-takstar-st6-radio-color-negro","status":"publish","type":"product","link":"https:\/\/rms-enlinea.com.ar\/tienda\/producto\/brazo-articulado-pie-de-microfono-de-mesa-takstar-st6-radio-color-negro\/","title":{"rendered":"Brazo Articulado Pie De Microfono De Mesa Takstar St6 Radio Color Negro"},"content":{"rendered":"<p>TAKSTAR ST-6<br \/>\nPie micr\u00f3fono. Brazo articulado de micr\u00f3fono para mesa con cable<\/p>\n<p>CARACTERISTICAS<br \/>\n&#8211; Soporte de dise\u00f1o compacto y plegable, ahorrando espacio y f\u00e1cil de transportar. Peso: 1.6 Kg<br \/>\n&#8211; Dise\u00f1o de doble voladizo, la l\u00ednea de audio del micr\u00f3fono se puede usar perfectamente<br \/>\n&#8211; Para evitar el desorden de su escritorio, durable, apertura hasta 1 m<br \/>\n&#8211; La pluma puede cambiar el rumbo en 270 grados.<br \/>\n&#8211; Libertad y estabilidad de la suspensi\u00f3n, pesa alrededor de 1 Kg<br \/>\n&#8211; Dispositivo de bloqueo de escritorio fuerte, se puede fijar firmemente hasta el borde de la mesa de soporte<br \/>\n&#8211; Soporte adecuado para aplicaciones en radio, televisi\u00f3n, estudio de grabaci\u00f3n, grabaciones personales y otras ocasiones<br \/>\n&#8211; Es r\u00e1pido, f\u00e1cil de usar, seguro y fiable<\/p>\n","protected":false},"excerpt":{"rendered":"<p>TAKSTAR ST-6 Pie micr\u00f3fono. Brazo articulado de micr\u00f3fono para mesa con cable CARACTERISTICAS &#8211; Soporte de dise\u00f1o compacto y plegable, ahorrando espacio y f\u00e1cil de transportar. Peso: 1.6 Kg &#8211; Dise\u00f1o de doble voladizo, la l\u00ednea de audio del micr\u00f3fono se puede usar perfectamente &#8211; Para evitar el desorden de su escritorio, durable, apertura hasta [&hellip;]<\/p>\n","protected":false},"featured_media":61599,"comment_status":"open","ping_status":"closed","template":"","meta":{"_uag_custom_page_level_css":""},"product_brand":[511],"product_cat":[77,15],"product_tag":[],"class_list":{"0":"post-61598","1":"product","2":"type-product","3":"status-publish","4":"has-post-thumbnail","6":"product_brand-takstar","7":"product_cat-pies-de-microfono-y-soportes","8":"product_cat-sin-categorizar","10":"first","11":"instock","12":"sale","13":"taxable","14":"shipping-taxable","15":"purchasable","16":"product-type-simple"},"uagb_featured_image_src":{"full":["https:\/\/rms-enlinea.com.ar\/wp-content\/uploads\/2026\/02\/D_796309-MLU70419177113_072023-F.jpg",415,500,false],"thumbnail":["https:\/\/rms-enlinea.com.ar\/wp-content\/uploads\/2026\/02\/D_796309-MLU70419177113_072023-F-150x150.jpg",150,150,true],"medium":["https:\/\/rms-enlinea.com.ar\/wp-content\/uploads\/2026\/02\/D_796309-MLU70419177113_072023-F-249x300.jpg",249,300,true],"medium_large":["https:\/\/rms-enlinea.com.ar\/wp-content\/uploads\/2026\/02\/D_796309-MLU70419177113_072023-F.jpg",415,500,false],"large":["https:\/\/rms-enlinea.com.ar\/wp-content\/uploads\/2026\/02\/D_796309-MLU70419177113_072023-F.jpg",415,500,false],"1536x1536":["https:\/\/rms-enlinea.com.ar\/wp-content\/uploads\/2026\/02\/D_796309-MLU70419177113_072023-F.jpg",415,500,false],"2048x2048":["https:\/\/rms-enlinea.com.ar\/wp-content\/uploads\/2026\/02\/D_796309-MLU70419177113_072023-F.jpg",415,500,false],"woocommerce_thumbnail":["https:\/\/rms-enlinea.com.ar\/wp-content\/uploads\/2026\/02\/D_796309-MLU70419177113_072023-F-415x450.jpg",415,450,true],"woocommerce_single":["https:\/\/rms-enlinea.com.ar\/wp-content\/uploads\/2026\/02\/D_796309-MLU70419177113_072023-F.jpg",415,500,false],"woocommerce_gallery_thumbnail":["https:\/\/rms-enlinea.com.ar\/wp-content\/uploads\/2026\/02\/D_796309-MLU70419177113_072023-F-100x100.jpg",100,100,true]},"uagb_author_info":{"display_name":"nelson","author_link":"https:\/\/rms-enlinea.com.ar\/tienda\/author\/"},"uagb_comment_info":0,"uagb_excerpt":"TAKSTAR ST-6 Pie micr\u00f3fono. Brazo articulado de micr\u00f3fono para mesa con cable CARACTERISTICAS &#8211; Soporte de dise\u00f1o compacto y plegable, ahorrando espacio y f\u00e1cil de transportar. Peso: 1.6 Kg &#8211; Dise\u00f1o de doble voladizo, la l\u00ednea de audio del micr\u00f3fono se puede usar perfectamente &#8211; Para evitar el desorden de su escritorio, durable, apertura hasta&hellip;","_links":{"self":[{"href":"https:\/\/rms-enlinea.com.ar\/tienda\/wp-json\/wp\/v2\/product\/61598","targetHints":{"allow":["GET"]}}],"collection":[{"href":"https:\/\/rms-enlinea.com.ar\/tienda\/wp-json\/wp\/v2\/product"}],"about":[{"href":"https:\/\/rms-enlinea.com.ar\/tienda\/wp-json\/wp\/v2\/types\/product"}],"replies":[{"embeddable":true,"href":"https:\/\/rms-enlinea.com.ar\/tienda\/wp-json\/wp\/v2\/comments?post=61598"}],"wp:featuredmedia":[{"embeddable":true,"href":"https:\/\/rms-enlinea.com.ar\/tienda\/wp-json\/wp\/v2\/media\/61599"}],"wp:attachment":[{"href":"https:\/\/rms-enlinea.com.ar\/tienda\/wp-json\/wp\/v2\/media?parent=61598"}],"wp:term":[{"taxonomy":"product_brand","embeddable":true,"href":"https:\/\/rms-enlinea.com.ar\/tienda\/wp-json\/wp\/v2\/product_brand?post=61598"},{"taxonomy":"product_cat","embeddable":true,"href":"https:\/\/rms-enlinea.com.ar\/tienda\/wp-json\/wp\/v2\/product_cat?post=61598"},{"taxonomy":"product_tag","embeddable":true,"href":"https:\/\/rms-enlinea.com.ar\/tienda\/wp-json\/wp\/v2\/product_tag?post=61598"}],"curies":[{"name":"wp","href":"https:\/\/api.w.org\/{rel}","templated":true}]}}