{"id":61602,"date":"2026-02-24T13:30:32","date_gmt":"2026-02-24T16:30:32","guid":{"rendered":"https:\/\/rms-enlinea.com.ar\/tienda\/producto\/cable-warwick-rcl-20924-d4-plug-stereo-a-2-plug-mono-3-mts\/"},"modified":"2026-04-06T13:13:14","modified_gmt":"2026-04-06T16:13:14","slug":"cable-warwick-rcl-20924-d4-plug-stereo-a-2-plug-mono-3-mts","status":"publish","type":"product","link":"https:\/\/rms-enlinea.com.ar\/tienda\/producto\/cable-warwick-rcl-20924-d4-plug-stereo-a-2-plug-mono-3-mts\/","title":{"rendered":"Cable Plug 6.5 Stereo A 2 Plug 6.5 Mono 3m Warwick Rcl20924d"},"content":{"rendered":"<p>Rockcable Warwick RCL-20924-D4<\/p>\n<p>&#8211; Cable de Conexi\u00f3n<br \/>\n&#8211; 1 Plug 6,3 mm. est\u00e9reo macho<br \/>\n&#8211; 2 Plug 6,3 mm. mono macho<br \/>\n&#8211; Longitud de cable: 3 metros<br \/>\n&#8211; Di\u00e1metro exterior de cable: 4 mm<br \/>\n&#8211; Presentaci\u00f3n: Bolsa con porta blister<\/p>\n","protected":false},"excerpt":{"rendered":"<p>Rockcable Warwick RCL-20924-D4 &#8211; Cable de Conexi\u00f3n &#8211; 1 Plug 6,3 mm. est\u00e9reo macho &#8211; 2 Plug 6,3 mm. mono macho &#8211; Longitud de cable: 3 metros &#8211; Di\u00e1metro exterior de cable: 4 mm &#8211; Presentaci\u00f3n: Bolsa con porta blister<\/p>\n","protected":false},"featured_media":61603,"comment_status":"open","ping_status":"closed","template":"","meta":{"_uag_custom_page_level_css":""},"product_brand":[510],"product_cat":[57,15],"product_tag":[],"class_list":{"0":"post-61602","1":"product","2":"type-product","3":"status-publish","4":"has-post-thumbnail","6":"product_brand-warwick","7":"product_cat-cables","8":"product_cat-sin-categorizar","10":"first","11":"instock","12":"sale","13":"taxable","14":"shipping-taxable","15":"purchasable","16":"product-type-simple"},"uagb_featured_image_src":{"full":["https:\/\/rms-enlinea.com.ar\/wp-content\/uploads\/2026\/02\/D_694968-MLA95962234477_102025-F.jpg",1200,928,false],"thumbnail":["https:\/\/rms-enlinea.com.ar\/wp-content\/uploads\/2026\/02\/D_694968-MLA95962234477_102025-F-150x150.jpg",150,150,true],"medium":["https:\/\/rms-enlinea.com.ar\/wp-content\/uploads\/2026\/02\/D_694968-MLA95962234477_102025-F-300x232.jpg",300,232,true],"medium_large":["https:\/\/rms-enlinea.com.ar\/wp-content\/uploads\/2026\/02\/D_694968-MLA95962234477_102025-F-768x594.jpg",768,594,true],"large":["https:\/\/rms-enlinea.com.ar\/wp-content\/uploads\/2026\/02\/D_694968-MLA95962234477_102025-F-1024x792.jpg",1024,792,true],"1536x1536":["https:\/\/rms-enlinea.com.ar\/wp-content\/uploads\/2026\/02\/D_694968-MLA95962234477_102025-F.jpg",1200,928,false],"2048x2048":["https:\/\/rms-enlinea.com.ar\/wp-content\/uploads\/2026\/02\/D_694968-MLA95962234477_102025-F.jpg",1200,928,false],"woocommerce_thumbnail":["https:\/\/rms-enlinea.com.ar\/wp-content\/uploads\/2026\/02\/D_694968-MLA95962234477_102025-F-450x450.jpg",450,450,true],"woocommerce_single":["https:\/\/rms-enlinea.com.ar\/wp-content\/uploads\/2026\/02\/D_694968-MLA95962234477_102025-F-600x464.jpg",600,464,true],"woocommerce_gallery_thumbnail":["https:\/\/rms-enlinea.com.ar\/wp-content\/uploads\/2026\/02\/D_694968-MLA95962234477_102025-F-100x100.jpg",100,100,true]},"uagb_author_info":{"display_name":"nelson","author_link":"https:\/\/rms-enlinea.com.ar\/tienda\/author\/"},"uagb_comment_info":0,"uagb_excerpt":"Rockcable Warwick RCL-20924-D4 &#8211; Cable de Conexi\u00f3n &#8211; 1 Plug 6,3 mm. est\u00e9reo macho &#8211; 2 Plug 6,3 mm. mono macho &#8211; Longitud de cable: 3 metros &#8211; Di\u00e1metro exterior de cable: 4 mm &#8211; Presentaci\u00f3n: Bolsa con porta blister","_links":{"self":[{"href":"https:\/\/rms-enlinea.com.ar\/tienda\/wp-json\/wp\/v2\/product\/61602","targetHints":{"allow":["GET"]}}],"collection":[{"href":"https:\/\/rms-enlinea.com.ar\/tienda\/wp-json\/wp\/v2\/product"}],"about":[{"href":"https:\/\/rms-enlinea.com.ar\/tienda\/wp-json\/wp\/v2\/types\/product"}],"replies":[{"embeddable":true,"href":"https:\/\/rms-enlinea.com.ar\/tienda\/wp-json\/wp\/v2\/comments?post=61602"}],"wp:featuredmedia":[{"embeddable":true,"href":"https:\/\/rms-enlinea.com.ar\/tienda\/wp-json\/wp\/v2\/media\/61603"}],"wp:attachment":[{"href":"https:\/\/rms-enlinea.com.ar\/tienda\/wp-json\/wp\/v2\/media?parent=61602"}],"wp:term":[{"taxonomy":"product_brand","embeddable":true,"href":"https:\/\/rms-enlinea.com.ar\/tienda\/wp-json\/wp\/v2\/product_brand?post=61602"},{"taxonomy":"product_cat","embeddable":true,"href":"https:\/\/rms-enlinea.com.ar\/tienda\/wp-json\/wp\/v2\/product_cat?post=61602"},{"taxonomy":"product_tag","embeddable":true,"href":"https:\/\/rms-enlinea.com.ar\/tienda\/wp-json\/wp\/v2\/product_tag?post=61602"}],"curies":[{"name":"wp","href":"https:\/\/api.w.org\/{rel}","templated":true}]}}