{"id":61607,"date":"2026-02-24T13:30:50","date_gmt":"2026-02-24T16:30:50","guid":{"rendered":"https:\/\/rms-enlinea.com.ar\/tienda\/producto\/estuche-rigido-xxl-nintendo-switch-trust-25424-gxt1247-color-negro\/"},"modified":"2026-04-21T06:15:39","modified_gmt":"2026-04-21T09:15:39","slug":"estuche-rigido-xxl-nintendo-switch-trust-25424-gxt1247-color-negro","status":"publish","type":"product","link":"https:\/\/rms-enlinea.com.ar\/tienda\/producto\/estuche-rigido-xxl-nintendo-switch-trust-25424-gxt1247-color-negro\/","title":{"rendered":"Estuche Rigido Xxl Nintendo Switch Trust 25424 Gxt1247"},"content":{"rendered":"<p>&#8212;&#8212;&#8212;&#8212;&#8212;&#8212;&#8212;&#8212;&#8212;&#8212;&#8212;&#8212;&#8212;&#8212;&#8212;&#8212;&#8212;&#8212;&#8212;&#8212;&#8212;&#8211;<br \/>\nC\u00f3digo \/ Descripci\u00f3n del Producto:<br \/>\nACCESORIOS TRUST ESTUCHE RIGIDO XXL PARA NINTENDO SWITCH BLACK GXT1247<br \/>\n&#8212;&#8212;&#8212;&#8212;&#8212;&#8212;&#8212;&#8212;&#8212;&#8212;&#8212;&#8212;&#8212;&#8212;&#8212;&#8212;&#8212;&#8212;&#8212;&#8212;&#8212;&#8211;<br \/>\n&#8211; Estuche r\u00edgido dise\u00f1ado espec\u00edficamente para Nintendo Switch.<br \/>\n&#8211; Proporciona protecci\u00f3n y almacenamiento seguro para la consola y sus accesorios.<br \/>\n&#8211; Dise\u00f1o compacto y ligero, ideal para transportar.<br \/>\n&#8211; Material resistente que protege contra golpes y ca\u00eddas.<br \/>\n&#8211; Compartimentos internos para organizar juegos y cables.<\/p>\n","protected":false},"excerpt":{"rendered":"<p>&#8212;&#8212;&#8212;&#8212;&#8212;&#8212;&#8212;&#8212;&#8212;&#8212;&#8212;&#8212;&#8212;&#8212;&#8212;&#8212;&#8212;&#8212;&#8212;&#8212;&#8212;&#8211; C\u00f3digo \/ Descripci\u00f3n del Producto: ACCESORIOS TRUST ESTUCHE RIGIDO XXL PARA NINTENDO SWITCH BLACK GXT1247 &#8212;&#8212;&#8212;&#8212;&#8212;&#8212;&#8212;&#8212;&#8212;&#8212;&#8212;&#8212;&#8212;&#8212;&#8212;&#8212;&#8212;&#8212;&#8212;&#8212;&#8212;&#8211; &#8211; Estuche r\u00edgido dise\u00f1ado espec\u00edficamente para Nintendo Switch. &#8211; Proporciona protecci\u00f3n y almacenamiento seguro para la consola y sus accesorios. &#8211; Dise\u00f1o compacto y ligero, ideal para transportar. &#8211; Material resistente que protege contra golpes y ca\u00eddas. &#8211; [&hellip;]<\/p>\n","protected":false},"featured_media":61608,"comment_status":"open","ping_status":"closed","template":"","meta":{"_uag_custom_page_level_css":""},"product_brand":[542],"product_cat":[100,15],"product_tag":[],"class_list":{"0":"post-61607","1":"product","2":"type-product","3":"status-publish","4":"has-post-thumbnail","6":"product_brand-trustgaming","7":"product_cat-bolsos-y-mochilas","8":"product_cat-sin-categorizar","10":"first","11":"outofstock","12":"sale","13":"taxable","14":"shipping-taxable","15":"purchasable","16":"product-type-simple"},"uagb_featured_image_src":{"full":["https:\/\/rms-enlinea.com.ar\/wp-content\/uploads\/2026\/02\/D_621262-MLA106140995498_022026-F.jpg",1200,1108,false],"thumbnail":["https:\/\/rms-enlinea.com.ar\/wp-content\/uploads\/2026\/02\/D_621262-MLA106140995498_022026-F-150x150.jpg",150,150,true],"medium":["https:\/\/rms-enlinea.com.ar\/wp-content\/uploads\/2026\/02\/D_621262-MLA106140995498_022026-F-300x277.jpg",300,277,true],"medium_large":["https:\/\/rms-enlinea.com.ar\/wp-content\/uploads\/2026\/02\/D_621262-MLA106140995498_022026-F-768x709.jpg",768,709,true],"large":["https:\/\/rms-enlinea.com.ar\/wp-content\/uploads\/2026\/02\/D_621262-MLA106140995498_022026-F-1024x945.jpg",1024,945,true],"1536x1536":["https:\/\/rms-enlinea.com.ar\/wp-content\/uploads\/2026\/02\/D_621262-MLA106140995498_022026-F.jpg",1200,1108,false],"2048x2048":["https:\/\/rms-enlinea.com.ar\/wp-content\/uploads\/2026\/02\/D_621262-MLA106140995498_022026-F.jpg",1200,1108,false],"woocommerce_thumbnail":["https:\/\/rms-enlinea.com.ar\/wp-content\/uploads\/2026\/02\/D_621262-MLA106140995498_022026-F-450x450.jpg",450,450,true],"woocommerce_single":["https:\/\/rms-enlinea.com.ar\/wp-content\/uploads\/2026\/02\/D_621262-MLA106140995498_022026-F-600x554.jpg",600,554,true],"woocommerce_gallery_thumbnail":["https:\/\/rms-enlinea.com.ar\/wp-content\/uploads\/2026\/02\/D_621262-MLA106140995498_022026-F-100x100.jpg",100,100,true]},"uagb_author_info":{"display_name":"nelson","author_link":"https:\/\/rms-enlinea.com.ar\/tienda\/author\/"},"uagb_comment_info":0,"uagb_excerpt":"&#8212;&#8212;&#8212;&#8212;&#8212;&#8212;&#8212;&#8212;&#8212;&#8212;&#8212;&#8212;&#8212;&#8212;&#8212;&#8212;&#8212;&#8212;&#8212;&#8212;&#8212;&#8211; C\u00f3digo \/ Descripci\u00f3n del Producto: ACCESORIOS TRUST ESTUCHE RIGIDO XXL PARA NINTENDO SWITCH BLACK GXT1247 &#8212;&#8212;&#8212;&#8212;&#8212;&#8212;&#8212;&#8212;&#8212;&#8212;&#8212;&#8212;&#8212;&#8212;&#8212;&#8212;&#8212;&#8212;&#8212;&#8212;&#8212;&#8211; &#8211; Estuche r\u00edgido dise\u00f1ado espec\u00edficamente para Nintendo Switch. &#8211; Proporciona protecci\u00f3n y almacenamiento seguro para la consola y sus accesorios. &#8211; Dise\u00f1o compacto y ligero, ideal para transportar. &#8211; Material resistente que protege contra golpes y ca\u00eddas. &#8211;&hellip;","_links":{"self":[{"href":"https:\/\/rms-enlinea.com.ar\/tienda\/wp-json\/wp\/v2\/product\/61607","targetHints":{"allow":["GET"]}}],"collection":[{"href":"https:\/\/rms-enlinea.com.ar\/tienda\/wp-json\/wp\/v2\/product"}],"about":[{"href":"https:\/\/rms-enlinea.com.ar\/tienda\/wp-json\/wp\/v2\/types\/product"}],"replies":[{"embeddable":true,"href":"https:\/\/rms-enlinea.com.ar\/tienda\/wp-json\/wp\/v2\/comments?post=61607"}],"wp:featuredmedia":[{"embeddable":true,"href":"https:\/\/rms-enlinea.com.ar\/tienda\/wp-json\/wp\/v2\/media\/61608"}],"wp:attachment":[{"href":"https:\/\/rms-enlinea.com.ar\/tienda\/wp-json\/wp\/v2\/media?parent=61607"}],"wp:term":[{"taxonomy":"product_brand","embeddable":true,"href":"https:\/\/rms-enlinea.com.ar\/tienda\/wp-json\/wp\/v2\/product_brand?post=61607"},{"taxonomy":"product_cat","embeddable":true,"href":"https:\/\/rms-enlinea.com.ar\/tienda\/wp-json\/wp\/v2\/product_cat?post=61607"},{"taxonomy":"product_tag","embeddable":true,"href":"https:\/\/rms-enlinea.com.ar\/tienda\/wp-json\/wp\/v2\/product_tag?post=61607"}],"curies":[{"name":"wp","href":"https:\/\/api.w.org\/{rel}","templated":true}]}}