{"id":61620,"date":"2026-02-24T13:31:26","date_gmt":"2026-02-24T16:31:26","guid":{"rendered":"https:\/\/rms-enlinea.com.ar\/tienda\/producto\/gravity-pinza-para-microfono-de-mano-color-negro\/"},"modified":"2026-04-06T11:35:17","modified_gmt":"2026-04-06T14:35:17","slug":"gravity-pinza-para-microfono-de-mano-color-negro","status":"publish","type":"product","link":"https:\/\/rms-enlinea.com.ar\/tienda\/producto\/gravity-pinza-para-microfono-de-mano-color-negro\/","title":{"rendered":"Pipeta Para Microfono 24 &#8211; 35 Mm Gravity Gmsclmp25"},"content":{"rendered":"<p>La pinza GMSCLMP25 est\u00e1 dise\u00f1ada para micr\u00f3fonos de mano con un di\u00e1metro de 24 a 35 mm. Esta pinza asegura una sujeci\u00f3n firme del micr\u00f3fono y se adapta a todos los soportes de micr\u00f3fono gracias a su sistema universal. Permite orientar el micr\u00f3fono en la posici\u00f3n que prefieras. Este modelo es irrompible y viene con un adaptador de 3\/8&#8243;&#8221;.<\/p>\n<p>-Tipo de producto: Accesorios para micr\u00f3fonos<br \/>\n-Tipo: Pinza de micro<br \/>\n-Material: Pl\u00e1stico<br \/>\n-Di\u00e1metro de la pinza de micr\u00f3fono: 24 &#8211; 35 mm<br \/>\n-Rosca de montaje: 5\/8&#8243;&#8221;<br \/>\n-Adaptador de 3\/8&#8243;&#8221;<br \/>\n-Juego de anillos negros incluido: S\u00ed<br \/>\n-Peso: 0,049 kg&#8217;.<\/p>\n","protected":false},"excerpt":{"rendered":"<p>La pinza GMSCLMP25 est\u00e1 dise\u00f1ada para micr\u00f3fonos de mano con un di\u00e1metro de 24 a 35 mm. Esta pinza asegura una sujeci\u00f3n firme del micr\u00f3fono y se adapta a todos los soportes de micr\u00f3fono gracias a su sistema universal. Permite orientar el micr\u00f3fono en la posici\u00f3n que prefieras. Este modelo es irrompible y viene con [&hellip;]<\/p>\n","protected":false},"featured_media":61621,"comment_status":"open","ping_status":"closed","template":"","meta":{"_uag_custom_page_level_css":""},"product_brand":[526],"product_cat":[77,15],"product_tag":[],"class_list":{"0":"post-61620","1":"product","2":"type-product","3":"status-publish","4":"has-post-thumbnail","6":"product_brand-gravity","7":"product_cat-pies-de-microfono-y-soportes","8":"product_cat-sin-categorizar","10":"first","11":"instock","12":"sale","13":"taxable","14":"shipping-taxable","15":"purchasable","16":"product-type-simple"},"uagb_featured_image_src":{"full":["https:\/\/rms-enlinea.com.ar\/wp-content\/uploads\/2026\/02\/D_702577-MLU73959398852_012024-F.jpg",542,1199,false],"thumbnail":["https:\/\/rms-enlinea.com.ar\/wp-content\/uploads\/2026\/02\/D_702577-MLU73959398852_012024-F-150x150.jpg",150,150,true],"medium":["https:\/\/rms-enlinea.com.ar\/wp-content\/uploads\/2026\/02\/D_702577-MLU73959398852_012024-F-136x300.jpg",136,300,true],"medium_large":["https:\/\/rms-enlinea.com.ar\/wp-content\/uploads\/2026\/02\/D_702577-MLU73959398852_012024-F.jpg",542,1199,false],"large":["https:\/\/rms-enlinea.com.ar\/wp-content\/uploads\/2026\/02\/D_702577-MLU73959398852_012024-F-463x1024.jpg",463,1024,true],"1536x1536":["https:\/\/rms-enlinea.com.ar\/wp-content\/uploads\/2026\/02\/D_702577-MLU73959398852_012024-F.jpg",542,1199,false],"2048x2048":["https:\/\/rms-enlinea.com.ar\/wp-content\/uploads\/2026\/02\/D_702577-MLU73959398852_012024-F.jpg",542,1199,false],"woocommerce_thumbnail":["https:\/\/rms-enlinea.com.ar\/wp-content\/uploads\/2026\/02\/D_702577-MLU73959398852_012024-F-450x450.jpg",450,450,true],"woocommerce_single":["https:\/\/rms-enlinea.com.ar\/wp-content\/uploads\/2026\/02\/D_702577-MLU73959398852_012024-F.jpg",542,1199,false],"woocommerce_gallery_thumbnail":["https:\/\/rms-enlinea.com.ar\/wp-content\/uploads\/2026\/02\/D_702577-MLU73959398852_012024-F-100x100.jpg",100,100,true]},"uagb_author_info":{"display_name":"nelson","author_link":"https:\/\/rms-enlinea.com.ar\/tienda\/author\/"},"uagb_comment_info":0,"uagb_excerpt":"La pinza GMSCLMP25 est\u00e1 dise\u00f1ada para micr\u00f3fonos de mano con un di\u00e1metro de 24 a 35 mm. Esta pinza asegura una sujeci\u00f3n firme del micr\u00f3fono y se adapta a todos los soportes de micr\u00f3fono gracias a su sistema universal. Permite orientar el micr\u00f3fono en la posici\u00f3n que prefieras. Este modelo es irrompible y viene con&hellip;","_links":{"self":[{"href":"https:\/\/rms-enlinea.com.ar\/tienda\/wp-json\/wp\/v2\/product\/61620","targetHints":{"allow":["GET"]}}],"collection":[{"href":"https:\/\/rms-enlinea.com.ar\/tienda\/wp-json\/wp\/v2\/product"}],"about":[{"href":"https:\/\/rms-enlinea.com.ar\/tienda\/wp-json\/wp\/v2\/types\/product"}],"replies":[{"embeddable":true,"href":"https:\/\/rms-enlinea.com.ar\/tienda\/wp-json\/wp\/v2\/comments?post=61620"}],"wp:featuredmedia":[{"embeddable":true,"href":"https:\/\/rms-enlinea.com.ar\/tienda\/wp-json\/wp\/v2\/media\/61621"}],"wp:attachment":[{"href":"https:\/\/rms-enlinea.com.ar\/tienda\/wp-json\/wp\/v2\/media?parent=61620"}],"wp:term":[{"taxonomy":"product_brand","embeddable":true,"href":"https:\/\/rms-enlinea.com.ar\/tienda\/wp-json\/wp\/v2\/product_brand?post=61620"},{"taxonomy":"product_cat","embeddable":true,"href":"https:\/\/rms-enlinea.com.ar\/tienda\/wp-json\/wp\/v2\/product_cat?post=61620"},{"taxonomy":"product_tag","embeddable":true,"href":"https:\/\/rms-enlinea.com.ar\/tienda\/wp-json\/wp\/v2\/product_tag?post=61620"}],"curies":[{"name":"wp","href":"https:\/\/api.w.org\/{rel}","templated":true}]}}