{"id":61639,"date":"2026-02-24T13:32:32","date_gmt":"2026-02-24T16:32:32","guid":{"rendered":"https:\/\/rms-enlinea.com.ar\/tienda\/producto\/mouse-pad-genius-g-wmp-100-tela-23x25cm-gamer-oficina-negro\/"},"modified":"2026-04-21T06:53:21","modified_gmt":"2026-04-21T09:53:21","slug":"mouse-pad-genius-g-wmp-100-tela-23x25cm-gamer-oficina-negro","status":"publish","type":"product","link":"https:\/\/rms-enlinea.com.ar\/tienda\/producto\/mouse-pad-genius-g-wmp-100-tela-23x25cm-gamer-oficina-negro\/","title":{"rendered":"Pad Mouse Genius G Wmp 100 Apoya Descansa Mu\u00f1eca P\/ Oficina"},"content":{"rendered":"<p>El mousepad Genius G-WMP 100 viene con un c\u00f3modo y suave descansa mu\u00f1ecas. Mantiene la mu\u00f1eca en una posici\u00f3n apropiada y alivia la fatiga. Superficie textil lisa y soporte para mu\u00f1eca de espuma de alta calidad.<\/p>\n<p>SUPERFICIE<br \/>\nSu base de caucho antideslizante previene el desplazamiento mientras se trabaja.<\/p>\n<p>DURABILIDAD<br \/>\nFabricado con un suave y liviano acolchado de espuma, que no se deforma ni se enrolla despu\u00e9s de un largo uso.<\/p>\n<p>BASE ANTI-DESLIZANTE<br \/>\nSu base de caucho antideslizante previene el desplazamiento mientras se trabaja.<\/p>\n","protected":false},"excerpt":{"rendered":"<p>El mousepad Genius G-WMP 100 viene con un c\u00f3modo y suave descansa mu\u00f1ecas. Mantiene la mu\u00f1eca en una posici\u00f3n apropiada y alivia la fatiga. Superficie textil lisa y soporte para mu\u00f1eca de espuma de alta calidad. SUPERFICIE Su base de caucho antideslizante previene el desplazamiento mientras se trabaja. DURABILIDAD Fabricado con un suave y liviano [&hellip;]<\/p>\n","protected":false},"featured_media":61640,"comment_status":"open","ping_status":"closed","template":"","meta":{"_uag_custom_page_level_css":""},"product_brand":[550],"product_cat":[15,125],"product_tag":[],"class_list":{"0":"post-61639","1":"product","2":"type-product","3":"status-publish","4":"has-post-thumbnail","6":"product_brand-genius","7":"product_cat-sin-categorizar","8":"product_cat-teclados-y-mouses","10":"first","11":"outofstock","12":"sale","13":"taxable","14":"shipping-taxable","15":"purchasable","16":"product-type-simple"},"uagb_featured_image_src":{"full":["https:\/\/rms-enlinea.com.ar\/wp-content\/uploads\/2026\/02\/D_807139-MLA99700469982_122025-F.jpg",886,963,false],"thumbnail":["https:\/\/rms-enlinea.com.ar\/wp-content\/uploads\/2026\/02\/D_807139-MLA99700469982_122025-F-150x150.jpg",150,150,true],"medium":["https:\/\/rms-enlinea.com.ar\/wp-content\/uploads\/2026\/02\/D_807139-MLA99700469982_122025-F-276x300.jpg",276,300,true],"medium_large":["https:\/\/rms-enlinea.com.ar\/wp-content\/uploads\/2026\/02\/D_807139-MLA99700469982_122025-F-768x835.jpg",768,835,true],"large":["https:\/\/rms-enlinea.com.ar\/wp-content\/uploads\/2026\/02\/D_807139-MLA99700469982_122025-F.jpg",886,963,false],"1536x1536":["https:\/\/rms-enlinea.com.ar\/wp-content\/uploads\/2026\/02\/D_807139-MLA99700469982_122025-F.jpg",886,963,false],"2048x2048":["https:\/\/rms-enlinea.com.ar\/wp-content\/uploads\/2026\/02\/D_807139-MLA99700469982_122025-F.jpg",886,963,false],"woocommerce_thumbnail":["https:\/\/rms-enlinea.com.ar\/wp-content\/uploads\/2026\/02\/D_807139-MLA99700469982_122025-F-450x450.jpg",450,450,true],"woocommerce_single":["https:\/\/rms-enlinea.com.ar\/wp-content\/uploads\/2026\/02\/D_807139-MLA99700469982_122025-F-600x652.jpg",600,652,true],"woocommerce_gallery_thumbnail":["https:\/\/rms-enlinea.com.ar\/wp-content\/uploads\/2026\/02\/D_807139-MLA99700469982_122025-F-100x100.jpg",100,100,true]},"uagb_author_info":{"display_name":"nelson","author_link":"https:\/\/rms-enlinea.com.ar\/tienda\/author\/"},"uagb_comment_info":0,"uagb_excerpt":"El mousepad Genius G-WMP 100 viene con un c\u00f3modo y suave descansa mu\u00f1ecas. Mantiene la mu\u00f1eca en una posici\u00f3n apropiada y alivia la fatiga. Superficie textil lisa y soporte para mu\u00f1eca de espuma de alta calidad. SUPERFICIE Su base de caucho antideslizante previene el desplazamiento mientras se trabaja. DURABILIDAD Fabricado con un suave y liviano&hellip;","_links":{"self":[{"href":"https:\/\/rms-enlinea.com.ar\/tienda\/wp-json\/wp\/v2\/product\/61639","targetHints":{"allow":["GET"]}}],"collection":[{"href":"https:\/\/rms-enlinea.com.ar\/tienda\/wp-json\/wp\/v2\/product"}],"about":[{"href":"https:\/\/rms-enlinea.com.ar\/tienda\/wp-json\/wp\/v2\/types\/product"}],"replies":[{"embeddable":true,"href":"https:\/\/rms-enlinea.com.ar\/tienda\/wp-json\/wp\/v2\/comments?post=61639"}],"wp:featuredmedia":[{"embeddable":true,"href":"https:\/\/rms-enlinea.com.ar\/tienda\/wp-json\/wp\/v2\/media\/61640"}],"wp:attachment":[{"href":"https:\/\/rms-enlinea.com.ar\/tienda\/wp-json\/wp\/v2\/media?parent=61639"}],"wp:term":[{"taxonomy":"product_brand","embeddable":true,"href":"https:\/\/rms-enlinea.com.ar\/tienda\/wp-json\/wp\/v2\/product_brand?post=61639"},{"taxonomy":"product_cat","embeddable":true,"href":"https:\/\/rms-enlinea.com.ar\/tienda\/wp-json\/wp\/v2\/product_cat?post=61639"},{"taxonomy":"product_tag","embeddable":true,"href":"https:\/\/rms-enlinea.com.ar\/tienda\/wp-json\/wp\/v2\/product_tag?post=61639"}],"curies":[{"name":"wp","href":"https:\/\/api.w.org\/{rel}","templated":true}]}}