{"id":61653,"date":"2026-02-25T10:50:22","date_gmt":"2026-02-25T13:50:22","guid":{"rendered":"https:\/\/rms-enlinea.com.ar\/tienda\/producto\/tarjeta-grafica-asrock-rx7600-steel-legend-8gb-gddr6-pci-express-4-0\/"},"modified":"2026-04-21T05:54:36","modified_gmt":"2026-04-21T08:54:36","slug":"tarjeta-grafica-asrock-rx7600-steel-legend-8gb-gddr6-pci-express-4-0","status":"publish","type":"product","link":"https:\/\/rms-enlinea.com.ar\/tienda\/producto\/tarjeta-grafica-asrock-rx7600-steel-legend-8gb-gddr6-pci-express-4-0\/","title":{"rendered":"Tarjeta Gr\u00e1fica Asrock Rx7600 Steel Legend 8gb Gddr6 Pci-express 4.0"},"content":{"rendered":"<p>Este componente electr\u00f3nico procesa la informaci\u00f3n que llega al dispositivo y los transforma en im\u00e1genes o videos para mostrarla visualmente. Es ideal para trabajar con aplicaciones gr\u00e1ficas ya que permite obtener im\u00e1genes m\u00e1s n\u00edtidas.<\/p>\n","protected":false},"excerpt":{"rendered":"<p>Este componente electr\u00f3nico procesa la informaci\u00f3n que llega al dispositivo y los transforma en im\u00e1genes o videos para mostrarla visualmente. Es ideal para trabajar con aplicaciones gr\u00e1ficas ya que permite obtener im\u00e1genes m\u00e1s n\u00edtidas.<\/p>\n","protected":false},"featured_media":61654,"comment_status":"open","ping_status":"closed","template":"","meta":{"_uag_custom_page_level_css":""},"product_brand":[588],"product_cat":[120,15],"product_tag":[],"class_list":{"0":"post-61653","1":"product","2":"type-product","3":"status-publish","4":"has-post-thumbnail","6":"product_brand-asrock","7":"product_cat-placas-de-video","8":"product_cat-sin-categorizar","10":"first","11":"outofstock","12":"sale","13":"taxable","14":"shipping-taxable","15":"purchasable","16":"product-type-simple"},"uagb_featured_image_src":{"full":["https:\/\/rms-enlinea.com.ar\/wp-content\/uploads\/2026\/02\/D_703715-MLA99502467922_112025-F.jpg",1200,908,false],"thumbnail":["https:\/\/rms-enlinea.com.ar\/wp-content\/uploads\/2026\/02\/D_703715-MLA99502467922_112025-F-150x150.jpg",150,150,true],"medium":["https:\/\/rms-enlinea.com.ar\/wp-content\/uploads\/2026\/02\/D_703715-MLA99502467922_112025-F-300x227.jpg",300,227,true],"medium_large":["https:\/\/rms-enlinea.com.ar\/wp-content\/uploads\/2026\/02\/D_703715-MLA99502467922_112025-F-768x581.jpg",768,581,true],"large":["https:\/\/rms-enlinea.com.ar\/wp-content\/uploads\/2026\/02\/D_703715-MLA99502467922_112025-F-1024x775.jpg",1024,775,true],"1536x1536":["https:\/\/rms-enlinea.com.ar\/wp-content\/uploads\/2026\/02\/D_703715-MLA99502467922_112025-F.jpg",1200,908,false],"2048x2048":["https:\/\/rms-enlinea.com.ar\/wp-content\/uploads\/2026\/02\/D_703715-MLA99502467922_112025-F.jpg",1200,908,false],"woocommerce_thumbnail":["https:\/\/rms-enlinea.com.ar\/wp-content\/uploads\/2026\/02\/D_703715-MLA99502467922_112025-F-450x450.jpg",450,450,true],"woocommerce_single":["https:\/\/rms-enlinea.com.ar\/wp-content\/uploads\/2026\/02\/D_703715-MLA99502467922_112025-F-600x454.jpg",600,454,true],"woocommerce_gallery_thumbnail":["https:\/\/rms-enlinea.com.ar\/wp-content\/uploads\/2026\/02\/D_703715-MLA99502467922_112025-F-100x100.jpg",100,100,true]},"uagb_author_info":{"display_name":"nelson","author_link":"https:\/\/rms-enlinea.com.ar\/tienda\/author\/"},"uagb_comment_info":0,"uagb_excerpt":"Este componente electr\u00f3nico procesa la informaci\u00f3n que llega al dispositivo y los transforma en im\u00e1genes o videos para mostrarla visualmente. Es ideal para trabajar con aplicaciones gr\u00e1ficas ya que permite obtener im\u00e1genes m\u00e1s n\u00edtidas.","_links":{"self":[{"href":"https:\/\/rms-enlinea.com.ar\/tienda\/wp-json\/wp\/v2\/product\/61653","targetHints":{"allow":["GET"]}}],"collection":[{"href":"https:\/\/rms-enlinea.com.ar\/tienda\/wp-json\/wp\/v2\/product"}],"about":[{"href":"https:\/\/rms-enlinea.com.ar\/tienda\/wp-json\/wp\/v2\/types\/product"}],"replies":[{"embeddable":true,"href":"https:\/\/rms-enlinea.com.ar\/tienda\/wp-json\/wp\/v2\/comments?post=61653"}],"wp:featuredmedia":[{"embeddable":true,"href":"https:\/\/rms-enlinea.com.ar\/tienda\/wp-json\/wp\/v2\/media\/61654"}],"wp:attachment":[{"href":"https:\/\/rms-enlinea.com.ar\/tienda\/wp-json\/wp\/v2\/media?parent=61653"}],"wp:term":[{"taxonomy":"product_brand","embeddable":true,"href":"https:\/\/rms-enlinea.com.ar\/tienda\/wp-json\/wp\/v2\/product_brand?post=61653"},{"taxonomy":"product_cat","embeddable":true,"href":"https:\/\/rms-enlinea.com.ar\/tienda\/wp-json\/wp\/v2\/product_cat?post=61653"},{"taxonomy":"product_tag","embeddable":true,"href":"https:\/\/rms-enlinea.com.ar\/tienda\/wp-json\/wp\/v2\/product_tag?post=61653"}],"curies":[{"name":"wp","href":"https:\/\/api.w.org\/{rel}","templated":true}]}}