{"id":61667,"date":"2026-02-25T11:30:33","date_gmt":"2026-02-25T14:30:33","guid":{"rendered":"https:\/\/rms-enlinea.com.ar\/tienda\/producto\/auricular-trust-blizz-gxt-450-luz-rgb-gamer-sonido-7-1-c-negro\/"},"modified":"2026-04-06T14:23:56","modified_gmt":"2026-04-06T17:23:56","slug":"auricular-trust-blizz-gxt-450-luz-rgb-gamer-sonido-7-1-c-negro","status":"publish","type":"product","link":"https:\/\/rms-enlinea.com.ar\/tienda\/producto\/auricular-trust-blizz-gxt-450-luz-rgb-gamer-sonido-7-1-c-negro\/","title":{"rendered":"Auricular Trust Blizz Gxt 450 Luz Rgb Gamer Sonido 7.1 C Negro"},"content":{"rendered":"<p>Sonido envolvente 7.1 virtual para disfrutar de una experiencia de sonido realista<br \/>\nPotentes unidades de altavoces activos de 40 mm<br \/>\nFlujo de efectos de luz RGB en ambas almohadillas<br \/>\nMando a distancia integrado con botones de control de volumen\/luz y de silenciamiento<br \/>\nBrazo del micr\u00f3fono flexible con indicador de silenciamiento LED<br \/>\nC\u00f3modas almohadillas circumaurales de gran tama\u00f1o<br \/>\nAlmohadillas giratorias y diadema ajustable<br \/>\nCable trenzado de 2 m con conector USB<\/p>\n<p>Los auriculares para gaming GXT 450 Blizz Surround Sound ofrecen sonidos de gaming en alta fidelidad y unos potentes graves. Con el sonido surround 7.1 virtual y las unidades de altavoz de 40 mm, estar\u00e1s al tanto de todo lo que ocurre a tu alrededor: oir\u00e1s todos los movimientos del enemigo y podr\u00e1s reaccionar r\u00e1pidamente.<\/p>\n<p>Flujo de iluminaci\u00f3n RGB<\/p>\n<p>Realza tu look de gamer con los efectos de flujo de luz RGB en ambos auriculares. La incre\u00edble riqueza de colores de los auriculares Blizz hace que cualquier equipo de gaming destaque.<\/p>\n<p>Comodidad al jugar<\/p>\n<p>Los auriculares Blizz resisten largas e intensas sesiones de gaming gracias a sus suaves almohadillas pivotantes y su diadema autoajustable. Los cascos se ajustan perfectamente a la forma de la oreja y anulan cualquier ruido que pueda distraerte mientras avanzas hacia la victoria.<\/p>\n<p>Hablando en serio<\/p>\n<p>Estos auriculares se suministran con un brazo de micr\u00f3fono flexible. Esto hace que sea f\u00e1cil colocarlo delante de la boca y que todo el mundo te oiga. Gracias al indicador LED de silenciamiento, sabr\u00e1s con solo mirar el micr\u00f3fono si est\u00e1 encendido o apagado.<\/p>\n<p>Todos a una<\/p>\n<p>Los auriculares GXT 450 tienen un cable USB trenzado de nailon de 2 m que te permite moverte con absoluta libertad durante las sesiones de gaming sin l\u00edos con el cable. El cable tambi\u00e9n incluye un mando a distancia con control de volumen, silenciamiento del micr\u00f3fono e iluminaci\u00f3n, por lo que es f\u00e1cil acceder al sonido y la iluminaci\u00f3n y ajustar sus valores.<\/p>\n","protected":false},"excerpt":{"rendered":"<p>Sonido envolvente 7.1 virtual para disfrutar de una experiencia de sonido realista Potentes unidades de altavoces activos de 40 mm Flujo de efectos de luz RGB en ambas almohadillas Mando a distancia integrado con botones de control de volumen\/luz y de silenciamiento Brazo del micr\u00f3fono flexible con indicador de silenciamiento LED C\u00f3modas almohadillas circumaurales de [&hellip;]<\/p>\n","protected":false},"featured_media":61668,"comment_status":"open","ping_status":"closed","template":"","meta":{"_uag_custom_page_level_css":""},"product_brand":[542],"product_cat":[99,15],"product_tag":[],"class_list":{"0":"post-61667","1":"product","2":"type-product","3":"status-publish","4":"has-post-thumbnail","6":"product_brand-trustgaming","7":"product_cat-auriculares-computacion","8":"product_cat-sin-categorizar","10":"first","11":"instock","12":"sale","13":"taxable","14":"shipping-taxable","15":"purchasable","16":"product-type-simple"},"uagb_featured_image_src":{"full":["https:\/\/rms-enlinea.com.ar\/wp-content\/uploads\/2026\/02\/D_838354-MLA90365026749_082025-F.jpg",1073,1200,false],"thumbnail":["https:\/\/rms-enlinea.com.ar\/wp-content\/uploads\/2026\/02\/D_838354-MLA90365026749_082025-F-150x150.jpg",150,150,true],"medium":["https:\/\/rms-enlinea.com.ar\/wp-content\/uploads\/2026\/02\/D_838354-MLA90365026749_082025-F-268x300.jpg",268,300,true],"medium_large":["https:\/\/rms-enlinea.com.ar\/wp-content\/uploads\/2026\/02\/D_838354-MLA90365026749_082025-F-768x859.jpg",768,859,true],"large":["https:\/\/rms-enlinea.com.ar\/wp-content\/uploads\/2026\/02\/D_838354-MLA90365026749_082025-F-916x1024.jpg",916,1024,true],"1536x1536":["https:\/\/rms-enlinea.com.ar\/wp-content\/uploads\/2026\/02\/D_838354-MLA90365026749_082025-F.jpg",1073,1200,false],"2048x2048":["https:\/\/rms-enlinea.com.ar\/wp-content\/uploads\/2026\/02\/D_838354-MLA90365026749_082025-F.jpg",1073,1200,false],"woocommerce_thumbnail":["https:\/\/rms-enlinea.com.ar\/wp-content\/uploads\/2026\/02\/D_838354-MLA90365026749_082025-F-450x450.jpg",450,450,true],"woocommerce_single":["https:\/\/rms-enlinea.com.ar\/wp-content\/uploads\/2026\/02\/D_838354-MLA90365026749_082025-F-600x671.jpg",600,671,true],"woocommerce_gallery_thumbnail":["https:\/\/rms-enlinea.com.ar\/wp-content\/uploads\/2026\/02\/D_838354-MLA90365026749_082025-F-100x100.jpg",100,100,true]},"uagb_author_info":{"display_name":"nelson","author_link":"https:\/\/rms-enlinea.com.ar\/tienda\/author\/"},"uagb_comment_info":0,"uagb_excerpt":"Sonido envolvente 7.1 virtual para disfrutar de una experiencia de sonido realista Potentes unidades de altavoces activos de 40 mm Flujo de efectos de luz RGB en ambas almohadillas Mando a distancia integrado con botones de control de volumen\/luz y de silenciamiento Brazo del micr\u00f3fono flexible con indicador de silenciamiento LED C\u00f3modas almohadillas circumaurales de&hellip;","_links":{"self":[{"href":"https:\/\/rms-enlinea.com.ar\/tienda\/wp-json\/wp\/v2\/product\/61667","targetHints":{"allow":["GET"]}}],"collection":[{"href":"https:\/\/rms-enlinea.com.ar\/tienda\/wp-json\/wp\/v2\/product"}],"about":[{"href":"https:\/\/rms-enlinea.com.ar\/tienda\/wp-json\/wp\/v2\/types\/product"}],"replies":[{"embeddable":true,"href":"https:\/\/rms-enlinea.com.ar\/tienda\/wp-json\/wp\/v2\/comments?post=61667"}],"wp:featuredmedia":[{"embeddable":true,"href":"https:\/\/rms-enlinea.com.ar\/tienda\/wp-json\/wp\/v2\/media\/61668"}],"wp:attachment":[{"href":"https:\/\/rms-enlinea.com.ar\/tienda\/wp-json\/wp\/v2\/media?parent=61667"}],"wp:term":[{"taxonomy":"product_brand","embeddable":true,"href":"https:\/\/rms-enlinea.com.ar\/tienda\/wp-json\/wp\/v2\/product_brand?post=61667"},{"taxonomy":"product_cat","embeddable":true,"href":"https:\/\/rms-enlinea.com.ar\/tienda\/wp-json\/wp\/v2\/product_cat?post=61667"},{"taxonomy":"product_tag","embeddable":true,"href":"https:\/\/rms-enlinea.com.ar\/tienda\/wp-json\/wp\/v2\/product_tag?post=61667"}],"curies":[{"name":"wp","href":"https:\/\/api.w.org\/{rel}","templated":true}]}}