{"id":61684,"date":"2026-02-27T11:51:46","date_gmt":"2026-02-27T14:51:46","guid":{"rendered":"https:\/\/rms-enlinea.com.ar\/tienda\/producto\/ups-estabilizador-hikvision-ds-ups01k24-r-1000va-900w\/"},"modified":"2026-04-21T06:36:37","modified_gmt":"2026-04-21T09:36:37","slug":"ups-estabilizador-hikvision-ds-ups01k24-r-1000va-900w","status":"publish","type":"product","link":"https:\/\/rms-enlinea.com.ar\/tienda\/producto\/ups-estabilizador-hikvision-ds-ups01k24-r-1000va-900w\/","title":{"rendered":"Ups Estabilizador Hikvision Ds-ups01k24-r 1000va 900w"},"content":{"rendered":"<p>El UPS Estabilizador Hikvision DS-UPS01K24-R es la soluci\u00f3n ideal para proteger tus dispositivos electr\u00f3nicos de cortes de energ\u00eda y fluctuaciones de voltaje. Con una potencia de 1000 VA y 900 W, este estabilizador garantiza un suministro constante de energ\u00eda, asegurando el funcionamiento ininterrumpido de tus equipos m\u00e1s cr\u00edticos.<\/p>\n<p>Dise\u00f1ado para un voltaje de entrada y salida de 220V, este modelo es perfecto para entornos dom\u00e9sticos y de oficina. Su bater\u00eda de plomo \u00e1cido proporciona una durabilidad y fiabilidad excepcionales, permitiendo que tus dispositivos sigan operando incluso en situaciones de emergencia.<\/p>\n<p>El rango de voltaje de entrada de 220V asegura que el DS-UPS01K24-R se adapte a diversas condiciones el\u00e9ctricas, protegiendo tus equipos de sobrecargas y picos de tensi\u00f3n. Con un dise\u00f1o compacto y eficiente, este estabilizador es f\u00e1cil de integrar en cualquier espacio, manteniendo tus dispositivos seguros y funcionando sin interrupciones.<\/p>\n<p>Optar por el UPS Estabilizador Hikvision es una decisi\u00f3n inteligente para quienes buscan calidad y rendimiento. Aumenta la vida \u00fatil de tus equipos y mejora tu experiencia tecnol\u00f3gica con este producto confiable y eficaz.<\/p>\n","protected":false},"excerpt":{"rendered":"<p>El UPS Estabilizador Hikvision DS-UPS01K24-R es la soluci\u00f3n ideal para proteger tus dispositivos electr\u00f3nicos de cortes de energ\u00eda y fluctuaciones de voltaje. Con una potencia de 1000 VA y 900 W, este estabilizador garantiza un suministro constante de energ\u00eda, asegurando el funcionamiento ininterrumpido de tus equipos m\u00e1s cr\u00edticos. Dise\u00f1ado para un voltaje de entrada y [&hellip;]<\/p>\n","protected":false},"featured_media":61685,"comment_status":"open","ping_status":"closed","template":"","meta":{"_uag_custom_page_level_css":""},"product_brand":[473],"product_cat":[107,15],"product_tag":[],"class_list":{"0":"post-61684","1":"product","2":"type-product","3":"status-publish","4":"has-post-thumbnail","6":"product_brand-hikvision","7":"product_cat-estabilizadores-y-ups","8":"product_cat-sin-categorizar","10":"first","11":"outofstock","12":"sale","13":"taxable","14":"shipping-taxable","15":"purchasable","16":"product-type-simple"},"uagb_featured_image_src":{"full":["https:\/\/rms-enlinea.com.ar\/wp-content\/uploads\/2026\/02\/D_650480-MLA107804264881_022026-F.jpg",664,805,false],"thumbnail":["https:\/\/rms-enlinea.com.ar\/wp-content\/uploads\/2026\/02\/D_650480-MLA107804264881_022026-F-150x150.jpg",150,150,true],"medium":["https:\/\/rms-enlinea.com.ar\/wp-content\/uploads\/2026\/02\/D_650480-MLA107804264881_022026-F-247x300.jpg",247,300,true],"medium_large":["https:\/\/rms-enlinea.com.ar\/wp-content\/uploads\/2026\/02\/D_650480-MLA107804264881_022026-F.jpg",664,805,false],"large":["https:\/\/rms-enlinea.com.ar\/wp-content\/uploads\/2026\/02\/D_650480-MLA107804264881_022026-F.jpg",664,805,false],"1536x1536":["https:\/\/rms-enlinea.com.ar\/wp-content\/uploads\/2026\/02\/D_650480-MLA107804264881_022026-F.jpg",664,805,false],"2048x2048":["https:\/\/rms-enlinea.com.ar\/wp-content\/uploads\/2026\/02\/D_650480-MLA107804264881_022026-F.jpg",664,805,false],"woocommerce_thumbnail":["https:\/\/rms-enlinea.com.ar\/wp-content\/uploads\/2026\/02\/D_650480-MLA107804264881_022026-F-450x450.jpg",450,450,true],"woocommerce_single":["https:\/\/rms-enlinea.com.ar\/wp-content\/uploads\/2026\/02\/D_650480-MLA107804264881_022026-F-600x727.jpg",600,727,true],"woocommerce_gallery_thumbnail":["https:\/\/rms-enlinea.com.ar\/wp-content\/uploads\/2026\/02\/D_650480-MLA107804264881_022026-F-100x100.jpg",100,100,true]},"uagb_author_info":{"display_name":"nelson","author_link":"https:\/\/rms-enlinea.com.ar\/tienda\/author\/"},"uagb_comment_info":0,"uagb_excerpt":"El UPS Estabilizador Hikvision DS-UPS01K24-R es la soluci\u00f3n ideal para proteger tus dispositivos electr\u00f3nicos de cortes de energ\u00eda y fluctuaciones de voltaje. Con una potencia de 1000 VA y 900 W, este estabilizador garantiza un suministro constante de energ\u00eda, asegurando el funcionamiento ininterrumpido de tus equipos m\u00e1s cr\u00edticos. Dise\u00f1ado para un voltaje de entrada y&hellip;","_links":{"self":[{"href":"https:\/\/rms-enlinea.com.ar\/tienda\/wp-json\/wp\/v2\/product\/61684","targetHints":{"allow":["GET"]}}],"collection":[{"href":"https:\/\/rms-enlinea.com.ar\/tienda\/wp-json\/wp\/v2\/product"}],"about":[{"href":"https:\/\/rms-enlinea.com.ar\/tienda\/wp-json\/wp\/v2\/types\/product"}],"replies":[{"embeddable":true,"href":"https:\/\/rms-enlinea.com.ar\/tienda\/wp-json\/wp\/v2\/comments?post=61684"}],"wp:featuredmedia":[{"embeddable":true,"href":"https:\/\/rms-enlinea.com.ar\/tienda\/wp-json\/wp\/v2\/media\/61685"}],"wp:attachment":[{"href":"https:\/\/rms-enlinea.com.ar\/tienda\/wp-json\/wp\/v2\/media?parent=61684"}],"wp:term":[{"taxonomy":"product_brand","embeddable":true,"href":"https:\/\/rms-enlinea.com.ar\/tienda\/wp-json\/wp\/v2\/product_brand?post=61684"},{"taxonomy":"product_cat","embeddable":true,"href":"https:\/\/rms-enlinea.com.ar\/tienda\/wp-json\/wp\/v2\/product_cat?post=61684"},{"taxonomy":"product_tag","embeddable":true,"href":"https:\/\/rms-enlinea.com.ar\/tienda\/wp-json\/wp\/v2\/product_tag?post=61684"}],"curies":[{"name":"wp","href":"https:\/\/api.w.org\/{rel}","templated":true}]}}