{"id":61686,"date":"2026-02-27T16:10:13","date_gmt":"2026-02-27T19:10:13","guid":{"rendered":"https:\/\/rms-enlinea.com.ar\/tienda\/producto\/tp-link-tapo-t315-monitor-sensor-de-temperatura-y-humedad-con-pantalla-blanco\/"},"modified":"2026-04-21T03:44:48","modified_gmt":"2026-04-21T06:44:48","slug":"tp-link-tapo-t315-monitor-sensor-de-temperatura-y-humedad-con-pantalla-blanco","status":"publish","type":"product","link":"https:\/\/rms-enlinea.com.ar\/tienda\/producto\/tp-link-tapo-t315-monitor-sensor-de-temperatura-y-humedad-con-pantalla-blanco\/","title":{"rendered":"Tp-link Tapo T315 Monitor Sensor De Temperatura Y Humedad Con Pantalla Blanco"},"content":{"rendered":"<p>REQUIERE TAPO HUB, NO INCLUIDO<\/p>\n<p>Monitor inteligente de temperatura y humedad<br \/>\nVer todode un vistazo | Tapo T315<\/p>\n<p>\u00bfEst\u00e1s buscando salir de tu casa o dormir con tranquilidad sin preocuparte por tu seguridad y la de quienes m\u00e1s quer\u00e9s? Cada casa es diferente y requiere soluciones espec\u00edficas para evitar robos y otras amenazas. Eleg\u00ed un dispositivo que se adapte a lo que necesit\u00e1s.<\/p>\n<p>Monitor inteligente de temperatura y humedad<br \/>\nVer todo<br \/>\nde un vistazo<\/p>\n","protected":false},"excerpt":{"rendered":"<p>REQUIERE TAPO HUB, NO INCLUIDO Monitor inteligente de temperatura y humedad Ver todode un vistazo | Tapo T315 \u00bfEst\u00e1s buscando salir de tu casa o dormir con tranquilidad sin preocuparte por tu seguridad y la de quienes m\u00e1s quer\u00e9s? Cada casa es diferente y requiere soluciones espec\u00edficas para evitar robos y otras amenazas. Eleg\u00ed un [&hellip;]<\/p>\n","protected":false},"featured_media":61687,"comment_status":"open","ping_status":"closed","template":"","meta":{"_uag_custom_page_level_css":""},"product_brand":[546],"product_cat":[462,15],"product_tag":[],"class_list":{"0":"post-61686","1":"product","2":"type-product","3":"status-publish","4":"has-post-thumbnail","6":"product_brand-tplink","7":"product_cat-hogar-inteligente","8":"product_cat-sin-categorizar","10":"first","11":"outofstock","12":"sale","13":"taxable","14":"shipping-taxable","15":"purchasable","16":"product-type-simple"},"uagb_featured_image_src":{"full":["https:\/\/rms-enlinea.com.ar\/wp-content\/uploads\/2026\/02\/D_973734-MLA99448675426_112025-F.jpg",657,822,false],"thumbnail":["https:\/\/rms-enlinea.com.ar\/wp-content\/uploads\/2026\/02\/D_973734-MLA99448675426_112025-F-150x150.jpg",150,150,true],"medium":["https:\/\/rms-enlinea.com.ar\/wp-content\/uploads\/2026\/02\/D_973734-MLA99448675426_112025-F-240x300.jpg",240,300,true],"medium_large":["https:\/\/rms-enlinea.com.ar\/wp-content\/uploads\/2026\/02\/D_973734-MLA99448675426_112025-F.jpg",657,822,false],"large":["https:\/\/rms-enlinea.com.ar\/wp-content\/uploads\/2026\/02\/D_973734-MLA99448675426_112025-F.jpg",657,822,false],"1536x1536":["https:\/\/rms-enlinea.com.ar\/wp-content\/uploads\/2026\/02\/D_973734-MLA99448675426_112025-F.jpg",657,822,false],"2048x2048":["https:\/\/rms-enlinea.com.ar\/wp-content\/uploads\/2026\/02\/D_973734-MLA99448675426_112025-F.jpg",657,822,false],"woocommerce_thumbnail":["https:\/\/rms-enlinea.com.ar\/wp-content\/uploads\/2026\/02\/D_973734-MLA99448675426_112025-F-450x450.jpg",450,450,true],"woocommerce_single":["https:\/\/rms-enlinea.com.ar\/wp-content\/uploads\/2026\/02\/D_973734-MLA99448675426_112025-F-600x751.jpg",600,751,true],"woocommerce_gallery_thumbnail":["https:\/\/rms-enlinea.com.ar\/wp-content\/uploads\/2026\/02\/D_973734-MLA99448675426_112025-F-100x100.jpg",100,100,true]},"uagb_author_info":{"display_name":"nelson","author_link":"https:\/\/rms-enlinea.com.ar\/tienda\/author\/"},"uagb_comment_info":0,"uagb_excerpt":"REQUIERE TAPO HUB, NO INCLUIDO Monitor inteligente de temperatura y humedad Ver todode un vistazo | Tapo T315 \u00bfEst\u00e1s buscando salir de tu casa o dormir con tranquilidad sin preocuparte por tu seguridad y la de quienes m\u00e1s quer\u00e9s? Cada casa es diferente y requiere soluciones espec\u00edficas para evitar robos y otras amenazas. Eleg\u00ed un&hellip;","_links":{"self":[{"href":"https:\/\/rms-enlinea.com.ar\/tienda\/wp-json\/wp\/v2\/product\/61686","targetHints":{"allow":["GET"]}}],"collection":[{"href":"https:\/\/rms-enlinea.com.ar\/tienda\/wp-json\/wp\/v2\/product"}],"about":[{"href":"https:\/\/rms-enlinea.com.ar\/tienda\/wp-json\/wp\/v2\/types\/product"}],"replies":[{"embeddable":true,"href":"https:\/\/rms-enlinea.com.ar\/tienda\/wp-json\/wp\/v2\/comments?post=61686"}],"wp:featuredmedia":[{"embeddable":true,"href":"https:\/\/rms-enlinea.com.ar\/tienda\/wp-json\/wp\/v2\/media\/61687"}],"wp:attachment":[{"href":"https:\/\/rms-enlinea.com.ar\/tienda\/wp-json\/wp\/v2\/media?parent=61686"}],"wp:term":[{"taxonomy":"product_brand","embeddable":true,"href":"https:\/\/rms-enlinea.com.ar\/tienda\/wp-json\/wp\/v2\/product_brand?post=61686"},{"taxonomy":"product_cat","embeddable":true,"href":"https:\/\/rms-enlinea.com.ar\/tienda\/wp-json\/wp\/v2\/product_cat?post=61686"},{"taxonomy":"product_tag","embeddable":true,"href":"https:\/\/rms-enlinea.com.ar\/tienda\/wp-json\/wp\/v2\/product_tag?post=61686"}],"curies":[{"name":"wp","href":"https:\/\/api.w.org\/{rel}","templated":true}]}}