{"id":61722,"date":"2026-02-27T18:10:39","date_gmt":"2026-02-27T21:10:39","guid":{"rendered":"https:\/\/rms-enlinea.com.ar\/tienda\/producto\/water-cooler-corsair-icue-link-titan-240-rx-lcd-2x-240mm\/"},"modified":"2026-03-31T20:25:52","modified_gmt":"2026-03-31T23:25:52","slug":"water-cooler-corsair-icue-link-titan-240-rx-lcd-2x-240mm","status":"publish","type":"product","link":"https:\/\/rms-enlinea.com.ar\/tienda\/producto\/water-cooler-corsair-icue-link-titan-240-rx-lcd-2x-240mm\/","title":{"rendered":"Enfriamiento L\u00edquido Corsair Icue Linktitan 240 Rx Lcd Negro Led Argb"},"content":{"rendered":"<p>El Cooler l\u00edquido AIO Corsair iCUE Link Titan 240 RX LCD es la soluci\u00f3n ideal para quienes buscan un rendimiento excepcional en refrigeraci\u00f3n. Con un TDP de 280 W, este sistema de refrigeraci\u00f3n por agua asegura que tu CPU se mantenga en temperaturas \u00f3ptimas, incluso durante las sesiones de juego m\u00e1s intensas. Su dise\u00f1o de radiador de 240 mm permite una instalaci\u00f3n eficiente en la mayor\u00eda de las configuraciones de PC.<\/p>\n<p>La iluminaci\u00f3n RGB ARGB a\u00f1ade un toque est\u00e9tico a tu equipo, permitiendo personalizar el ambiente de tu espacio de trabajo o juego. Con una velocidad de 2400 rpm y un caudal de aire de 75 CFM, este cooler no solo es eficiente, sino que tambi\u00e9n opera a un nivel de ruido de solo 25 dB, garantizando un funcionamiento silencioso.<\/p>\n<p>Compatible con sockets Intel LGA 115x, 1200, 1700 y AMD AM4, AM5, este modelo se adapta a diversas configuraciones de hardware. Incluye todos los accesorios necesarios, como soportes para sockets, cables de conexi\u00f3n y un controlador iCUE, facilitando su integraci\u00f3n en tu sistema.<\/p>\n<p>Con un peso de 1.2 kg y dimensiones compactas, el Corsair iCUE Link Titan es f\u00e1cil de manejar y se adapta a diferentes espacios. Su pasta t\u00e9rmica incluida asegura un contacto \u00f3ptimo entre el cooler y la CPU, mejorando la transferencia de calor. Este producto es una opci\u00f3n confiable y de alto rendimiento para entusiastas de la inform\u00e1tica y gamers que buscan maximizar la eficiencia de su sistema.<\/p>\n","protected":false},"excerpt":{"rendered":"<p>El Cooler l\u00edquido AIO Corsair iCUE Link Titan 240 RX LCD es la soluci\u00f3n ideal para quienes buscan un rendimiento excepcional en refrigeraci\u00f3n. Con un TDP de 280 W, este sistema de refrigeraci\u00f3n por agua asegura que tu CPU se mantenga en temperaturas \u00f3ptimas, incluso durante las sesiones de juego m\u00e1s intensas. Su dise\u00f1o de [&hellip;]<\/p>\n","protected":false},"featured_media":61723,"comment_status":"open","ping_status":"closed","template":"","meta":{"_uag_custom_page_level_css":""},"product_brand":[555],"product_cat":[105,15],"product_tag":[],"class_list":{"0":"post-61722","1":"product","2":"type-product","3":"status-publish","4":"has-post-thumbnail","6":"product_brand-corsair","7":"product_cat-cooler-y-sistemas-de-refrigeracion","8":"product_cat-sin-categorizar","10":"first","11":"outofstock","12":"sale","13":"taxable","14":"shipping-taxable","15":"purchasable","16":"product-type-simple"},"uagb_featured_image_src":{"full":["https:\/\/rms-enlinea.com.ar\/wp-content\/uploads\/2026\/02\/D_988879-MLA99525913066_122025-F.jpg",929,836,false],"thumbnail":["https:\/\/rms-enlinea.com.ar\/wp-content\/uploads\/2026\/02\/D_988879-MLA99525913066_122025-F-150x150.jpg",150,150,true],"medium":["https:\/\/rms-enlinea.com.ar\/wp-content\/uploads\/2026\/02\/D_988879-MLA99525913066_122025-F-300x270.jpg",300,270,true],"medium_large":["https:\/\/rms-enlinea.com.ar\/wp-content\/uploads\/2026\/02\/D_988879-MLA99525913066_122025-F-768x691.jpg",768,691,true],"large":["https:\/\/rms-enlinea.com.ar\/wp-content\/uploads\/2026\/02\/D_988879-MLA99525913066_122025-F.jpg",929,836,false],"1536x1536":["https:\/\/rms-enlinea.com.ar\/wp-content\/uploads\/2026\/02\/D_988879-MLA99525913066_122025-F.jpg",929,836,false],"2048x2048":["https:\/\/rms-enlinea.com.ar\/wp-content\/uploads\/2026\/02\/D_988879-MLA99525913066_122025-F.jpg",929,836,false],"woocommerce_thumbnail":["https:\/\/rms-enlinea.com.ar\/wp-content\/uploads\/2026\/02\/D_988879-MLA99525913066_122025-F-450x450.jpg",450,450,true],"woocommerce_single":["https:\/\/rms-enlinea.com.ar\/wp-content\/uploads\/2026\/02\/D_988879-MLA99525913066_122025-F-600x540.jpg",600,540,true],"woocommerce_gallery_thumbnail":["https:\/\/rms-enlinea.com.ar\/wp-content\/uploads\/2026\/02\/D_988879-MLA99525913066_122025-F-100x100.jpg",100,100,true]},"uagb_author_info":{"display_name":"nelson","author_link":"https:\/\/rms-enlinea.com.ar\/tienda\/author\/"},"uagb_comment_info":0,"uagb_excerpt":"El Cooler l\u00edquido AIO Corsair iCUE Link Titan 240 RX LCD es la soluci\u00f3n ideal para quienes buscan un rendimiento excepcional en refrigeraci\u00f3n. Con un TDP de 280 W, este sistema de refrigeraci\u00f3n por agua asegura que tu CPU se mantenga en temperaturas \u00f3ptimas, incluso durante las sesiones de juego m\u00e1s intensas. Su dise\u00f1o de&hellip;","_links":{"self":[{"href":"https:\/\/rms-enlinea.com.ar\/tienda\/wp-json\/wp\/v2\/product\/61722","targetHints":{"allow":["GET"]}}],"collection":[{"href":"https:\/\/rms-enlinea.com.ar\/tienda\/wp-json\/wp\/v2\/product"}],"about":[{"href":"https:\/\/rms-enlinea.com.ar\/tienda\/wp-json\/wp\/v2\/types\/product"}],"replies":[{"embeddable":true,"href":"https:\/\/rms-enlinea.com.ar\/tienda\/wp-json\/wp\/v2\/comments?post=61722"}],"wp:featuredmedia":[{"embeddable":true,"href":"https:\/\/rms-enlinea.com.ar\/tienda\/wp-json\/wp\/v2\/media\/61723"}],"wp:attachment":[{"href":"https:\/\/rms-enlinea.com.ar\/tienda\/wp-json\/wp\/v2\/media?parent=61722"}],"wp:term":[{"taxonomy":"product_brand","embeddable":true,"href":"https:\/\/rms-enlinea.com.ar\/tienda\/wp-json\/wp\/v2\/product_brand?post=61722"},{"taxonomy":"product_cat","embeddable":true,"href":"https:\/\/rms-enlinea.com.ar\/tienda\/wp-json\/wp\/v2\/product_cat?post=61722"},{"taxonomy":"product_tag","embeddable":true,"href":"https:\/\/rms-enlinea.com.ar\/tienda\/wp-json\/wp\/v2\/product_tag?post=61722"}],"curies":[{"name":"wp","href":"https:\/\/api.w.org\/{rel}","templated":true}]}}