{"id":61751,"date":"2026-02-27T21:32:06","date_gmt":"2026-02-28T00:32:06","guid":{"rendered":"https:\/\/rms-enlinea.com.ar\/tienda\/producto\/memoria-kingston-beast-rgb-de-16-gb-3200-mhz-kf432c16bb12a-16\/"},"modified":"2026-05-04T10:25:58","modified_gmt":"2026-05-04T13:25:58","slug":"memoria-kingston-beast-rgb-de-16-gb-3200-mhz-kf432c16bb12a-16","status":"publish","type":"product","link":"https:\/\/rms-enlinea.com.ar\/tienda\/producto\/memoria-kingston-beast-rgb-de-16-gb-3200-mhz-kf432c16bb12a-16\/","title":{"rendered":"Memoria Ram Pc 16gb 3200mhz Kingston Fury Beast Rgb"},"content":{"rendered":"<p>Caracter\u00edsticas <br \/> &#8211; Marca: Kingston <br \/> &#8211; Modelo: KF432C16BB12A\/16 <\/p>\n<p> Highlights <br \/> &#8211; Disipador t\u00e9rmico <br \/> &#8211; Incre\u00edble iluminaci\u00f3n RGB <br \/> &#8211; Visual gamer <br \/> &#8211; Actualizaci\u00f3n de alto rendimiento <br \/> &#8211; Preparado para Intel XMP <br \/> &#8211; Listo para AMD Ryzen <\/p>\n<p> General <br \/> &#8211; Capacidad: 8 GB <br \/> &#8211; Tipo: DDR4 <br \/> &#8211; Velocidad: 3200 MHz <br \/> &#8211; Pin: DIMM <br \/> de 288 pines &#8211; Latencias: 16-18-18 <br \/> &#8211; Voltaje: 1,35 V <\/p>\n<p> Par\u00e1metros de temporizaci\u00f3n de f\u00e1brica DNT_GHIECFGKCGCPKefdodigaifoaoiliKCP &#8211; Est\u00e1ndar ( JEDEC): DDR4-2400 CL17-17-17 @ 1,2 V <br \/> &#8211; Perfil XMP 1: DDR4-3200 CL16-18-18 @ 1,35 V <br \/> &#8211; Perfil XMP 2: DDR4-3000 CL15-17-17 @ 1,35 V <\/p>\n<p> Medio ambiente <br \/> &#8211; Temperatura de funcionamiento: de 0 a 70 grados cent\u00edgrados <\/p>\n<p> Dimensiones DNT_EAIIKpieAJBFKEJebogidlPHGBEKAOAP &#8211; 133,35 x 43,5 0 x 8,2 mm DNT_HBGKLPadagankKHLBFMJngIGLLKLHAJF <br \/> Contenido del paquete <br \/> &#8211; 1x Kingston Fury Beast RGB 16 GB 3200 MHz <\/p>\n<p> ** Comprueba la compatibilidad de tu placa base y procesador con este modelo de memoria antes de realizar la compra para evitar incompatibilidades.<\/p>\n","protected":false},"excerpt":{"rendered":"<p>Caracter\u00edsticas &#8211; Marca: Kingston &#8211; Modelo: KF432C16BB12A\/16 Highlights &#8211; Disipador t\u00e9rmico &#8211; Incre\u00edble iluminaci\u00f3n RGB &#8211; Visual gamer &#8211; Actualizaci\u00f3n de alto rendimiento &#8211; Preparado para Intel XMP &#8211; Listo para AMD Ryzen General &#8211; Capacidad: 8 GB &#8211; Tipo: DDR4 &#8211; Velocidad: 3200 MHz &#8211; Pin: DIMM de 288 pines &#8211; Latencias: 16-18-18 &#8211; [&hellip;]<\/p>\n","protected":false},"featured_media":61752,"comment_status":"open","ping_status":"closed","template":"","meta":{"_uag_custom_page_level_css":""},"product_brand":[556],"product_cat":[112,15],"product_tag":[],"class_list":{"0":"post-61751","1":"product","2":"type-product","3":"status-publish","4":"has-post-thumbnail","6":"product_brand-kingston","7":"product_cat-mamorias","8":"product_cat-sin-categorizar","10":"first","11":"outofstock","12":"sale","13":"taxable","14":"shipping-taxable","15":"purchasable","16":"product-type-simple"},"uagb_featured_image_src":{"full":["https:\/\/rms-enlinea.com.ar\/wp-content\/uploads\/2026\/02\/D_803672-MLA99954160033_112025-F.jpg",1200,712,false],"thumbnail":["https:\/\/rms-enlinea.com.ar\/wp-content\/uploads\/2026\/02\/D_803672-MLA99954160033_112025-F-150x150.jpg",150,150,true],"medium":["https:\/\/rms-enlinea.com.ar\/wp-content\/uploads\/2026\/02\/D_803672-MLA99954160033_112025-F-300x178.jpg",300,178,true],"medium_large":["https:\/\/rms-enlinea.com.ar\/wp-content\/uploads\/2026\/02\/D_803672-MLA99954160033_112025-F-768x456.jpg",768,456,true],"large":["https:\/\/rms-enlinea.com.ar\/wp-content\/uploads\/2026\/02\/D_803672-MLA99954160033_112025-F-1024x608.jpg",1024,608,true],"1536x1536":["https:\/\/rms-enlinea.com.ar\/wp-content\/uploads\/2026\/02\/D_803672-MLA99954160033_112025-F.jpg",1200,712,false],"2048x2048":["https:\/\/rms-enlinea.com.ar\/wp-content\/uploads\/2026\/02\/D_803672-MLA99954160033_112025-F.jpg",1200,712,false],"woocommerce_thumbnail":["https:\/\/rms-enlinea.com.ar\/wp-content\/uploads\/2026\/02\/D_803672-MLA99954160033_112025-F-450x450.jpg",450,450,true],"woocommerce_single":["https:\/\/rms-enlinea.com.ar\/wp-content\/uploads\/2026\/02\/D_803672-MLA99954160033_112025-F-600x356.jpg",600,356,true],"woocommerce_gallery_thumbnail":["https:\/\/rms-enlinea.com.ar\/wp-content\/uploads\/2026\/02\/D_803672-MLA99954160033_112025-F-100x100.jpg",100,100,true]},"uagb_author_info":{"display_name":"nelson","author_link":"https:\/\/rms-enlinea.com.ar\/tienda\/author\/"},"uagb_comment_info":0,"uagb_excerpt":"Caracter\u00edsticas &#8211; Marca: Kingston &#8211; Modelo: KF432C16BB12A\/16 Highlights &#8211; Disipador t\u00e9rmico &#8211; Incre\u00edble iluminaci\u00f3n RGB &#8211; Visual gamer &#8211; Actualizaci\u00f3n de alto rendimiento &#8211; Preparado para Intel XMP &#8211; Listo para AMD Ryzen General &#8211; Capacidad: 8 GB &#8211; Tipo: DDR4 &#8211; Velocidad: 3200 MHz &#8211; Pin: DIMM de 288 pines &#8211; Latencias: 16-18-18 &#8211;&hellip;","_links":{"self":[{"href":"https:\/\/rms-enlinea.com.ar\/tienda\/wp-json\/wp\/v2\/product\/61751","targetHints":{"allow":["GET"]}}],"collection":[{"href":"https:\/\/rms-enlinea.com.ar\/tienda\/wp-json\/wp\/v2\/product"}],"about":[{"href":"https:\/\/rms-enlinea.com.ar\/tienda\/wp-json\/wp\/v2\/types\/product"}],"replies":[{"embeddable":true,"href":"https:\/\/rms-enlinea.com.ar\/tienda\/wp-json\/wp\/v2\/comments?post=61751"}],"wp:featuredmedia":[{"embeddable":true,"href":"https:\/\/rms-enlinea.com.ar\/tienda\/wp-json\/wp\/v2\/media\/61752"}],"wp:attachment":[{"href":"https:\/\/rms-enlinea.com.ar\/tienda\/wp-json\/wp\/v2\/media?parent=61751"}],"wp:term":[{"taxonomy":"product_brand","embeddable":true,"href":"https:\/\/rms-enlinea.com.ar\/tienda\/wp-json\/wp\/v2\/product_brand?post=61751"},{"taxonomy":"product_cat","embeddable":true,"href":"https:\/\/rms-enlinea.com.ar\/tienda\/wp-json\/wp\/v2\/product_cat?post=61751"},{"taxonomy":"product_tag","embeddable":true,"href":"https:\/\/rms-enlinea.com.ar\/tienda\/wp-json\/wp\/v2\/product_tag?post=61751"}],"curies":[{"name":"wp","href":"https:\/\/api.w.org\/{rel}","templated":true}]}}