{"id":61775,"date":"2026-03-01T14:20:20","date_gmt":"2026-03-01T17:20:20","guid":{"rendered":"https:\/\/rms-enlinea.com.ar\/tienda\/producto\/volante-genius-speedmaster-gx-gaming-ps4-ps3-pc-negro-rojo\/"},"modified":"2026-04-21T06:01:02","modified_gmt":"2026-04-21T09:01:02","slug":"volante-genius-speedmaster-gx-gaming-ps4-ps3-pc-negro-rojo","status":"publish","type":"product","link":"https:\/\/rms-enlinea.com.ar\/tienda\/producto\/volante-genius-speedmaster-gx-gaming-ps4-ps3-pc-negro-rojo\/","title":{"rendered":"Volante Y Pedalera Genius Gx Speedmaster Pc Ps3 Ps4"},"content":{"rendered":"<p>Volante Genius SpeedMaster Gx Gaming Negro\/Rojo<\/p>\n<p>El volante SpeedMaster ofrece un \u00e1ngulo de rotaci\u00f3n de hasta 270\u00b0, que se adapta a tus h\u00e1bitos de conducci\u00f3n y proporciona as\u00ed una experiencia de carrera fiel. Cuenta con una palanca de cambios secuencial, un motor de doble vibraci\u00f3n, dos pedales y 13 botones de acci\u00f3n. Por supuesto, hay abrazaderas para fijar a la mesa.<\/p>\n<p>ESPECIFICACIONES B\u00c1SICAS<\/p>\n<p>Interfaz: USB<br \/>\n\u00c1ngulo de rotaci\u00f3n: 270\u00b0<br \/>\nN\u00famero de pedales: 2<br \/>\nPalanca de cambios: secuencial<br \/>\nCompatibilidad: PC, PS3, PS4<\/p>\n","protected":false},"excerpt":{"rendered":"<p>Volante Genius SpeedMaster Gx Gaming Negro\/Rojo El volante SpeedMaster ofrece un \u00e1ngulo de rotaci\u00f3n de hasta 270\u00b0, que se adapta a tus h\u00e1bitos de conducci\u00f3n y proporciona as\u00ed una experiencia de carrera fiel. Cuenta con una palanca de cambios secuencial, un motor de doble vibraci\u00f3n, dos pedales y 13 botones de acci\u00f3n. Por supuesto, hay [&hellip;]<\/p>\n","protected":false},"featured_media":61776,"comment_status":"open","ping_status":"closed","template":"","meta":{"_uag_custom_page_level_css":""},"product_brand":[550],"product_cat":[111,15],"product_tag":[],"class_list":{"0":"post-61775","1":"product","2":"type-product","3":"status-publish","4":"has-post-thumbnail","6":"product_brand-genius","7":"product_cat-joystick","8":"product_cat-sin-categorizar","10":"first","11":"outofstock","12":"sale","13":"taxable","14":"shipping-taxable","15":"purchasable","16":"product-type-simple"},"uagb_featured_image_src":{"full":["https:\/\/rms-enlinea.com.ar\/wp-content\/uploads\/2026\/03\/D_706036-MLA99504085740_112025-F.jpg",1005,1200,false],"thumbnail":["https:\/\/rms-enlinea.com.ar\/wp-content\/uploads\/2026\/03\/D_706036-MLA99504085740_112025-F-150x150.jpg",150,150,true],"medium":["https:\/\/rms-enlinea.com.ar\/wp-content\/uploads\/2026\/03\/D_706036-MLA99504085740_112025-F-251x300.jpg",251,300,true],"medium_large":["https:\/\/rms-enlinea.com.ar\/wp-content\/uploads\/2026\/03\/D_706036-MLA99504085740_112025-F-768x917.jpg",768,917,true],"large":["https:\/\/rms-enlinea.com.ar\/wp-content\/uploads\/2026\/03\/D_706036-MLA99504085740_112025-F-858x1024.jpg",858,1024,true],"1536x1536":["https:\/\/rms-enlinea.com.ar\/wp-content\/uploads\/2026\/03\/D_706036-MLA99504085740_112025-F.jpg",1005,1200,false],"2048x2048":["https:\/\/rms-enlinea.com.ar\/wp-content\/uploads\/2026\/03\/D_706036-MLA99504085740_112025-F.jpg",1005,1200,false],"woocommerce_thumbnail":["https:\/\/rms-enlinea.com.ar\/wp-content\/uploads\/2026\/03\/D_706036-MLA99504085740_112025-F-450x450.jpg",450,450,true],"woocommerce_single":["https:\/\/rms-enlinea.com.ar\/wp-content\/uploads\/2026\/03\/D_706036-MLA99504085740_112025-F-600x716.jpg",600,716,true],"woocommerce_gallery_thumbnail":["https:\/\/rms-enlinea.com.ar\/wp-content\/uploads\/2026\/03\/D_706036-MLA99504085740_112025-F-100x100.jpg",100,100,true]},"uagb_author_info":{"display_name":"nelson","author_link":"https:\/\/rms-enlinea.com.ar\/tienda\/author\/"},"uagb_comment_info":0,"uagb_excerpt":"Volante Genius SpeedMaster Gx Gaming Negro\/Rojo El volante SpeedMaster ofrece un \u00e1ngulo de rotaci\u00f3n de hasta 270\u00b0, que se adapta a tus h\u00e1bitos de conducci\u00f3n y proporciona as\u00ed una experiencia de carrera fiel. Cuenta con una palanca de cambios secuencial, un motor de doble vibraci\u00f3n, dos pedales y 13 botones de acci\u00f3n. Por supuesto, hay&hellip;","_links":{"self":[{"href":"https:\/\/rms-enlinea.com.ar\/tienda\/wp-json\/wp\/v2\/product\/61775","targetHints":{"allow":["GET"]}}],"collection":[{"href":"https:\/\/rms-enlinea.com.ar\/tienda\/wp-json\/wp\/v2\/product"}],"about":[{"href":"https:\/\/rms-enlinea.com.ar\/tienda\/wp-json\/wp\/v2\/types\/product"}],"replies":[{"embeddable":true,"href":"https:\/\/rms-enlinea.com.ar\/tienda\/wp-json\/wp\/v2\/comments?post=61775"}],"wp:featuredmedia":[{"embeddable":true,"href":"https:\/\/rms-enlinea.com.ar\/tienda\/wp-json\/wp\/v2\/media\/61776"}],"wp:attachment":[{"href":"https:\/\/rms-enlinea.com.ar\/tienda\/wp-json\/wp\/v2\/media?parent=61775"}],"wp:term":[{"taxonomy":"product_brand","embeddable":true,"href":"https:\/\/rms-enlinea.com.ar\/tienda\/wp-json\/wp\/v2\/product_brand?post=61775"},{"taxonomy":"product_cat","embeddable":true,"href":"https:\/\/rms-enlinea.com.ar\/tienda\/wp-json\/wp\/v2\/product_cat?post=61775"},{"taxonomy":"product_tag","embeddable":true,"href":"https:\/\/rms-enlinea.com.ar\/tienda\/wp-json\/wp\/v2\/product_tag?post=61775"}],"curies":[{"name":"wp","href":"https:\/\/api.w.org\/{rel}","templated":true}]}}